{"id":3403,"date":"2020-11-04T20:16:50","date_gmt":"2020-11-04T19:16:50","guid":{"rendered":"http:\/\/blogs.smbosque.es\/raullopez\/?page_id=3403"},"modified":"2020-12-14T20:01:14","modified_gmt":"2020-12-14T19:01:14","slug":"unidad-3-la-division","status":"publish","type":"page","link":"https:\/\/blogs.smbosque.es\/raullopez\/4o-e-p\/mates\/unidad-3-la-division\/","title":{"rendered":"Unidad 3 &#8211; La divisi\u00f3n"},"content":{"rendered":"\n<p><strong>DIVISI\u00d3N EXACTA Y DIVISI\u00d3N ENTERA<\/strong><\/p>\n\n\n\n<figure class=\"wp-block-image size-large is-resized\"><img loading=\"lazy\" decoding=\"async\" src=\"https:\/\/blogs.smbosque.es\/raullopez\/files\/2020\/11\/image.jpeg\" alt=\"Blog de Cuarto del CEIP Alfonso X el Sabio de Arcos de la Frontera: U 6  Matem\u00e1ticas Divisi\u00f3n exacta y divisi\u00f3n entera.\" class=\"wp-image-3405\" width=\"534\" height=\"311\" \/><\/figure>\n\n\n\n<figure class=\"wp-block-image\"><img decoding=\"async\" src=\"https:\/\/3.bp.blogspot.com\/-wuhFYsdCyJY\/XaOaD0gUJkI\/AAAAAAAAI2M\/labXGkWh_TQYjQnU-yu5NkxK7sSKZ5HtwCLcBGAsYHQ\/s640\/Divisi%25C3%25B3n%2Bentera%2Bo%2Bexacta.jpg\" alt=\"\" \/><\/figure>\n\n\n\n<figure class=\"wp-block-embed-youtube wp-block-embed is-type-video is-provider-youtube wp-embed-aspect-16-9 wp-has-aspect-ratio\"><div class=\"wp-block-embed__wrapper\">\n<iframe loading=\"lazy\" title=\"Divisi\u00f3n exacta e inexacta- \u00bfQu\u00e9 significa que el residuo sea cero o diferente de cero?\" width=\"640\" height=\"360\" src=\"https:\/\/www.youtube.com\/embed\/rahMSt9Mzxo?feature=oembed\" frameborder=\"0\" allow=\"accelerometer; autoplay; clipboard-write; encrypted-media; gyroscope; picture-in-picture; web-share\" referrerpolicy=\"strict-origin-when-cross-origin\" allowfullscreen><\/iframe>\n<\/div><\/figure>\n\n\n\n<p>Practica:<\/p>\n\n\n\n<p><a rel=\"noreferrer noopener\" href=\"http:\/\/www.eltanquematematico.es\/ladivision\/resuelve\/todas\/resuelve_t_p.html\" target=\"_blank\">http:\/\/www.eltanquematematico.es\/ladivision\/resuelve\/todas\/resuelve_t_p.html<\/a><\/p>\n\n\n\n<p><a rel=\"noreferrer noopener\" href=\"http:\/\/www.ceiploreto.es\/sugerencias\/Lim\/divisiones_exactas\/divisiones%20exactas.html\" target=\"_blank\">http:\/\/www.ceiploreto.es\/sugerencias\/Lim\/divisiones_exactas\/divisiones%20exactas.html<\/a><\/p>\n\n\n\n<p><a rel=\"noreferrer noopener\" href=\"http:\/\/www.ceiploreto.es\/sugerencias\/Lim\/divisiones_inexactas\/divisiones_inexactas.html\" target=\"_blank\">http:\/\/www.ceiploreto.es\/sugerencias\/Lim\/divisiones_inexactas\/divisiones_inexactas.html<\/a><\/p>\n\n\n\n<p><a rel=\"noreferrer noopener\" href=\"http:\/\/www.ceiploreto.es\/sugerencias\/juntadeandalucia\/Refuerzo_matematicas\/dividir.htm\" target=\"_blank\">http:\/\/www.ceiploreto.es\/sugerencias\/juntadeandalucia\/Refuerzo_matematicas\/dividir.htm<\/a><\/p>\n\n\n\n<p><a rel=\"noreferrer noopener\" href=\"http:\/\/www.clarionweb.es\/4_curso\/matematicas\/mat_407.htm\" target=\"_blank\">http:\/\/www.clarionweb.es\/4_curso\/matematicas\/mat_407.htm<\/a><\/p>\n\n\n\n<p><strong>OPERACIONES COMBINADAS<\/strong><\/p>\n\n\n\n<figure class=\"wp-block-image\"><img decoding=\"async\" src=\"https:\/\/www.edufichas.com\/wp-content\/uploads\/2020\/03\/como-resolver-operaciones-combinadas.png\" alt=\"Operaciones combinadas - Cuadernos para ni\u00f1os\" \/><\/figure>\n\n\n\n<figure class=\"wp-block-embed-youtube wp-block-embed is-type-video is-provider-youtube wp-embed-aspect-16-9 wp-has-aspect-ratio\"><div class=\"wp-block-embed__wrapper\">\n<iframe loading=\"lazy\" title=\"Operaciones Combinadas ( Suma ,Resta ,Multiplicaci\u00f3n, Divisi\u00f3n)\" width=\"640\" height=\"360\" src=\"https:\/\/www.youtube.com\/embed\/hkh0I0Ye7g0?feature=oembed\" frameborder=\"0\" allow=\"accelerometer; autoplay; clipboard-write; encrypted-media; gyroscope; picture-in-picture; web-share\" referrerpolicy=\"strict-origin-when-cross-origin\" allowfullscreen><\/iframe>\n<\/div><\/figure>\n\n\n\n<p>Dale al coco:<\/p>\n\n\n\n<p><a rel=\"noreferrer noopener\" href=\"http:\/\/www.ceiploreto.es\/sugerencias\/cplosangeles.juntaextremadura.net\/web\/curso_4\/matematicas_4\/operaciones_5\/operaciones_5.html\" target=\"_blank\">http:\/\/www.ceiploreto.es\/sugerencias\/cplosangeles.juntaextremadura.net\/web\/curso_4\/matematicas_4\/operaciones_5\/operaciones_5.html<\/a><\/p>\n\n\n\n<p><a href=\"http:\/\/www.ceiploreto.es\/sugerencias\/cplosangeles.juntaextremadura.net\/web\/curso_4\/matematicas_4\/operaciones_5_2\/actividad01.htm\" target=\"_blank\" rel=\"noreferrer noopener\">http:\/\/www.ceiploreto.es\/sugerencias\/cplosangeles.juntaextremadura.net\/web\/curso_4\/matematicas_4\/operaciones_5_2\/actividad01.htm<\/a><\/p>\n","protected":false},"excerpt":{"rendered":"<p>DIVISI\u00d3N EXACTA Y DIVISI\u00d3N ENTERA Practica: http:\/\/www.eltanquematematico.es\/ladivision\/resuelve\/todas\/resuelve_t_p.html http:\/\/www.ceiploreto.es\/sugerencias\/Lim\/divisiones_exactas\/divisiones%20exactas.html http:\/\/www.ceiploreto.es\/sugerencias\/Lim\/divisiones_inexactas\/divisiones_inexactas.html http:\/\/www.ceiploreto.es\/sugerencias\/juntadeandalucia\/Refuerzo_matematicas\/dividir.htm http:\/\/www.clarionweb.es\/4_curso\/matematicas\/mat_407.htm OPERACIONES COMBINADAS Dale al coco: http:\/\/www.ceiploreto.es\/sugerencias\/cplosangeles.juntaextremadura.net\/web\/curso_4\/matematicas_4\/operaciones_5\/operaciones_5.html http:\/\/www.ceiploreto.es\/sugerencias\/cplosangeles.juntaextremadura.net\/web\/curso_4\/matematicas_4\/operaciones_5_2\/actividad01.htm<\/p>\n","protected":false},"author":77,"featured_media":0,"parent":622,"menu_order":3,"comment_status":"closed","ping_status":"closed","template":"","meta":{"footnotes":""},"class_list":["post-3403","page","type-page","status-publish","hentry"],"jetpack_sharing_enabled":true,"_links":{"self":[{"href":"https:\/\/blogs.smbosque.es\/raullopez\/wp-json\/wp\/v2\/pages\/3403","targetHints":{"allow":["GET"]}}],"collection":[{"href":"https:\/\/blogs.smbosque.es\/raullopez\/wp-json\/wp\/v2\/pages"}],"about":[{"href":"https:\/\/blogs.smbosque.es\/raullopez\/wp-json\/wp\/v2\/types\/page"}],"author":[{"embeddable":true,"href":"https:\/\/blogs.smbosque.es\/raullopez\/wp-json\/wp\/v2\/users\/77"}],"replies":[{"embeddable":true,"href":"https:\/\/blogs.smbosque.es\/raullopez\/wp-json\/wp\/v2\/comments?post=3403"}],"version-history":[{"count":7,"href":"https:\/\/blogs.smbosque.es\/raullopez\/wp-json\/wp\/v2\/pages\/3403\/revisions"}],"predecessor-version":[{"id":3411,"href":"https:\/\/blogs.smbosque.es\/raullopez\/wp-json\/wp\/v2\/pages\/3403\/revisions\/3411"}],"up":[{"embeddable":true,"href":"https:\/\/blogs.smbosque.es\/raullopez\/wp-json\/wp\/v2\/pages\/622"}],"wp:attachment":[{"href":"https:\/\/blogs.smbosque.es\/raullopez\/wp-json\/wp\/v2\/media?parent=3403"}],"curies":[{"name":"wp","href":"https:\/\/api.w.org\/{rel}","templated":true}]}}