{"id":3415,"date":"2020-12-07T21:58:31","date_gmt":"2020-12-07T20:58:31","guid":{"rendered":"http:\/\/blogs.smbosque.es\/raullopez\/?page_id=3415"},"modified":"2021-05-17T09:49:39","modified_gmt":"2021-05-17T07:49:39","slug":"unidad-6-la-reproduccion","status":"publish","type":"page","link":"https:\/\/blogs.smbosque.es\/raullopez\/4o-e-p\/natu\/unidad-6-la-reproduccion\/","title":{"rendered":"Unidad 6 &#8211; La Reproducci\u00f3n Humana"},"content":{"rendered":"\n<p><br>1) Repasar las p\u00e1ginas 80 y 81.<br>2) Copiar el siguiente esquema en vuestro cuaderno.<br><\/p>\n\n\n\n<figure class=\"wp-block-image size-large\"><img loading=\"lazy\" decoding=\"async\" width=\"655\" height=\"463\" src=\"https:\/\/blogs.smbosque.es\/raullopez\/files\/2020\/03\/image.png\" alt=\"\" class=\"wp-image-83\" srcset=\"https:\/\/blogs.smbosque.es\/raullopez\/files\/2020\/03\/image.png 655w, https:\/\/blogs.smbosque.es\/raullopez\/files\/2020\/03\/image-300x212.png 300w\" sizes=\"auto, (max-width: 655px) 100vw, 655px\" \/><\/figure>\n\n\n\n<p>3) Visualizar los siguientes v\u00eddeos:<\/p>\n\n\n\n<p>La reproducci\u00f3n <a aria-label=\" (se abre en una nueva pesta\u00f1a)\" href=\"https:\/\/www.youtube.com\/watch?v=fMPqh9MByU0\" target=\"_blank\" rel=\"noreferrer noopener\">https:\/\/www.youtube.com\/watch?v=fMPqh9MByU0<\/a> <\/p>\n\n\n\n<figure class=\"wp-block-embed is-type-video is-provider-youtube wp-block-embed-youtube wp-embed-aspect-16-9 wp-has-aspect-ratio\"><div class=\"wp-block-embed__wrapper\">\n<iframe loading=\"lazy\" title=\"La Reproducci\u00f3n Humana | Videos Educativos para Ni\u00f1os\" width=\"640\" height=\"360\" src=\"https:\/\/www.youtube.com\/embed\/fMPqh9MByU0?feature=oembed\" frameborder=\"0\" allow=\"accelerometer; autoplay; clipboard-write; encrypted-media; gyroscope; picture-in-picture; web-share\" referrerpolicy=\"strict-origin-when-cross-origin\" allowfullscreen><\/iframe>\n<\/div><\/figure>\n\n\n\n<p><br>EL aparato reproductor <a aria-label=\" (se abre en una nueva pesta\u00f1a)\" href=\"https:\/\/www.youtube.com\/watch?v=PHsd1TkAdAc\" target=\"_blank\" rel=\"noreferrer noopener\">https:\/\/www.youtube.com\/watch?v=PHsd1TkAdAc<\/a><\/p>\n\n\n\n<figure class=\"wp-block-embed is-type-video is-provider-youtube wp-block-embed-youtube wp-embed-aspect-16-9 wp-has-aspect-ratio\"><div class=\"wp-block-embed__wrapper\">\nhttps:\/\/www.youtube.com\/watch?v=PHsd1TkAdAc\n<\/div><\/figure>\n\n\n\n<p>4) Contestar las preguntas de <a aria-label=\" (se abre en una nueva pesta\u00f1a)\" href=\"https:\/\/connect.idoceo.net\/\" target=\"_blank\" rel=\"noreferrer noopener\">iDoceo<\/a>:<br>PIN de iDoceo: 66578<\/p>\n\n\n\n<figure class=\"wp-block-embed is-type-video is-provider-youtube wp-block-embed-youtube wp-embed-aspect-16-9 wp-has-aspect-ratio\"><div class=\"wp-block-embed__wrapper\">\n<iframe loading=\"lazy\" title=\"\u00bfPor qu\u00e9 nos parecemos a nuestros pap\u00e1s? La Gen\u00e9tica \ud83e\uddec\" width=\"640\" height=\"360\" src=\"https:\/\/www.youtube.com\/embed\/axSh_Gl5GVo?feature=oembed\" frameborder=\"0\" allow=\"accelerometer; autoplay; clipboard-write; encrypted-media; gyroscope; picture-in-picture; web-share\" referrerpolicy=\"strict-origin-when-cross-origin\" allowfullscreen><\/iframe>\n<\/div><\/figure>\n\n\n\n<p>1) Repasar las p\u00e1ginas 82 y 83 del libro.<br>2) Visualizar los siguientes v\u00eddeos y hacer un breve resumen en vuestro cuaderno que luego pondr\u00e9is tambi\u00e9n en <a aria-label=\"iDoceo (se abre en una nueva pesta\u00f1a)\" href=\"https:\/\/connect.idoceo.net\/\" target=\"_blank\" rel=\"noreferrer noopener\">iDoceo<\/a><\/p>\n\n\n\n<p>CURIOSIDADES DE LOS BEBES <a aria-label=\" (se abre en una nueva pesta\u00f1a)\" href=\"https:\/\/www.youtube.com\/watch?v=vNAAwojkQtM\" target=\"_blank\" rel=\"noreferrer noopener\">https:\/\/www.youtube.com\/watch?v=vNAAwojkQtM<\/a><\/p>\n\n\n\n<figure class=\"wp-block-embed is-type-video is-provider-youtube wp-block-embed-youtube wp-embed-aspect-16-9 wp-has-aspect-ratio\"><div class=\"wp-block-embed__wrapper\">\n<iframe loading=\"lazy\" title=\"Curiosidades de los Beb\u00e9s | Videos Educativos para Ni\u00f1os.\" width=\"640\" height=\"360\" src=\"https:\/\/www.youtube.com\/embed\/vNAAwojkQtM?feature=oembed\" frameborder=\"0\" allow=\"accelerometer; autoplay; clipboard-write; encrypted-media; gyroscope; picture-in-picture; web-share\" referrerpolicy=\"strict-origin-when-cross-origin\" allowfullscreen><\/iframe>\n<\/div><\/figure>\n\n\n\n<p>DESARROLLO DEL BEBE DENTRO&nbsp; DE LA TRIPA DE LA MADRE <a aria-label=\" (se abre en una nueva pesta\u00f1a)\" href=\"https:\/\/www.youtube.com\/watch?v=aHPTZBImY2o\" target=\"_blank\" rel=\"noreferrer noopener\">https:\/\/www.youtube.com\/watch?v=aHPTZBImY2o<\/a><\/p>\n\n\n\n<figure class=\"wp-block-embed is-type-video is-provider-youtube wp-block-embed-youtube wp-embed-aspect-4-3 wp-has-aspect-ratio\"><div class=\"wp-block-embed__wrapper\">\n<iframe loading=\"lazy\" title=\"Como se desarrolla un bebe en el vientre de su mama\" width=\"640\" height=\"480\" src=\"https:\/\/www.youtube.com\/embed\/aHPTZBImY2o?feature=oembed\" frameborder=\"0\" allow=\"accelerometer; autoplay; clipboard-write; encrypted-media; gyroscope; picture-in-picture; web-share\" referrerpolicy=\"strict-origin-when-cross-origin\" allowfullscreen><\/iframe>\n<\/div><\/figure>\n\n\n\n<p class=\"has-white-color has-medium-gray-background-color has-text-color has-background has-huge-font-size\">PIN DE IDOCEO: 47954<\/p>\n","protected":false},"excerpt":{"rendered":"<p>1) Repasar las p\u00e1ginas 80 y 81.2) Copiar el siguiente esquema en vuestro cuaderno. 3) Visualizar los siguientes v\u00eddeos: La reproducci\u00f3n https:\/\/www.youtube.com\/watch?v=fMPqh9MByU0 EL aparato reproductor https:\/\/www.youtube.com\/watch?v=PHsd1TkAdAc 4) Contestar las preguntas de iDoceo:PIN de iDoceo: 66578 1) Repasar las p\u00e1ginas 82 &hellip; <a href=\"https:\/\/blogs.smbosque.es\/raullopez\/4o-e-p\/natu\/unidad-6-la-reproduccion\/\">Sigue leyendo <span class=\"meta-nav\">&rarr;<\/span><\/a><\/p>\n","protected":false},"author":77,"featured_media":0,"parent":628,"menu_order":0,"comment_status":"closed","ping_status":"closed","template":"","meta":{"footnotes":""},"class_list":["post-3415","page","type-page","status-publish","hentry"],"jetpack_sharing_enabled":true,"_links":{"self":[{"href":"https:\/\/blogs.smbosque.es\/raullopez\/wp-json\/wp\/v2\/pages\/3415","targetHints":{"allow":["GET"]}}],"collection":[{"href":"https:\/\/blogs.smbosque.es\/raullopez\/wp-json\/wp\/v2\/pages"}],"about":[{"href":"https:\/\/blogs.smbosque.es\/raullopez\/wp-json\/wp\/v2\/types\/page"}],"author":[{"embeddable":true,"href":"https:\/\/blogs.smbosque.es\/raullopez\/wp-json\/wp\/v2\/users\/77"}],"replies":[{"embeddable":true,"href":"https:\/\/blogs.smbosque.es\/raullopez\/wp-json\/wp\/v2\/comments?post=3415"}],"version-history":[{"count":4,"href":"https:\/\/blogs.smbosque.es\/raullopez\/wp-json\/wp\/v2\/pages\/3415\/revisions"}],"predecessor-version":[{"id":3790,"href":"https:\/\/blogs.smbosque.es\/raullopez\/wp-json\/wp\/v2\/pages\/3415\/revisions\/3790"}],"up":[{"embeddable":true,"href":"https:\/\/blogs.smbosque.es\/raullopez\/wp-json\/wp\/v2\/pages\/628"}],"wp:attachment":[{"href":"https:\/\/blogs.smbosque.es\/raullopez\/wp-json\/wp\/v2\/media?parent=3415"}],"curies":[{"name":"wp","href":"https:\/\/api.w.org\/{rel}","templated":true}]}}