{"id":3466,"date":"2020-12-27T19:09:25","date_gmt":"2020-12-27T18:09:25","guid":{"rendered":"http:\/\/blogs.smbosque.es\/raullopez\/?page_id=3466"},"modified":"2021-02-08T16:24:12","modified_gmt":"2021-02-08T15:24:12","slug":"unidad-5-angulos-y-circunferencias","status":"publish","type":"page","link":"https:\/\/blogs.smbosque.es\/raullopez\/4o-e-p\/mates\/unidad-5-angulos-y-circunferencias\/","title":{"rendered":"Unidad 5 &#8211; \u00c1ngulos y circunferencias"},"content":{"rendered":"\n<p class=\"has-white-color has-blue-background-color has-text-color has-background\"><strong>MEDIDA Y TRAZADO DE \u00c1NGULOS<\/strong><\/p>\n\n\n\n<figure class=\"wp-block-gallery columns-1 is-cropped wp-block-gallery-1 is-layout-flex wp-block-gallery-is-layout-flex\"><ul class=\"blocks-gallery-grid\"><li class=\"blocks-gallery-item\"><figure><img loading=\"lazy\" decoding=\"async\" width=\"660\" height=\"787\" src=\"https:\/\/blogs.smbosque.es\/raullopez\/files\/2020\/12\/Captura-de-pantalla-2020-12-27-191117.jpg\" alt=\"\" data-id=\"3470\" class=\"wp-image-3470\" srcset=\"https:\/\/blogs.smbosque.es\/raullopez\/files\/2020\/12\/Captura-de-pantalla-2020-12-27-191117.jpg 660w, https:\/\/blogs.smbosque.es\/raullopez\/files\/2020\/12\/Captura-de-pantalla-2020-12-27-191117-252x300.jpg 252w\" sizes=\"auto, (max-width: 660px) 100vw, 660px\" \/><\/figure><\/li><li class=\"blocks-gallery-item\"><figure><img loading=\"lazy\" decoding=\"async\" width=\"814\" height=\"1024\" src=\"https:\/\/blogs.smbosque.es\/raullopez\/files\/2020\/12\/LOS-ANGULOS-Y-EL-TRANSPORTADOR-EJERCICIOS-RESUELTOS-2-814x1024.gif\" alt=\"\" data-id=\"3467\" class=\"wp-image-3467\" srcset=\"https:\/\/blogs.smbosque.es\/raullopez\/files\/2020\/12\/LOS-ANGULOS-Y-EL-TRANSPORTADOR-EJERCICIOS-RESUELTOS-2-814x1024.gif 814w, https:\/\/blogs.smbosque.es\/raullopez\/files\/2020\/12\/LOS-ANGULOS-Y-EL-TRANSPORTADOR-EJERCICIOS-RESUELTOS-2-239x300.gif 239w, https:\/\/blogs.smbosque.es\/raullopez\/files\/2020\/12\/LOS-ANGULOS-Y-EL-TRANSPORTADOR-EJERCICIOS-RESUELTOS-2-768x966.gif 768w, https:\/\/blogs.smbosque.es\/raullopez\/files\/2020\/12\/LOS-ANGULOS-Y-EL-TRANSPORTADOR-EJERCICIOS-RESUELTOS-2-1221x1536.gif 1221w\" sizes=\"auto, (max-width: 814px) 100vw, 814px\" \/><\/figure><\/li><\/ul><\/figure>\n\n\n\n<div class=\"wp-block-file\"><a href=\"https:\/\/blogs.smbosque.es\/raullopez\/files\/2020\/12\/apuntes6____medir_angulos_y_transformar_medidas.pdf\">Apuntes sobre medir \u00e1ngulos y transformar medidas<\/a><a href=\"https:\/\/blogs.smbosque.es\/raullopez\/files\/2020\/12\/apuntes6____medir_angulos_y_transformar_medidas.pdf\" class=\"wp-block-file__button\" download>Descarga<\/a><\/div>\n\n\n\n<div class=\"wp-block-file\"><a href=\"https:\/\/blogs.smbosque.es\/raullopez\/files\/2020\/12\/Ejercicios-de-Angulos-para-Cuarto-de-Primaria.pdf\">Apuntes de \u00e1ngulos<\/a><a href=\"https:\/\/blogs.smbosque.es\/raullopez\/files\/2020\/12\/Ejercicios-de-Angulos-para-Cuarto-de-Primaria.pdf\" class=\"wp-block-file__button\" download>Descarga<\/a><\/div>\n\n\n\n<figure class=\"wp-block-embed-youtube wp-block-embed is-type-video is-provider-youtube wp-embed-aspect-16-9 wp-has-aspect-ratio\"><div class=\"wp-block-embed__wrapper\">\n<iframe loading=\"lazy\" title=\"GEOMETR\u00cdA PARA PRIMARIA. Los \u00e1ngulos Y Su Medida\" width=\"640\" height=\"360\" src=\"https:\/\/www.youtube.com\/embed\/mnKSJQca5wo?feature=oembed\" frameborder=\"0\" allow=\"accelerometer; autoplay; clipboard-write; encrypted-media; gyroscope; picture-in-picture; web-share\" referrerpolicy=\"strict-origin-when-cross-origin\" allowfullscreen><\/iframe>\n<\/div><\/figure>\n\n\n\n<figure class=\"wp-block-embed-youtube wp-block-embed is-type-video is-provider-youtube wp-embed-aspect-4-3 wp-has-aspect-ratio\"><div class=\"wp-block-embed__wrapper\">\n<iframe loading=\"lazy\" title=\"Matem\u00e1ticas. 4\u00ba Primaria. Tema 5. Medir \u00e1ngulos con transportador\" width=\"640\" height=\"480\" src=\"https:\/\/www.youtube.com\/embed\/PruWiXBlO18?feature=oembed\" frameborder=\"0\" allow=\"accelerometer; autoplay; clipboard-write; encrypted-media; gyroscope; picture-in-picture; web-share\" referrerpolicy=\"strict-origin-when-cross-origin\" allowfullscreen><\/iframe>\n<\/div><\/figure>\n\n\n\n<p class=\"has-white-color has-blue-background-color has-text-color has-background\"><strong>ELEMENTOS DE LA CIRCUNFERENCIA<\/strong><\/p>\n\n\n\n<figure class=\"wp-block-image size-large\"><img loading=\"lazy\" decoding=\"async\" width=\"867\" height=\"437\" src=\"https:\/\/blogs.smbosque.es\/raullopez\/files\/2020\/12\/CIR1.jpg\" alt=\"\" class=\"wp-image-3478\" srcset=\"https:\/\/blogs.smbosque.es\/raullopez\/files\/2020\/12\/CIR1.jpg 867w, https:\/\/blogs.smbosque.es\/raullopez\/files\/2020\/12\/CIR1-300x151.jpg 300w, https:\/\/blogs.smbosque.es\/raullopez\/files\/2020\/12\/CIR1-768x387.jpg 768w\" sizes=\"auto, (max-width: 867px) 100vw, 867px\" \/><\/figure>\n\n\n\n<figure class=\"wp-block-embed-youtube wp-block-embed is-type-video is-provider-youtube wp-embed-aspect-4-3 wp-has-aspect-ratio\"><div class=\"wp-block-embed__wrapper\">\n<iframe loading=\"lazy\" title=\"Circunferencia y sus elementos. Mate, 5\u00ba Primaria. Tema 12\" width=\"640\" height=\"480\" src=\"https:\/\/www.youtube.com\/embed\/gof6O5L5eig?feature=oembed\" frameborder=\"0\" allow=\"accelerometer; autoplay; clipboard-write; encrypted-media; gyroscope; picture-in-picture; web-share\" referrerpolicy=\"strict-origin-when-cross-origin\" allowfullscreen><\/iframe>\n<\/div><\/figure>\n\n\n\n<p class=\"has-white-color has-blue-background-color has-text-color has-background\"><strong>POSICIONES DE RECTAS Y CIRCUNFERENCIAS<\/strong><\/p>\n\n\n\n<figure class=\"wp-block-image size-large\"><img loading=\"lazy\" decoding=\"async\" width=\"823\" height=\"522\" src=\"https:\/\/blogs.smbosque.es\/raullopez\/files\/2020\/12\/CIR2.png\" alt=\"\" class=\"wp-image-3479\" srcset=\"https:\/\/blogs.smbosque.es\/raullopez\/files\/2020\/12\/CIR2.png 823w, https:\/\/blogs.smbosque.es\/raullopez\/files\/2020\/12\/CIR2-300x190.png 300w, https:\/\/blogs.smbosque.es\/raullopez\/files\/2020\/12\/CIR2-768x487.png 768w\" sizes=\"auto, (max-width: 823px) 100vw, 823px\" \/><\/figure>\n\n\n\n<figure class=\"wp-block-embed-youtube wp-block-embed is-type-video is-provider-youtube wp-embed-aspect-16-9 wp-has-aspect-ratio\"><div class=\"wp-block-embed__wrapper\">\n<iframe loading=\"lazy\" title=\"\u2764 POSICIONES DE RECTA Y CIRCUNFERENCIA para PRIMARIA\ud83d\udcd0\ud83d\udccf -  # Resumen de MATEM\u00c1TICAS.\" width=\"640\" height=\"360\" src=\"https:\/\/www.youtube.com\/embed\/rb50_qKvsqA?feature=oembed\" frameborder=\"0\" allow=\"accelerometer; autoplay; clipboard-write; encrypted-media; gyroscope; picture-in-picture; web-share\" referrerpolicy=\"strict-origin-when-cross-origin\" allowfullscreen><\/iframe>\n<\/div><\/figure>\n\n\n\n<p class=\"has-white-color has-blue-background-color has-text-color has-background\"><strong>SIMETR\u00cdA Y TRASLACI\u00d3N<\/strong> <\/p>\n\n\n\n<figure class=\"wp-block-image size-large\"><img loading=\"lazy\" decoding=\"async\" width=\"591\" height=\"426\" src=\"https:\/\/blogs.smbosque.es\/raullopez\/files\/2020\/12\/SIME.jpeg\" alt=\"\" class=\"wp-image-3485\" srcset=\"https:\/\/blogs.smbosque.es\/raullopez\/files\/2020\/12\/SIME.jpeg 591w, https:\/\/blogs.smbosque.es\/raullopez\/files\/2020\/12\/SIME-300x216.jpeg 300w\" sizes=\"auto, (max-width: 591px) 100vw, 591px\" \/><\/figure>\n\n\n\n<div class=\"wp-block-file\"><a href=\"https:\/\/blogs.smbosque.es\/raullopez\/files\/2020\/12\/Simetria-de-Figuras-Planas-para-Tercero-de-Primaria.pdf\">Apuntes simetr\u00eda de figuras planas<\/a><a href=\"https:\/\/blogs.smbosque.es\/raullopez\/files\/2020\/12\/Simetria-de-Figuras-Planas-para-Tercero-de-Primaria.pdf\" class=\"wp-block-file__button\" download>Descarga<\/a><\/div>\n\n\n\n<div class=\"wp-block-file\"><a href=\"https:\/\/blogs.smbosque.es\/raullopez\/files\/2020\/12\/Simetria-de-Figuras-Respecto-a-un-Eje-para-Cuarto-de-Primaria2.pdf\">Apuntes simetr\u00eda figuras respecto a un eje<\/a><a href=\"https:\/\/blogs.smbosque.es\/raullopez\/files\/2020\/12\/Simetria-de-Figuras-Respecto-a-un-Eje-para-Cuarto-de-Primaria2.pdf\" class=\"wp-block-file__button\" download>Descarga<\/a><\/div>\n\n\n\n<figure class=\"wp-block-embed-youtube wp-block-embed is-type-video is-provider-youtube wp-embed-aspect-4-3 wp-has-aspect-ratio\"><div class=\"wp-block-embed__wrapper\">\n<iframe loading=\"lazy\" title=\"Matem\u00e1ticas. 3\u00ba Primaria. Tema 6. La simetr\u00eda\" width=\"640\" height=\"480\" src=\"https:\/\/www.youtube.com\/embed\/A-SUCAn8BUg?feature=oembed\" frameborder=\"0\" allow=\"accelerometer; autoplay; clipboard-write; encrypted-media; gyroscope; picture-in-picture; web-share\" referrerpolicy=\"strict-origin-when-cross-origin\" allowfullscreen><\/iframe>\n<\/div><\/figure>\n\n\n\n<figure class=\"wp-block-embed-youtube wp-block-embed is-type-video is-provider-youtube wp-embed-aspect-4-3 wp-has-aspect-ratio\"><div class=\"wp-block-embed__wrapper\">\n<iframe loading=\"lazy\" title=\"La Eduteca - La simetr\u00eda\" width=\"640\" height=\"480\" src=\"https:\/\/www.youtube.com\/embed\/MtY-ZOwkROE?feature=oembed\" frameborder=\"0\" allow=\"accelerometer; autoplay; clipboard-write; encrypted-media; gyroscope; picture-in-picture; web-share\" referrerpolicy=\"strict-origin-when-cross-origin\" allowfullscreen><\/iframe>\n<\/div><\/figure>\n\n\n\n<figure class=\"wp-block-gallery columns-1 is-cropped wp-block-gallery-2 is-layout-flex wp-block-gallery-is-layout-flex\"><ul class=\"blocks-gallery-grid\"><li class=\"blocks-gallery-item\"><figure><img loading=\"lazy\" decoding=\"async\" width=\"801\" height=\"603\" src=\"https:\/\/blogs.smbosque.es\/raullopez\/files\/2020\/12\/trasl-1.jpg\" alt=\"\" data-id=\"3491\" data-full-url=\"https:\/\/blogs.smbosque.es\/raullopez\/files\/2020\/12\/trasl-1.jpg\" data-link=\"https:\/\/blogs.smbosque.es\/raullopez\/mates\/unidad-5-angulos-y-circunferencias\/trasl-1\/\" class=\"wp-image-3491\" srcset=\"https:\/\/blogs.smbosque.es\/raullopez\/files\/2020\/12\/trasl-1.jpg 801w, https:\/\/blogs.smbosque.es\/raullopez\/files\/2020\/12\/trasl-1-300x226.jpg 300w, https:\/\/blogs.smbosque.es\/raullopez\/files\/2020\/12\/trasl-1-768x578.jpg 768w\" sizes=\"auto, (max-width: 801px) 100vw, 801px\" \/><\/figure><\/li><li class=\"blocks-gallery-item\"><figure><img loading=\"lazy\" decoding=\"async\" width=\"1024\" height=\"546\" src=\"https:\/\/blogs.smbosque.es\/raullopez\/files\/2020\/12\/trasl2-1024x546.jpg\" alt=\"\" data-id=\"3492\" data-full-url=\"https:\/\/blogs.smbosque.es\/raullopez\/files\/2020\/12\/trasl2.jpg\" data-link=\"https:\/\/blogs.smbosque.es\/raullopez\/mates\/unidad-5-angulos-y-circunferencias\/trasl2\/\" class=\"wp-image-3492\" srcset=\"https:\/\/blogs.smbosque.es\/raullopez\/files\/2020\/12\/trasl2-1024x546.jpg 1024w, https:\/\/blogs.smbosque.es\/raullopez\/files\/2020\/12\/trasl2-300x160.jpg 300w, https:\/\/blogs.smbosque.es\/raullopez\/files\/2020\/12\/trasl2-768x409.jpg 768w, https:\/\/blogs.smbosque.es\/raullopez\/files\/2020\/12\/trasl2.jpg 1191w\" sizes=\"auto, (max-width: 1024px) 100vw, 1024px\" \/><\/figure><\/li><\/ul><\/figure>\n\n\n\n<figure class=\"wp-block-embed-youtube wp-block-embed is-type-video is-provider-youtube wp-embed-aspect-16-9 wp-has-aspect-ratio\"><div class=\"wp-block-embed__wrapper\">\n<iframe loading=\"lazy\" title=\"TRASLACI\u00d3N Super facil\" width=\"640\" height=\"360\" src=\"https:\/\/www.youtube.com\/embed\/QW602kH52Ec?feature=oembed\" frameborder=\"0\" allow=\"accelerometer; autoplay; clipboard-write; encrypted-media; gyroscope; picture-in-picture; web-share\" referrerpolicy=\"strict-origin-when-cross-origin\" allowfullscreen><\/iframe>\n<\/div><\/figure>\n\n\n\n<figure class=\"wp-block-embed-youtube wp-block-embed is-type-video is-provider-youtube wp-embed-aspect-16-9 wp-has-aspect-ratio\"><div class=\"wp-block-embed__wrapper\">\n<iframe loading=\"lazy\" title=\"TRASLACI\u00d3N de figuras\" width=\"640\" height=\"360\" src=\"https:\/\/www.youtube.com\/embed\/hYVoZyBvSts?feature=oembed\" frameborder=\"0\" allow=\"accelerometer; autoplay; clipboard-write; encrypted-media; gyroscope; picture-in-picture; web-share\" referrerpolicy=\"strict-origin-when-cross-origin\" allowfullscreen><\/iframe>\n<\/div><\/figure>\n\n\n\n<figure class=\"wp-block-embed-youtube wp-block-embed is-type-video is-provider-youtube wp-embed-aspect-4-3 wp-has-aspect-ratio\"><div class=\"wp-block-embed__wrapper\">\n<iframe loading=\"lazy\" title=\"Simetr\u00edas, traslaciones y giros. Mate, 5\u00ba Primaria. Tema 8\" width=\"640\" height=\"480\" src=\"https:\/\/www.youtube.com\/embed\/PB1rDdfROLE?feature=oembed\" frameborder=\"0\" allow=\"accelerometer; autoplay; clipboard-write; encrypted-media; gyroscope; picture-in-picture; web-share\" referrerpolicy=\"strict-origin-when-cross-origin\" allowfullscreen><\/iframe>\n<\/div><\/figure>\n\n\n\n<p>PARA SER M\u00c1S CURIOSO<\/p>\n\n\n\n<p><a href=\"http:\/\/docentes.educacion.navarra.es\/msadaall\/geogebra\/figuras\/escher12.htm\" target=\"_blank\" rel=\"noreferrer noopener\">Teselaciones de Escher: Divisi\u00f3n regular del plano n\u00ba 12 (navarra.es)<\/a><\/p>\n","protected":false},"excerpt":{"rendered":"<p>MEDIDA Y TRAZADO DE \u00c1NGULOS ELEMENTOS DE LA CIRCUNFERENCIA POSICIONES DE RECTAS Y CIRCUNFERENCIAS SIMETR\u00cdA Y TRASLACI\u00d3N PARA SER M\u00c1S CURIOSO Teselaciones de Escher: Divisi\u00f3n regular del plano n\u00ba 12 (navarra.es)<\/p>\n","protected":false},"author":77,"featured_media":0,"parent":622,"menu_order":5,"comment_status":"closed","ping_status":"closed","template":"","meta":{"footnotes":""},"class_list":["post-3466","page","type-page","status-publish","hentry"],"jetpack_sharing_enabled":true,"_links":{"self":[{"href":"https:\/\/blogs.smbosque.es\/raullopez\/wp-json\/wp\/v2\/pages\/3466","targetHints":{"allow":["GET"]}}],"collection":[{"href":"https:\/\/blogs.smbosque.es\/raullopez\/wp-json\/wp\/v2\/pages"}],"about":[{"href":"https:\/\/blogs.smbosque.es\/raullopez\/wp-json\/wp\/v2\/types\/page"}],"author":[{"embeddable":true,"href":"https:\/\/blogs.smbosque.es\/raullopez\/wp-json\/wp\/v2\/users\/77"}],"replies":[{"embeddable":true,"href":"https:\/\/blogs.smbosque.es\/raullopez\/wp-json\/wp\/v2\/comments?post=3466"}],"version-history":[{"count":20,"href":"https:\/\/blogs.smbosque.es\/raullopez\/wp-json\/wp\/v2\/pages\/3466\/revisions"}],"predecessor-version":[{"id":3590,"href":"https:\/\/blogs.smbosque.es\/raullopez\/wp-json\/wp\/v2\/pages\/3466\/revisions\/3590"}],"up":[{"embeddable":true,"href":"https:\/\/blogs.smbosque.es\/raullopez\/wp-json\/wp\/v2\/pages\/622"}],"wp:attachment":[{"href":"https:\/\/blogs.smbosque.es\/raullopez\/wp-json\/wp\/v2\/media?parent=3466"}],"curies":[{"name":"wp","href":"https:\/\/api.w.org\/{rel}","templated":true}]}}