{"id":350,"date":"2020-03-21T17:07:49","date_gmt":"2020-03-21T16:07:49","guid":{"rendered":"http:\/\/blogs.smbosque.es\/raullopez\/?page_id=350"},"modified":"2022-09-02T20:33:54","modified_gmt":"2022-09-02T18:33:54","slug":"ls-nins-tenemos-cositas","status":"publish","type":"page","link":"https:\/\/blogs.smbosque.es\/raullopez\/ls-nins-tenemos-cositas\/","title":{"rendered":"L@s Ni\u00f1@s tenemos COSITAS"},"content":{"rendered":"\n<p>\u00a1Muy buenas familia! En este espacio iremos colgando todas aquellas fotos, dibujos, v\u00eddeos,\u2026 TODO LO QUE SE OS OCURRA, no teng\u00e1is verg\u00fcenza. As\u00ed, para sentirnos todos un poquito m\u00e1s cerca.<br>Las iremos colocando encima seg\u00fan me las vay\u00e1is enviando.<br><strong>Venga, \u00e1nimo!!!<\/strong><br>Empezamos\u2026<\/p>\n\n\n\n<p class=\"has-text-color has-background has-blue-color has-light-gray-background-color\">LOS IMPORTANTES&#8230; VOSOTR@S<\/p>\n\n\n\n<figure class=\"wp-block-image size-large\"><img loading=\"lazy\" decoding=\"async\" width=\"640\" height=\"480\" src=\"https:\/\/blogs.smbosque.es\/raullopez\/files\/2020\/03\/IMG_9199.jpg\" alt=\"\" class=\"wp-image-599\" srcset=\"https:\/\/blogs.smbosque.es\/raullopez\/files\/2020\/03\/IMG_9199.jpg 640w, https:\/\/blogs.smbosque.es\/raullopez\/files\/2020\/03\/IMG_9199-300x225.jpg 300w\" sizes=\"auto, (max-width: 640px) 100vw, 640px\" \/><figcaption>Gatuna no deja hacer los deberes a Adriana (4\u00baB)<\/figcaption><\/figure>\n\n\n\n<figure class=\"wp-block-video\"><video controls src=\"https:\/\/blogs.smbosque.es\/raullopez\/files\/2020\/03\/VID-20200326-WA0001-2.mp4\"><\/video><figcaption>Aprovechando que damos los pol\u00edgonos&#8230; #tangramchallenge (Gonzalo 4\u00baB)<\/figcaption><\/figure>\n\n\n\n<figure class=\"wp-block-image size-large is-resized\"><img loading=\"lazy\" decoding=\"async\" src=\"https:\/\/blogs.smbosque.es\/raullopez\/files\/2020\/03\/Laura-en-casa-1024x803.jpg\" alt=\"\" class=\"wp-image-563\" width=\"603\" height=\"472\" srcset=\"https:\/\/blogs.smbosque.es\/raullopez\/files\/2020\/03\/Laura-en-casa-1024x803.jpg 1024w, https:\/\/blogs.smbosque.es\/raullopez\/files\/2020\/03\/Laura-en-casa-300x235.jpg 300w, https:\/\/blogs.smbosque.es\/raullopez\/files\/2020\/03\/Laura-en-casa-768x602.jpg 768w, https:\/\/blogs.smbosque.es\/raullopez\/files\/2020\/03\/Laura-en-casa-1536x1204.jpg 1536w, https:\/\/blogs.smbosque.es\/raullopez\/files\/2020\/03\/Laura-en-casa-2048x1605.jpg 2048w\" sizes=\"auto, (max-width: 603px) 100vw, 603px\" \/><figcaption>Gran mensaje de Laura Garc\u00eda \u00a1Gracias por tus palabras!<\/figcaption><\/figure>\n\n\n\n<figure class=\"wp-block-image size-large is-resized\"><img loading=\"lazy\" decoding=\"async\" src=\"https:\/\/blogs.smbosque.es\/raullopez\/files\/2020\/03\/alberto-gatos-1024x768.jpg\" alt=\"\" class=\"wp-image-508\" width=\"606\" height=\"455\" srcset=\"https:\/\/blogs.smbosque.es\/raullopez\/files\/2020\/03\/alberto-gatos-1024x768.jpg 1024w, https:\/\/blogs.smbosque.es\/raullopez\/files\/2020\/03\/alberto-gatos-300x225.jpg 300w, https:\/\/blogs.smbosque.es\/raullopez\/files\/2020\/03\/alberto-gatos-768x576.jpg 768w, https:\/\/blogs.smbosque.es\/raullopez\/files\/2020\/03\/alberto-gatos-1536x1152.jpg 1536w, https:\/\/blogs.smbosque.es\/raullopez\/files\/2020\/03\/alberto-gatos.jpg 2048w\" sizes=\"auto, (max-width: 606px) 100vw, 606px\" \/><figcaption>La familia gatuna (Alberto 4\u00baB). Nos reta a encontrar los cuatro, s\u00ed CUATRO gatos!! Suerte&#8230; \ud83d\ude42<\/figcaption><\/figure>\n\n\n\n<figure class=\"wp-block-image size-large is-resized\"><img loading=\"lazy\" decoding=\"async\" src=\"https:\/\/blogs.smbosque.es\/raullopez\/files\/2020\/03\/20200321_122337-1024x768.jpg\" alt=\"\" class=\"wp-image-354\" width=\"437\" height=\"328\" srcset=\"https:\/\/blogs.smbosque.es\/raullopez\/files\/2020\/03\/20200321_122337-1024x768.jpg 1024w, https:\/\/blogs.smbosque.es\/raullopez\/files\/2020\/03\/20200321_122337-300x225.jpg 300w, https:\/\/blogs.smbosque.es\/raullopez\/files\/2020\/03\/20200321_122337-768x576.jpg 768w, https:\/\/blogs.smbosque.es\/raullopez\/files\/2020\/03\/20200321_122337-1536x1152.jpg 1536w, https:\/\/blogs.smbosque.es\/raullopez\/files\/2020\/03\/20200321_122337-2048x1536.jpg 2048w\" sizes=\"auto, (max-width: 437px) 100vw, 437px\" \/><figcaption>Laura Garc\u00eda 4\u00baB (#qu\u00e9dateencasa)<\/figcaption><\/figure>\n\n\n\n<p style=\"background-color:#fffc3c\" class=\"has-background\">OBRAS DE ARTE<\/p>\n\n\n\n<figure class=\"wp-block-image size-large is-resized\"><img loading=\"lazy\" decoding=\"async\" src=\"https:\/\/blogs.smbosque.es\/raullopez\/files\/2020\/04\/IMG_20200401_135017-1024x855.jpg\" alt=\"\" class=\"wp-image-827\" width=\"436\" height=\"364\" srcset=\"https:\/\/blogs.smbosque.es\/raullopez\/files\/2020\/04\/IMG_20200401_135017-1024x855.jpg 1024w, https:\/\/blogs.smbosque.es\/raullopez\/files\/2020\/04\/IMG_20200401_135017-300x251.jpg 300w, https:\/\/blogs.smbosque.es\/raullopez\/files\/2020\/04\/IMG_20200401_135017-768x641.jpg 768w, https:\/\/blogs.smbosque.es\/raullopez\/files\/2020\/04\/IMG_20200401_135017-1536x1283.jpg 1536w, https:\/\/blogs.smbosque.es\/raullopez\/files\/2020\/04\/IMG_20200401_135017-2048x1710.jpg 2048w\" sizes=\"auto, (max-width: 436px) 100vw, 436px\" \/><figcaption>Laura Gonz\u00e1lez nos manda un regalito<\/figcaption><\/figure>\n\n\n\n<figure class=\"wp-block-image size-large is-resized\"><img loading=\"lazy\" decoding=\"async\" src=\"https:\/\/blogs.smbosque.es\/raullopez\/files\/2020\/04\/IMG_20200401_134913-786x1024.jpg\" alt=\"\" class=\"wp-image-828\" width=\"364\" height=\"473\" srcset=\"https:\/\/blogs.smbosque.es\/raullopez\/files\/2020\/04\/IMG_20200401_134913-786x1024.jpg 786w, https:\/\/blogs.smbosque.es\/raullopez\/files\/2020\/04\/IMG_20200401_134913-230x300.jpg 230w, https:\/\/blogs.smbosque.es\/raullopez\/files\/2020\/04\/IMG_20200401_134913-768x1001.jpg 768w, https:\/\/blogs.smbosque.es\/raullopez\/files\/2020\/04\/IMG_20200401_134913-1179x1536.jpg 1179w, https:\/\/blogs.smbosque.es\/raullopez\/files\/2020\/04\/IMG_20200401_134913-1572x2048.jpg 1572w, https:\/\/blogs.smbosque.es\/raullopez\/files\/2020\/04\/IMG_20200401_134913-scaled.jpg 1965w\" sizes=\"auto, (max-width: 364px) 100vw, 364px\" \/><figcaption>Yo tambi\u00e9n os echo mucho de menos mis ositos panda<\/figcaption><\/figure>\n\n\n\n<figure class=\"wp-block-image size-large is-resized\"><img loading=\"lazy\" decoding=\"async\" src=\"https:\/\/blogs.smbosque.es\/raullopez\/files\/2020\/04\/20200401_135234-768x1024.jpg\" alt=\"\" class=\"wp-image-825\" width=\"398\" height=\"530\" srcset=\"https:\/\/blogs.smbosque.es\/raullopez\/files\/2020\/04\/20200401_135234-768x1024.jpg 768w, https:\/\/blogs.smbosque.es\/raullopez\/files\/2020\/04\/20200401_135234-225x300.jpg 225w, https:\/\/blogs.smbosque.es\/raullopez\/files\/2020\/04\/20200401_135234-1152x1536.jpg 1152w, https:\/\/blogs.smbosque.es\/raullopez\/files\/2020\/04\/20200401_135234-1536x2048.jpg 1536w, https:\/\/blogs.smbosque.es\/raullopez\/files\/2020\/04\/20200401_135234-scaled.jpg 1920w\" sizes=\"auto, (max-width: 398px) 100vw, 398px\" \/><figcaption>La fuerza y el coraz\u00f3n de Goku os acompa\u00f1e de Ximena<\/figcaption><\/figure>\n\n\n\n<p style=\"background-color:#60105d\" class=\"has-text-color has-background has-white-color\">MUSIQUITA DE LA BUENA<\/p>\n\n\n\n<figure class=\"wp-block-embed-youtube wp-block-embed is-type-video is-provider-youtube wp-embed-aspect-16-9 wp-has-aspect-ratio\"><div class=\"wp-block-embed__wrapper\">\n<iframe loading=\"lazy\" title=\"La fuente del deseo - El Barrio - Karaoke cantado con letra\" width=\"640\" height=\"360\" src=\"https:\/\/www.youtube.com\/embed\/JIHIfwxHCQw?feature=oembed\" frameborder=\"0\" allow=\"accelerometer; autoplay; clipboard-write; encrypted-media; gyroscope; picture-in-picture; web-share\" referrerpolicy=\"strict-origin-when-cross-origin\" allowfullscreen><\/iframe>\n<\/div><figcaption>Recomendaci\u00f3n de Alberto Santana 4\u00baB<\/figcaption><\/figure>\n\n\n\n<figure class=\"wp-block-embed-youtube wp-block-embed is-type-video is-provider-youtube wp-embed-aspect-4-3 wp-has-aspect-ratio\"><div class=\"wp-block-embed__wrapper\">\n<iframe loading=\"lazy\" title=\"Antonio Vega - Lucha De Gigantes\" width=\"640\" height=\"480\" src=\"https:\/\/www.youtube.com\/embed\/c5S6DFiQyWo?feature=oembed\" frameborder=\"0\" allow=\"accelerometer; autoplay; clipboard-write; encrypted-media; gyroscope; picture-in-picture; web-share\" referrerpolicy=\"strict-origin-when-cross-origin\" allowfullscreen><\/iframe>\n<\/div><figcaption>Recomendaci\u00f3n musical de Gonzalo 4\u00baB<\/figcaption><\/figure>\n\n\n\n<figure class=\"wp-block-embed-youtube wp-block-embed is-type-video is-provider-youtube wp-embed-aspect-4-3 wp-has-aspect-ratio\"><div class=\"wp-block-embed__wrapper\">\n<iframe loading=\"lazy\" title=\"EL ULTIMO DE LA FILA - COMO UN BURRO AMARRADO EN LA PUERTA .\" width=\"640\" height=\"480\" src=\"https:\/\/www.youtube.com\/embed\/uvJsjk96c6Q?feature=oembed\" frameborder=\"0\" allow=\"accelerometer; autoplay; clipboard-write; encrypted-media; gyroscope; picture-in-picture; web-share\" referrerpolicy=\"strict-origin-when-cross-origin\" allowfullscreen><\/iframe>\n<\/div><figcaption>Recomendaci\u00f3n musical de la mam\u00e1 de Marco 4\u00baB<\/figcaption><\/figure>\n\n\n\n<figure class=\"wp-block-embed-youtube wp-block-embed is-type-video is-provider-youtube wp-embed-aspect-4-3 wp-has-aspect-ratio\"><div class=\"wp-block-embed__wrapper\">\n<iframe loading=\"lazy\" title=\"Seguridad Social - Chiquilla (Videoclip Oficial)\" width=\"640\" height=\"480\" src=\"https:\/\/www.youtube.com\/embed\/-d3mZmP_me4?feature=oembed\" frameborder=\"0\" allow=\"accelerometer; autoplay; clipboard-write; encrypted-media; gyroscope; picture-in-picture; web-share\" referrerpolicy=\"strict-origin-when-cross-origin\" allowfullscreen><\/iframe>\n<\/div><figcaption>La recomendaci\u00f3n musical de Laura Garc\u00eda 4\u00baB <\/figcaption><\/figure>\n\n\n\n<figure class=\"wp-block-embed-youtube wp-block-embed is-type-video is-provider-youtube wp-embed-aspect-16-9 wp-has-aspect-ratio\"><div class=\"wp-block-embed__wrapper\">\nhttps:\/\/www.youtube.com\/watch?v=j1IxdErxAV0\n<\/div><figcaption>Recomendaci\u00f3n musical de la mam\u00e1 de Adriana 4\u00baB<\/figcaption><\/figure>\n\n\n\n<figure class=\"wp-block-embed-youtube wp-block-embed is-type-video is-provider-youtube wp-embed-aspect-16-9 wp-has-aspect-ratio\"><div class=\"wp-block-embed__wrapper\">\n<iframe loading=\"lazy\" title=\"Fito &amp; Fitipaldis- Cerca de las v\u00edas (Videoclip oficial)\" width=\"640\" height=\"360\" src=\"https:\/\/www.youtube.com\/embed\/hr0UrxHaRWA?feature=oembed\" frameborder=\"0\" allow=\"accelerometer; autoplay; clipboard-write; encrypted-media; gyroscope; picture-in-picture; web-share\" referrerpolicy=\"strict-origin-when-cross-origin\" allowfullscreen><\/iframe>\n<\/div><figcaption>Recomendaci\u00f3n musical de David 4\u00baB<\/figcaption><\/figure>\n\n\n\n<figure class=\"wp-block-embed-youtube wp-block-embed is-type-video is-provider-youtube wp-embed-aspect-4-3 wp-has-aspect-ratio\"><div class=\"wp-block-embed__wrapper\">\n<iframe loading=\"lazy\" title=\"Joaquin Sabina - Y Nos Dieron las Diez (Video)\" width=\"640\" height=\"480\" src=\"https:\/\/www.youtube.com\/embed\/J3OtzDWBwOo?feature=oembed\" frameborder=\"0\" allow=\"accelerometer; autoplay; clipboard-write; encrypted-media; gyroscope; picture-in-picture; web-share\" referrerpolicy=\"strict-origin-when-cross-origin\" allowfullscreen><\/iframe>\n<\/div><figcaption>Recomendaci\u00f3n musical Aar\u00f3n 4\u00baB<\/figcaption><\/figure>\n\n\n\n<figure class=\"wp-block-embed-youtube wp-block-embed is-type-video is-provider-youtube wp-embed-aspect-4-3 wp-has-aspect-ratio\"><div class=\"wp-block-embed__wrapper\">\n<iframe loading=\"lazy\" title=\"RBD - Rebelde (videoclip)\" width=\"640\" height=\"480\" src=\"https:\/\/www.youtube.com\/embed\/rQlBy_uxP2w?feature=oembed\" frameborder=\"0\" allow=\"accelerometer; autoplay; clipboard-write; encrypted-media; gyroscope; picture-in-picture; web-share\" referrerpolicy=\"strict-origin-when-cross-origin\" allowfullscreen><\/iframe>\n<\/div><figcaption>Recomendaci\u00f3n musical Roc\u00edo 4\u00baB<\/figcaption><\/figure>\n\n\n\n<figure class=\"wp-block-embed-youtube wp-block-embed is-type-video is-provider-youtube wp-embed-aspect-16-9 wp-has-aspect-ratio\"><div class=\"wp-block-embed__wrapper\">\n<iframe loading=\"lazy\" title=\"Luis Fonsi - Despacito ft. Daddy Yankee\" width=\"640\" height=\"360\" src=\"https:\/\/www.youtube.com\/embed\/kJQP7kiw5Fk?feature=oembed\" frameborder=\"0\" allow=\"accelerometer; autoplay; clipboard-write; encrypted-media; gyroscope; picture-in-picture; web-share\" referrerpolicy=\"strict-origin-when-cross-origin\" allowfullscreen><\/iframe>\n<\/div><figcaption>Recomendaci\u00f3n musical de Ximena 4\u00baB<\/figcaption><\/figure>\n","protected":false},"excerpt":{"rendered":"<p>\u00a1Muy buenas familia! En este espacio iremos colgando todas aquellas fotos, dibujos, v\u00eddeos,\u2026 TODO LO QUE SE OS OCURRA, no teng\u00e1is verg\u00fcenza. As\u00ed, para sentirnos todos un poquito m\u00e1s cerca.Las iremos colocando encima seg\u00fan me las vay\u00e1is enviando.Venga, \u00e1nimo!!!Empezamos\u2026 LOS &hellip; <a href=\"https:\/\/blogs.smbosque.es\/raullopez\/ls-nins-tenemos-cositas\/\">Sigue leyendo <span class=\"meta-nav\">&rarr;<\/span><\/a><\/p>\n","protected":false},"author":77,"featured_media":0,"parent":0,"menu_order":5,"comment_status":"open","ping_status":"closed","template":"","meta":{"footnotes":""},"class_list":["post-350","page","type-page","status-publish","hentry"],"jetpack_sharing_enabled":true,"_links":{"self":[{"href":"https:\/\/blogs.smbosque.es\/raullopez\/wp-json\/wp\/v2\/pages\/350","targetHints":{"allow":["GET"]}}],"collection":[{"href":"https:\/\/blogs.smbosque.es\/raullopez\/wp-json\/wp\/v2\/pages"}],"about":[{"href":"https:\/\/blogs.smbosque.es\/raullopez\/wp-json\/wp\/v2\/types\/page"}],"author":[{"embeddable":true,"href":"https:\/\/blogs.smbosque.es\/raullopez\/wp-json\/wp\/v2\/users\/77"}],"replies":[{"embeddable":true,"href":"https:\/\/blogs.smbosque.es\/raullopez\/wp-json\/wp\/v2\/comments?post=350"}],"version-history":[{"count":28,"href":"https:\/\/blogs.smbosque.es\/raullopez\/wp-json\/wp\/v2\/pages\/350\/revisions"}],"predecessor-version":[{"id":3872,"href":"https:\/\/blogs.smbosque.es\/raullopez\/wp-json\/wp\/v2\/pages\/350\/revisions\/3872"}],"wp:attachment":[{"href":"https:\/\/blogs.smbosque.es\/raullopez\/wp-json\/wp\/v2\/media?parent=350"}],"curies":[{"name":"wp","href":"https:\/\/api.w.org\/{rel}","templated":true}]}}