{"id":3533,"date":"2021-01-18T10:05:45","date_gmt":"2021-01-18T09:05:45","guid":{"rendered":"http:\/\/blogs.smbosque.es\/raullopez\/?page_id=3533"},"modified":"2021-01-25T09:56:15","modified_gmt":"2021-01-25T08:56:15","slug":"unidad-3-las-rocas-y-los-minerales","status":"publish","type":"page","link":"https:\/\/blogs.smbosque.es\/raullopez\/4o-e-p\/soci\/unidad-3-las-rocas-y-los-minerales\/","title":{"rendered":"Unidad 3 &#8211; Las rocas y los minerales"},"content":{"rendered":"\n<p>\u00bfC\u00d3MO ES LA CORTEZA TERRESTRE?<\/p>\n\n\n\n<figure class=\"wp-block-embed-youtube wp-block-embed is-type-video is-provider-youtube wp-embed-aspect-16-9 wp-has-aspect-ratio\"><div class=\"wp-block-embed__wrapper\">\n<iframe loading=\"lazy\" title=\"La Tierra y sus partes | Videos Educativos para Ni\u00f1os\" width=\"640\" height=\"360\" src=\"https:\/\/www.youtube.com\/embed\/8IUnpPkTGwo?start=65&#038;feature=oembed\" frameborder=\"0\" allow=\"accelerometer; autoplay; clipboard-write; encrypted-media; gyroscope; picture-in-picture; web-share\" referrerpolicy=\"strict-origin-when-cross-origin\" allowfullscreen><\/iframe>\n<\/div><\/figure>\n\n\n\n<figure class=\"wp-block-image size-large\"><img loading=\"lazy\" decoding=\"async\" width=\"768\" height=\"648\" src=\"https:\/\/blogs.smbosque.es\/raullopez\/files\/2021\/01\/captie.png\" alt=\"\" class=\"wp-image-3535\" srcset=\"https:\/\/blogs.smbosque.es\/raullopez\/files\/2021\/01\/captie.png 768w, https:\/\/blogs.smbosque.es\/raullopez\/files\/2021\/01\/captie-300x253.png 300w\" sizes=\"auto, (max-width: 768px) 100vw, 768px\" \/><\/figure>\n\n\n\n<figure class=\"wp-block-image size-large\"><img loading=\"lazy\" decoding=\"async\" width=\"640\" height=\"441\" src=\"https:\/\/blogs.smbosque.es\/raullopez\/files\/2021\/01\/geo.jpg\" alt=\"\" class=\"wp-image-3536\" srcset=\"https:\/\/blogs.smbosque.es\/raullopez\/files\/2021\/01\/geo.jpg 640w, https:\/\/blogs.smbosque.es\/raullopez\/files\/2021\/01\/geo-300x207.jpg 300w\" sizes=\"auto, (max-width: 640px) 100vw, 640px\" \/><\/figure>\n\n\n\n<p>QU\u00c9 SON LAS ROCAS<\/p>\n\n\n\n<figure class=\"wp-block-embed-youtube wp-block-embed is-type-video is-provider-youtube wp-embed-aspect-4-3 wp-has-aspect-ratio\"><div class=\"wp-block-embed__wrapper\">\n<iframe loading=\"lazy\" title=\"La Eduteca - Las rocas\" width=\"640\" height=\"480\" src=\"https:\/\/www.youtube.com\/embed\/Hk88dpJA1pQ?feature=oembed\" frameborder=\"0\" allow=\"accelerometer; autoplay; clipboard-write; encrypted-media; gyroscope; picture-in-picture; web-share\" referrerpolicy=\"strict-origin-when-cross-origin\" allowfullscreen><\/iframe>\n<\/div><\/figure>\n\n\n\n<figure class=\"wp-block-embed-youtube wp-block-embed is-type-video is-provider-youtube wp-embed-aspect-16-9 wp-has-aspect-ratio\"><div class=\"wp-block-embed__wrapper\">\n<iframe loading=\"lazy\" title=\"ROCAS Y MINERALES\" width=\"640\" height=\"360\" src=\"https:\/\/www.youtube.com\/embed\/XQJWUUMTKgo?feature=oembed\" frameborder=\"0\" allow=\"accelerometer; autoplay; clipboard-write; encrypted-media; gyroscope; picture-in-picture; web-share\" referrerpolicy=\"strict-origin-when-cross-origin\" allowfullscreen><\/iframe>\n<\/div><\/figure>\n\n\n\n<p>LOS MINERALES FORMAN LAS ROCAS<\/p>\n\n\n\n<figure class=\"wp-block-embed-youtube wp-block-embed is-type-video is-provider-youtube wp-embed-aspect-4-3 wp-has-aspect-ratio\"><div class=\"wp-block-embed__wrapper\">\n<iframe loading=\"lazy\" title=\"La Eduteca - Los minerales\" width=\"640\" height=\"480\" src=\"https:\/\/www.youtube.com\/embed\/Z4GMgIJzrYw?feature=oembed\" frameborder=\"0\" allow=\"accelerometer; autoplay; clipboard-write; encrypted-media; gyroscope; picture-in-picture; web-share\" referrerpolicy=\"strict-origin-when-cross-origin\" allowfullscreen><\/iframe>\n<\/div><\/figure>\n\n\n\n<p>EL SUELO CUBRE LAS ROCAS<\/p>\n\n\n\n<figure class=\"wp-block-embed-youtube wp-block-embed is-type-video is-provider-youtube wp-embed-aspect-16-9 wp-has-aspect-ratio\"><div class=\"wp-block-embed__wrapper\">\n<iframe loading=\"lazy\" title=\"El suelo. Cuidamos la tierra | Videos Educativos para Ni\u00f1os\" width=\"640\" height=\"360\" src=\"https:\/\/www.youtube.com\/embed\/o15eF6F9NL4?feature=oembed\" frameborder=\"0\" allow=\"accelerometer; autoplay; clipboard-write; encrypted-media; gyroscope; picture-in-picture; web-share\" referrerpolicy=\"strict-origin-when-cross-origin\" allowfullscreen><\/iframe>\n<\/div><\/figure>\n\n\n\n<p>PARA APRENDER M\u00c1S: <a rel=\"noreferrer noopener\" href=\"https:\/\/www.slideshare.net\/tonkaantoniaromeroflores\/1-lageosfera-69654292\" target=\"_blank\">1 la-geosfera (slideshare.net)<\/a><\/p>\n\n\n\n<figure class=\"wp-block-embed-youtube wp-block-embed is-type-video is-provider-youtube wp-embed-aspect-4-3 wp-has-aspect-ratio\"><div class=\"wp-block-embed__wrapper\">\n<iframe loading=\"lazy\" title=\"La Formaci\u00f3n de las Rocas con Gea por el IGME (1\/2)\" width=\"640\" height=\"480\" src=\"https:\/\/www.youtube.com\/embed\/Bq9SB-QK394?feature=oembed\" frameborder=\"0\" allow=\"accelerometer; autoplay; clipboard-write; encrypted-media; gyroscope; picture-in-picture; web-share\" referrerpolicy=\"strict-origin-when-cross-origin\" allowfullscreen><\/iframe>\n<\/div><\/figure>\n\n\n\n<figure class=\"wp-block-embed-youtube wp-block-embed is-type-video is-provider-youtube wp-embed-aspect-4-3 wp-has-aspect-ratio\"><div class=\"wp-block-embed__wrapper\">\n<iframe loading=\"lazy\" title=\"La Formaci\u00f3n de las Rocas con Gea por el IGME (2\/2)\" width=\"640\" height=\"480\" src=\"https:\/\/www.youtube.com\/embed\/36m5gZJjv_k?feature=oembed\" frameborder=\"0\" allow=\"accelerometer; autoplay; clipboard-write; encrypted-media; gyroscope; picture-in-picture; web-share\" referrerpolicy=\"strict-origin-when-cross-origin\" allowfullscreen><\/iframe>\n<\/div><\/figure>\n","protected":false},"excerpt":{"rendered":"<p>\u00bfC\u00d3MO ES LA CORTEZA TERRESTRE? QU\u00c9 SON LAS ROCAS LOS MINERALES FORMAN LAS ROCAS EL SUELO CUBRE LAS ROCAS PARA APRENDER M\u00c1S: 1 la-geosfera (slideshare.net)<\/p>\n","protected":false},"author":77,"featured_media":0,"parent":642,"menu_order":3,"comment_status":"closed","ping_status":"closed","template":"","meta":{"footnotes":""},"class_list":["post-3533","page","type-page","status-publish","hentry"],"jetpack_sharing_enabled":true,"_links":{"self":[{"href":"https:\/\/blogs.smbosque.es\/raullopez\/wp-json\/wp\/v2\/pages\/3533","targetHints":{"allow":["GET"]}}],"collection":[{"href":"https:\/\/blogs.smbosque.es\/raullopez\/wp-json\/wp\/v2\/pages"}],"about":[{"href":"https:\/\/blogs.smbosque.es\/raullopez\/wp-json\/wp\/v2\/types\/page"}],"author":[{"embeddable":true,"href":"https:\/\/blogs.smbosque.es\/raullopez\/wp-json\/wp\/v2\/users\/77"}],"replies":[{"embeddable":true,"href":"https:\/\/blogs.smbosque.es\/raullopez\/wp-json\/wp\/v2\/comments?post=3533"}],"version-history":[{"count":9,"href":"https:\/\/blogs.smbosque.es\/raullopez\/wp-json\/wp\/v2\/pages\/3533\/revisions"}],"predecessor-version":[{"id":3560,"href":"https:\/\/blogs.smbosque.es\/raullopez\/wp-json\/wp\/v2\/pages\/3533\/revisions\/3560"}],"up":[{"embeddable":true,"href":"https:\/\/blogs.smbosque.es\/raullopez\/wp-json\/wp\/v2\/pages\/642"}],"wp:attachment":[{"href":"https:\/\/blogs.smbosque.es\/raullopez\/wp-json\/wp\/v2\/media?parent=3533"}],"curies":[{"name":"wp","href":"https:\/\/api.w.org\/{rel}","templated":true}]}}