{"id":3594,"date":"2021-03-01T11:04:08","date_gmt":"2021-03-01T10:04:08","guid":{"rendered":"http:\/\/blogs.smbosque.es\/raullopez\/?page_id=3594"},"modified":"2021-03-01T11:27:04","modified_gmt":"2021-03-01T10:27:04","slug":"unidad-6-fracciones","status":"publish","type":"page","link":"https:\/\/blogs.smbosque.es\/raullopez\/4o-e-p\/mates\/unidad-6-fracciones\/","title":{"rendered":"Unidad 6 &#8211; Fracciones"},"content":{"rendered":"\n<figure class=\"wp-block-embed-youtube wp-block-embed is-type-video is-provider-youtube wp-embed-aspect-16-9 wp-has-aspect-ratio\"><div class=\"wp-block-embed__wrapper\">\n<iframe loading=\"lazy\" title=\"Las Fracciones | Videos Educativos Aula365\" width=\"640\" height=\"360\" src=\"https:\/\/www.youtube.com\/embed\/IvYK2UaFrAU?feature=oembed\" frameborder=\"0\" allow=\"accelerometer; autoplay; clipboard-write; encrypted-media; gyroscope; picture-in-picture; web-share\" referrerpolicy=\"strict-origin-when-cross-origin\" allowfullscreen><\/iframe>\n<\/div><\/figure>\n\n\n\n<p>LECTURA DE FRACCIONES<\/p>\n\n\n\n<figure class=\"wp-block-image\"><img decoding=\"async\" src=\"https:\/\/image.slidesharecdn.com\/procesodefracciones-141011212521-conversion-gate02\/95\/proceso-de-fracciones-2-638.jpg?cb=1413062747\" alt=\"N\u00aa Sra. del Carmen Mate CUARTO B: LECTURA de FRACCIONES\" \/><\/figure>\n\n\n\n<figure class=\"wp-block-embed-youtube wp-block-embed is-type-video is-provider-youtube wp-embed-aspect-16-9 wp-has-aspect-ratio\"><div class=\"wp-block-embed__wrapper\">\n<iframe loading=\"lazy\" title=\"C\u00f3mo se leen las fracciones (medio, tercio, un cuarto) | Fraccionarios\" width=\"640\" height=\"360\" src=\"https:\/\/www.youtube.com\/embed\/dPaehtKN2e8?feature=oembed\" frameborder=\"0\" allow=\"accelerometer; autoplay; clipboard-write; encrypted-media; gyroscope; picture-in-picture; web-share\" referrerpolicy=\"strict-origin-when-cross-origin\" allowfullscreen><\/iframe>\n<\/div><\/figure>\n\n\n\n<figure class=\"wp-block-image\"><img decoding=\"async\" src=\"https:\/\/primaria3naranjos.files.wordpress.com\/2013\/01\/leer-fracciones.png?w=454&amp;h=302\" alt=\"Concepto, t\u00e9rminos, lectura y escritura | Nuestro blog de 5\u00ba y 6\u00ba\" \/><\/figure>\n\n\n\n<p>FRACCIONES PROPIAS E IMPROPIAS<\/p>\n\n\n\n<figure class=\"wp-block-image\"><img decoding=\"async\" src=\"https:\/\/www.pictoeduca.com\/config\/timthumb-alt.php?src=https:\/\/www.pictoeduca.com\/uploads\/2017\/08\/fracciones-propias-e-impropias-Buscar-con-Google-Google-Chrome.jpg&amp;w=847\" alt=\"Fracciones Propias E Impropias - Lessons - Blendspace\" \/><\/figure>\n\n\n\n<figure class=\"wp-block-embed-youtube wp-block-embed is-type-video is-provider-youtube wp-embed-aspect-16-9 wp-has-aspect-ratio\"><div class=\"wp-block-embed__wrapper\">\n<iframe loading=\"lazy\" title=\"Las fracciones: propias, impropias y mixtas\" width=\"640\" height=\"360\" src=\"https:\/\/www.youtube.com\/embed\/WtL1K-G5lOw?feature=oembed\" frameborder=\"0\" allow=\"accelerometer; autoplay; clipboard-write; encrypted-media; gyroscope; picture-in-picture; web-share\" referrerpolicy=\"strict-origin-when-cross-origin\" allowfullscreen><\/iframe>\n<\/div><\/figure>\n\n\n\n<p>COMPARACI\u00d3N DE FRACCIONES<\/p>\n\n\n\n<figure class=\"wp-block-image\"><img decoding=\"async\" src=\"https:\/\/i.pinimg.com\/originals\/a5\/e8\/b3\/a5e8b3a8afe7afa252529a6ea4a60603.png\" alt=\"Comparaci\u00f3n de fracciones | Comparacion de fracciones, Fracciones para  primaria, Comparando fracciones\" \/><\/figure>\n\n\n\n<figure class=\"wp-block-embed-youtube wp-block-embed is-type-video is-provider-youtube wp-embed-aspect-4-3 wp-has-aspect-ratio\"><div class=\"wp-block-embed__wrapper\">\n<iframe loading=\"lazy\" title=\"Matem\u00e1ticas. 4\u00ba Primaria. Tema 9. Comparaci\u00f3n de fracciones\" width=\"640\" height=\"480\" src=\"https:\/\/www.youtube.com\/embed\/v_Co2fPiqkI?feature=oembed\" frameborder=\"0\" allow=\"accelerometer; autoplay; clipboard-write; encrypted-media; gyroscope; picture-in-picture; web-share\" referrerpolicy=\"strict-origin-when-cross-origin\" allowfullscreen><\/iframe>\n<\/div><\/figure>\n\n\n\n<p>FRACCI\u00d3N DE UN N\u00daMERO<\/p>\n\n\n\n<figure class=\"wp-block-embed-youtube wp-block-embed is-type-video is-provider-youtube wp-embed-aspect-4-3 wp-has-aspect-ratio\"><div class=\"wp-block-embed__wrapper\">\n<iframe loading=\"lazy\" title=\"Fracci\u00f3n de un n\u00famero. Mate, 5\u00ba Primaria. Tema 6\" width=\"640\" height=\"480\" src=\"https:\/\/www.youtube.com\/embed\/uJgyi_Aa4LY?feature=oembed\" frameborder=\"0\" allow=\"accelerometer; autoplay; clipboard-write; encrypted-media; gyroscope; picture-in-picture; web-share\" referrerpolicy=\"strict-origin-when-cross-origin\" allowfullscreen><\/iframe>\n<\/div><\/figure>\n","protected":false},"excerpt":{"rendered":"<p>LECTURA DE FRACCIONES FRACCIONES PROPIAS E IMPROPIAS COMPARACI\u00d3N DE FRACCIONES FRACCI\u00d3N DE UN N\u00daMERO<\/p>\n","protected":false},"author":77,"featured_media":0,"parent":622,"menu_order":6,"comment_status":"closed","ping_status":"closed","template":"","meta":{"footnotes":""},"class_list":["post-3594","page","type-page","status-publish","hentry"],"jetpack_sharing_enabled":true,"_links":{"self":[{"href":"https:\/\/blogs.smbosque.es\/raullopez\/wp-json\/wp\/v2\/pages\/3594","targetHints":{"allow":["GET"]}}],"collection":[{"href":"https:\/\/blogs.smbosque.es\/raullopez\/wp-json\/wp\/v2\/pages"}],"about":[{"href":"https:\/\/blogs.smbosque.es\/raullopez\/wp-json\/wp\/v2\/types\/page"}],"author":[{"embeddable":true,"href":"https:\/\/blogs.smbosque.es\/raullopez\/wp-json\/wp\/v2\/users\/77"}],"replies":[{"embeddable":true,"href":"https:\/\/blogs.smbosque.es\/raullopez\/wp-json\/wp\/v2\/comments?post=3594"}],"version-history":[{"count":8,"href":"https:\/\/blogs.smbosque.es\/raullopez\/wp-json\/wp\/v2\/pages\/3594\/revisions"}],"predecessor-version":[{"id":3602,"href":"https:\/\/blogs.smbosque.es\/raullopez\/wp-json\/wp\/v2\/pages\/3594\/revisions\/3602"}],"up":[{"embeddable":true,"href":"https:\/\/blogs.smbosque.es\/raullopez\/wp-json\/wp\/v2\/pages\/622"}],"wp:attachment":[{"href":"https:\/\/blogs.smbosque.es\/raullopez\/wp-json\/wp\/v2\/media?parent=3594"}],"curies":[{"name":"wp","href":"https:\/\/api.w.org\/{rel}","templated":true}]}}