{"id":3603,"date":"2021-03-02T18:07:04","date_gmt":"2021-03-02T17:07:04","guid":{"rendered":"http:\/\/blogs.smbosque.es\/raullopez\/?page_id=3603"},"modified":"2021-03-02T19:09:11","modified_gmt":"2021-03-02T18:09:11","slug":"unidad-4-el-tiempo-y-el-clima","status":"publish","type":"page","link":"https:\/\/blogs.smbosque.es\/raullopez\/4o-e-p\/soci\/unidad-4-el-tiempo-y-el-clima\/","title":{"rendered":"Unidad 4 &#8211; El tiempo y el clima"},"content":{"rendered":"\n<p>\u00bfC\u00d3MO ES LA ATM\u00d3SFERA?<\/p>\n\n\n\n<figure class=\"wp-block-image size-large\"><img loading=\"lazy\" decoding=\"async\" width=\"960\" height=\"582\" src=\"https:\/\/blogs.smbosque.es\/raullopez\/files\/2021\/03\/1.png\" alt=\"\" class=\"wp-image-3605\" srcset=\"https:\/\/blogs.smbosque.es\/raullopez\/files\/2021\/03\/1.png 960w, https:\/\/blogs.smbosque.es\/raullopez\/files\/2021\/03\/1-300x182.png 300w, https:\/\/blogs.smbosque.es\/raullopez\/files\/2021\/03\/1-768x466.png 768w\" sizes=\"auto, (max-width: 960px) 100vw, 960px\" \/><\/figure>\n\n\n\n<div class=\"wp-block-file\"><a href=\"https:\/\/blogs.smbosque.es\/raullopez\/files\/2021\/03\/1-1.png\">\u00bfC\u00f3mo se cre\u00f3 la atm\u00f3sfera?<\/a><a href=\"https:\/\/blogs.smbosque.es\/raullopez\/files\/2021\/03\/1-1.png\" class=\"wp-block-file__button\" download>Descarga<\/a><\/div>\n\n\n\n<figure class=\"wp-block-embed-youtube wp-block-embed is-type-video is-provider-youtube wp-embed-aspect-16-9 wp-has-aspect-ratio\"><div class=\"wp-block-embed__wrapper\">\n<iframe loading=\"lazy\" title=\"capas de la ATM\u00d3SFERA terrestre para ni\u00f1os de primaria\" width=\"640\" height=\"360\" src=\"https:\/\/www.youtube.com\/embed\/cBMkWUkoJ9s?feature=oembed\" frameborder=\"0\" allow=\"accelerometer; autoplay; clipboard-write; encrypted-media; gyroscope; picture-in-picture; web-share\" referrerpolicy=\"strict-origin-when-cross-origin\" allowfullscreen><\/iframe>\n<\/div><\/figure>\n\n\n\n<figure class=\"wp-block-gallery columns-1 is-cropped wp-block-gallery-1 is-layout-flex wp-block-gallery-is-layout-flex\"><ul class=\"blocks-gallery-grid\"><li class=\"blocks-gallery-item\"><figure><img loading=\"lazy\" decoding=\"async\" width=\"300\" height=\"400\" src=\"https:\/\/blogs.smbosque.es\/raullopez\/files\/2021\/03\/3.jpg\" alt=\"\" data-id=\"3607\" class=\"wp-image-3607\" srcset=\"https:\/\/blogs.smbosque.es\/raullopez\/files\/2021\/03\/3.jpg 300w, https:\/\/blogs.smbosque.es\/raullopez\/files\/2021\/03\/3-225x300.jpg 225w\" sizes=\"auto, (max-width: 300px) 100vw, 300px\" \/><\/figure><\/li><\/ul><\/figure>\n\n\n\n<figure class=\"wp-block-gallery columns-1 is-cropped wp-block-gallery-2 is-layout-flex wp-block-gallery-is-layout-flex\"><ul class=\"blocks-gallery-grid\"><li class=\"blocks-gallery-item\"><figure><img loading=\"lazy\" decoding=\"async\" width=\"1024\" height=\"576\" src=\"https:\/\/blogs.smbosque.es\/raullopez\/files\/2021\/03\/4-1024x576.jpg\" alt=\"\" data-id=\"3608\" class=\"wp-image-3608\" srcset=\"https:\/\/blogs.smbosque.es\/raullopez\/files\/2021\/03\/4-1024x576.jpg 1024w, https:\/\/blogs.smbosque.es\/raullopez\/files\/2021\/03\/4-300x169.jpg 300w, https:\/\/blogs.smbosque.es\/raullopez\/files\/2021\/03\/4-768x432.jpg 768w, https:\/\/blogs.smbosque.es\/raullopez\/files\/2021\/03\/4.jpg 1280w\" sizes=\"auto, (max-width: 1024px) 100vw, 1024px\" \/><\/figure><\/li><\/ul><\/figure>\n\n\n\n<figure class=\"wp-block-image size-large\"><img loading=\"lazy\" decoding=\"async\" width=\"1024\" height=\"912\" src=\"https:\/\/blogs.smbosque.es\/raullopez\/files\/2021\/03\/2.jpg\" alt=\"\" class=\"wp-image-3606\" srcset=\"https:\/\/blogs.smbosque.es\/raullopez\/files\/2021\/03\/2.jpg 1024w, https:\/\/blogs.smbosque.es\/raullopez\/files\/2021\/03\/2-300x267.jpg 300w, https:\/\/blogs.smbosque.es\/raullopez\/files\/2021\/03\/2-768x684.jpg 768w\" sizes=\"auto, (max-width: 1024px) 100vw, 1024px\" \/><\/figure>\n\n\n\n<figure class=\"wp-block-embed-youtube wp-block-embed is-type-video is-provider-youtube wp-embed-aspect-16-9 wp-has-aspect-ratio\"><div class=\"wp-block-embed__wrapper\">\n<iframe loading=\"lazy\" title=\"La atm\u00f3sfera | Videos Educativos para ni\u00f1os.\" width=\"640\" height=\"360\" src=\"https:\/\/www.youtube.com\/embed\/enbHn4vxY34?feature=oembed\" frameborder=\"0\" allow=\"accelerometer; autoplay; clipboard-write; encrypted-media; gyroscope; picture-in-picture; web-share\" referrerpolicy=\"strict-origin-when-cross-origin\" allowfullscreen><\/iframe>\n<\/div><\/figure>\n\n\n\n<figure class=\"wp-block-embed-youtube wp-block-embed is-type-video is-provider-youtube wp-embed-aspect-16-9 wp-has-aspect-ratio\"><div class=\"wp-block-embed__wrapper\">\n<iframe loading=\"lazy\" title=\"La Atm\u00f3sfera - Las capas de la tierra - Ciencias para ni\u00f1os\" width=\"640\" height=\"360\" src=\"https:\/\/www.youtube.com\/embed\/PbbSHYkAaFo?feature=oembed\" frameborder=\"0\" allow=\"accelerometer; autoplay; clipboard-write; encrypted-media; gyroscope; picture-in-picture; web-share\" referrerpolicy=\"strict-origin-when-cross-origin\" allowfullscreen><\/iframe>\n<\/div><\/figure>\n\n\n\n<figure class=\"wp-block-embed-youtube wp-block-embed is-type-video is-provider-youtube wp-embed-aspect-16-9 wp-has-aspect-ratio\"><div class=\"wp-block-embed__wrapper\">\n<iframe loading=\"lazy\" title=\"\u00bfCu\u00e1les son las capas de la atm\u00f3sfera y sus funciones? | Animaci\u00f3n | Hidden Nature\" width=\"640\" height=\"360\" src=\"https:\/\/www.youtube.com\/embed\/l8rlX0cSUU8?feature=oembed\" frameborder=\"0\" allow=\"accelerometer; autoplay; clipboard-write; encrypted-media; gyroscope; picture-in-picture; web-share\" referrerpolicy=\"strict-origin-when-cross-origin\" allowfullscreen><\/iframe>\n<\/div><\/figure>\n\n\n\n<p>LA ATM\u00d3SFERA Y EL TIEMPO<\/p>\n\n\n\n<figure class=\"wp-block-embed-youtube wp-block-embed is-type-video is-provider-youtube wp-embed-aspect-4-3 wp-has-aspect-ratio\"><div class=\"wp-block-embed__wrapper\">\n<iframe loading=\"lazy\" title=\"La Eduteca - El tiempo atmosf\u00e9rico\" width=\"640\" height=\"480\" src=\"https:\/\/www.youtube.com\/embed\/65mS782mCLQ?feature=oembed\" frameborder=\"0\" allow=\"accelerometer; autoplay; clipboard-write; encrypted-media; gyroscope; picture-in-picture; web-share\" referrerpolicy=\"strict-origin-when-cross-origin\" allowfullscreen><\/iframe>\n<\/div><\/figure>\n\n\n\n<figure class=\"wp-block-image size-large\"><img loading=\"lazy\" decoding=\"async\" width=\"960\" height=\"720\" src=\"https:\/\/blogs.smbosque.es\/raullopez\/files\/2021\/03\/11.jpg\" alt=\"\" class=\"wp-image-3617\" srcset=\"https:\/\/blogs.smbosque.es\/raullopez\/files\/2021\/03\/11.jpg 960w, https:\/\/blogs.smbosque.es\/raullopez\/files\/2021\/03\/11-300x225.jpg 300w, https:\/\/blogs.smbosque.es\/raullopez\/files\/2021\/03\/11-768x576.jpg 768w\" sizes=\"auto, (max-width: 960px) 100vw, 960px\" \/><figcaption>Temperatura del aire: Causa calor o frio en un lugar determinado. Si la temperatura del aire es baja, hace fr\u00edo y cuando es alta, hace calor. Vapor de agua: Causa las precipitaciones que es agua que cae desde la atm\u00f3sfera, las precipitaciones pueden ser en forma de nieve, granizo o lluvia. Viento : Es el aire en movimiento, dependiendo de su fuerza puede ser una suave brisa o un hurac\u00e1n. Los fen\u00f3menos atmosf\u00e9ricos.<\/figcaption><\/figure>\n\n\n\n<figure class=\"wp-block-embed-youtube wp-block-embed is-type-video is-provider-youtube wp-embed-aspect-16-9 wp-has-aspect-ratio\"><div class=\"wp-block-embed__wrapper\">\n<iframe loading=\"lazy\" title=\"Elementos del clima | Planeta Darwin | Ciencias naturales 6\u00ba b\u00e1sico\" width=\"640\" height=\"360\" src=\"https:\/\/www.youtube.com\/embed\/7ww76x8xSp0?feature=oembed\" frameborder=\"0\" allow=\"accelerometer; autoplay; clipboard-write; encrypted-media; gyroscope; picture-in-picture; web-share\" referrerpolicy=\"strict-origin-when-cross-origin\" allowfullscreen><\/iframe>\n<\/div><\/figure>\n\n\n\n<p>LOS MAPAS DEL TIEMPO<\/p>\n\n\n\n<figure class=\"wp-block-image size-large\"><img loading=\"lazy\" decoding=\"async\" width=\"816\" height=\"1024\" src=\"https:\/\/blogs.smbosque.es\/raullopez\/files\/2021\/03\/14-816x1024.png\" alt=\"\" class=\"wp-image-3620\" srcset=\"https:\/\/blogs.smbosque.es\/raullopez\/files\/2021\/03\/14-816x1024.png 816w, https:\/\/blogs.smbosque.es\/raullopez\/files\/2021\/03\/14-239x300.png 239w, https:\/\/blogs.smbosque.es\/raullopez\/files\/2021\/03\/14-768x964.png 768w, https:\/\/blogs.smbosque.es\/raullopez\/files\/2021\/03\/14.png 1200w\" sizes=\"auto, (max-width: 816px) 100vw, 816px\" \/><\/figure>\n\n\n\n<figure class=\"wp-block-embed-youtube wp-block-embed is-type-video is-provider-youtube wp-embed-aspect-16-9 wp-has-aspect-ratio\"><div class=\"wp-block-embed__wrapper\">\n<iframe loading=\"lazy\" title=\"\u00bfQu\u00e9 son y c\u00f3mo funcionan las estaciones meteorol\u00f3gicas?\" width=\"640\" height=\"360\" src=\"https:\/\/www.youtube.com\/embed\/vPX9dCF-dg8?feature=oembed\" frameborder=\"0\" allow=\"accelerometer; autoplay; clipboard-write; encrypted-media; gyroscope; picture-in-picture; web-share\" referrerpolicy=\"strict-origin-when-cross-origin\" allowfullscreen><\/iframe>\n<\/div><\/figure>\n\n\n\n<figure class=\"wp-block-embed-youtube wp-block-embed is-type-video is-provider-youtube wp-embed-aspect-16-9 wp-has-aspect-ratio\"><div class=\"wp-block-embed__wrapper\">\n<iframe loading=\"lazy\" title=\"\u00bfC\u00f3mo hacer una estaci\u00f3n meteorol\u00f3gica casera? | METEOp\u00edldoras\" width=\"640\" height=\"360\" src=\"https:\/\/www.youtube.com\/embed\/5bvSgAhdjpw?feature=oembed\" frameborder=\"0\" allow=\"accelerometer; autoplay; clipboard-write; encrypted-media; gyroscope; picture-in-picture; web-share\" referrerpolicy=\"strict-origin-when-cross-origin\" allowfullscreen><\/iframe>\n<\/div><\/figure>\n\n\n\n<p>LOS CLIMAS DE ESPA\u00d1A<\/p>\n\n\n\n<figure class=\"wp-block-embed-youtube wp-block-embed is-type-video is-provider-youtube wp-embed-aspect-16-9 wp-has-aspect-ratio\"><div class=\"wp-block-embed__wrapper\">\n<iframe loading=\"lazy\" title=\"Tipos de climas en Espa\u00f1a\" width=\"640\" height=\"360\" src=\"https:\/\/www.youtube.com\/embed\/jSR_JV3nfCM?feature=oembed\" frameborder=\"0\" allow=\"accelerometer; autoplay; clipboard-write; encrypted-media; gyroscope; picture-in-picture; web-share\" referrerpolicy=\"strict-origin-when-cross-origin\" allowfullscreen><\/iframe>\n<\/div><\/figure>\n\n\n\n<figure class=\"wp-block-image size-large is-resized\"><img loading=\"lazy\" decoding=\"async\" src=\"https:\/\/blogs.smbosque.es\/raullopez\/files\/2021\/03\/23.png\" alt=\"\" class=\"wp-image-3627\" width=\"765\" height=\"498\" srcset=\"https:\/\/blogs.smbosque.es\/raullopez\/files\/2021\/03\/23.png 576w, https:\/\/blogs.smbosque.es\/raullopez\/files\/2021\/03\/23-300x195.png 300w\" sizes=\"auto, (max-width: 765px) 100vw, 765px\" \/><\/figure>\n\n\n\n<p>CLIMAS DEL MUNDO<\/p>\n\n\n\n<figure class=\"wp-block-image size-large\"><img loading=\"lazy\" decoding=\"async\" width=\"1024\" height=\"538\" src=\"https:\/\/blogs.smbosque.es\/raullopez\/files\/2021\/03\/99.png\" alt=\"\" class=\"wp-image-3632\" srcset=\"https:\/\/blogs.smbosque.es\/raullopez\/files\/2021\/03\/99.png 1024w, https:\/\/blogs.smbosque.es\/raullopez\/files\/2021\/03\/99-300x158.png 300w, https:\/\/blogs.smbosque.es\/raullopez\/files\/2021\/03\/99-768x404.png 768w\" sizes=\"auto, (max-width: 1024px) 100vw, 1024px\" \/><\/figure>\n\n\n\n<figure class=\"wp-block-image size-large\"><img loading=\"lazy\" decoding=\"async\" width=\"1024\" height=\"733\" src=\"https:\/\/blogs.smbosque.es\/raullopez\/files\/2021\/03\/55-1024x733.jpg\" alt=\"\" class=\"wp-image-3629\" srcset=\"https:\/\/blogs.smbosque.es\/raullopez\/files\/2021\/03\/55-1024x733.jpg 1024w, https:\/\/blogs.smbosque.es\/raullopez\/files\/2021\/03\/55-300x215.jpg 300w, https:\/\/blogs.smbosque.es\/raullopez\/files\/2021\/03\/55-768x550.jpg 768w, https:\/\/blogs.smbosque.es\/raullopez\/files\/2021\/03\/55-1536x1099.jpg 1536w, https:\/\/blogs.smbosque.es\/raullopez\/files\/2021\/03\/55.jpg 1600w\" sizes=\"auto, (max-width: 1024px) 100vw, 1024px\" \/><\/figure>\n\n\n\n<figure class=\"wp-block-embed-youtube wp-block-embed is-type-video is-provider-youtube wp-embed-aspect-16-9 wp-has-aspect-ratio\"><div class=\"wp-block-embed__wrapper\">\n<iframe loading=\"lazy\" title=\"El clima para ni\u00f1os - Los tipos de clima del mundo\" width=\"640\" height=\"360\" src=\"https:\/\/www.youtube.com\/embed\/z_dZQuZQTQs?feature=oembed\" frameborder=\"0\" allow=\"accelerometer; autoplay; clipboard-write; encrypted-media; gyroscope; picture-in-picture; web-share\" referrerpolicy=\"strict-origin-when-cross-origin\" allowfullscreen><\/iframe>\n<\/div><\/figure>\n\n\n\n<figure class=\"wp-block-image size-large is-resized\"><img loading=\"lazy\" decoding=\"async\" src=\"https:\/\/blogs.smbosque.es\/raullopez\/files\/2021\/03\/56-1024x367.jpg\" alt=\"\" class=\"wp-image-3630\" width=\"723\" height=\"259\" srcset=\"https:\/\/blogs.smbosque.es\/raullopez\/files\/2021\/03\/56-1024x367.jpg 1024w, https:\/\/blogs.smbosque.es\/raullopez\/files\/2021\/03\/56-300x108.jpg 300w, https:\/\/blogs.smbosque.es\/raullopez\/files\/2021\/03\/56-768x276.jpg 768w, https:\/\/blogs.smbosque.es\/raullopez\/files\/2021\/03\/56-1536x551.jpg 1536w, https:\/\/blogs.smbosque.es\/raullopez\/files\/2021\/03\/56-2048x735.jpg 2048w\" sizes=\"auto, (max-width: 723px) 100vw, 723px\" \/><\/figure>\n","protected":false},"excerpt":{"rendered":"<p>\u00bfC\u00d3MO ES LA ATM\u00d3SFERA? LA ATM\u00d3SFERA Y EL TIEMPO LOS MAPAS DEL TIEMPO LOS CLIMAS DE ESPA\u00d1A CLIMAS DEL MUNDO<\/p>\n","protected":false},"author":77,"featured_media":0,"parent":642,"menu_order":4,"comment_status":"closed","ping_status":"closed","template":"","meta":{"footnotes":""},"class_list":["post-3603","page","type-page","status-publish","hentry"],"jetpack_sharing_enabled":true,"_links":{"self":[{"href":"https:\/\/blogs.smbosque.es\/raullopez\/wp-json\/wp\/v2\/pages\/3603","targetHints":{"allow":["GET"]}}],"collection":[{"href":"https:\/\/blogs.smbosque.es\/raullopez\/wp-json\/wp\/v2\/pages"}],"about":[{"href":"https:\/\/blogs.smbosque.es\/raullopez\/wp-json\/wp\/v2\/types\/page"}],"author":[{"embeddable":true,"href":"https:\/\/blogs.smbosque.es\/raullopez\/wp-json\/wp\/v2\/users\/77"}],"replies":[{"embeddable":true,"href":"https:\/\/blogs.smbosque.es\/raullopez\/wp-json\/wp\/v2\/comments?post=3603"}],"version-history":[{"count":19,"href":"https:\/\/blogs.smbosque.es\/raullopez\/wp-json\/wp\/v2\/pages\/3603\/revisions"}],"predecessor-version":[{"id":3635,"href":"https:\/\/blogs.smbosque.es\/raullopez\/wp-json\/wp\/v2\/pages\/3603\/revisions\/3635"}],"up":[{"embeddable":true,"href":"https:\/\/blogs.smbosque.es\/raullopez\/wp-json\/wp\/v2\/pages\/642"}],"wp:attachment":[{"href":"https:\/\/blogs.smbosque.es\/raullopez\/wp-json\/wp\/v2\/media?parent=3603"}],"curies":[{"name":"wp","href":"https:\/\/api.w.org\/{rel}","templated":true}]}}