{"id":3762,"date":"2021-05-09T15:17:38","date_gmt":"2021-05-09T13:17:38","guid":{"rendered":"https:\/\/blogs.smbosque.es\/raullopez\/?page_id=3762"},"modified":"2021-05-10T15:04:47","modified_gmt":"2021-05-10T13:04:47","slug":"unidad-9-los-poligonos","status":"publish","type":"page","link":"https:\/\/blogs.smbosque.es\/raullopez\/4o-e-p\/mates\/unidad-9-los-poligonos\/","title":{"rendered":"Unidad 9 &#8211; Los Pol\u00edgonos"},"content":{"rendered":"\n<div class=\"wp-block-file\"><a href=\"https:\/\/blogs.smbosque.es\/raullopez\/files\/2021\/05\/Los-poli\u0301gonos-2-1.pptx\">Los-poli\u0301gonos<\/a><a href=\"https:\/\/blogs.smbosque.es\/raullopez\/files\/2021\/05\/Los-poli\u0301gonos-2-1.pptx\" class=\"wp-block-file__button\" download>Descarga<\/a><\/div>\n\n\n\n<ul class=\"wp-block-list\"><li>Empezamos tema nuevo. Tema 9: Los Pol\u00edgonos.<\/li><li>Recordad lo que ya sab\u00e9is: <\/li><\/ul>\n\n\n\n<figure class=\"wp-block-image size-large\"><img loading=\"lazy\" decoding=\"async\" width=\"1024\" height=\"378\" src=\"https:\/\/blogs.smbosque.es\/raullopez\/files\/2020\/03\/poligono-1024x378.png\" alt=\"\" class=\"wp-image-419\" srcset=\"https:\/\/blogs.smbosque.es\/raullopez\/files\/2020\/03\/poligono-1024x378.png 1024w, https:\/\/blogs.smbosque.es\/raullopez\/files\/2020\/03\/poligono-300x111.png 300w, https:\/\/blogs.smbosque.es\/raullopez\/files\/2020\/03\/poligono-768x284.png 768w, https:\/\/blogs.smbosque.es\/raullopez\/files\/2020\/03\/poligono.png 1380w\" sizes=\"auto, (max-width: 1024px) 100vw, 1024px\" \/><\/figure>\n\n\n\n<ul class=\"wp-block-list\"><li>Tambi\u00e9n os ayudar\u00e1 este <a rel=\"noreferrer noopener\" aria-label=\" (se abre en una nueva pesta\u00f1a)\" href=\"https:\/\/youtu.be\/AwdOocKn6m0\" target=\"_blank\">v\u00eddeo<\/a>:<\/li><\/ul>\n\n\n\n<figure class=\"wp-block-embed is-type-video is-provider-youtube wp-block-embed-youtube wp-embed-aspect-16-9 wp-has-aspect-ratio\"><div class=\"wp-block-embed__wrapper\">\n<iframe loading=\"lazy\" title=\"Los Pol\u00edgonos | Videos Educativos para Ni\u00f1os\" width=\"640\" height=\"360\" src=\"https:\/\/www.youtube.com\/embed\/AwdOocKn6m0?feature=oembed\" frameborder=\"0\" allow=\"accelerometer; autoplay; clipboard-write; encrypted-media; gyroscope; picture-in-picture; web-share\" referrerpolicy=\"strict-origin-when-cross-origin\" allowfullscreen><\/iframe>\n<\/div><\/figure>\n\n\n\n<ul class=\"wp-block-list\"><li>A continuaci\u00f3n estudiad las p\u00e1ginas 150 (clasificaci\u00f3n de pol\u00edgonos) y 151 (Pol\u00edgonos regulares).<\/li><\/ul>\n\n\n\n<figure class=\"wp-block-image size-large is-resized\"><img loading=\"lazy\" decoding=\"async\" src=\"https:\/\/blogs.smbosque.es\/raullopez\/files\/2020\/03\/POLIGONOS.jpg\" alt=\"\" class=\"wp-image-436\" width=\"545\" height=\"604\" srcset=\"https:\/\/blogs.smbosque.es\/raullopez\/files\/2020\/03\/POLIGONOS.jpg 564w, https:\/\/blogs.smbosque.es\/raullopez\/files\/2020\/03\/POLIGONOS-271x300.jpg 271w\" sizes=\"auto, (max-width: 545px) 100vw, 545px\" \/><\/figure>\n\n\n\n<ul class=\"wp-block-list\"><li>Bienvenidos al maravilloso mundo de los TRI\u00c1NGULOS.<\/li><li>Hoy toca trabajar con las p\u00e1ginas 152 y 153.<\/li><\/ul>\n\n\n\n<div class=\"wp-block-file\"><a href=\"https:\/\/blogs.smbosque.es\/raullopez\/files\/2020\/03\/mates152-1.png\">mates p\u00e1gina 152<\/a><a href=\"https:\/\/blogs.smbosque.es\/raullopez\/files\/2020\/03\/mates152-1.png\" class=\"wp-block-file__button\" download>Descarga<\/a><\/div>\n\n\n\n<div class=\"wp-block-file\"><a href=\"https:\/\/blogs.smbosque.es\/raullopez\/files\/2020\/03\/mates153-1.png\">mates p\u00e1gina 153<\/a><a href=\"https:\/\/blogs.smbosque.es\/raullopez\/files\/2020\/03\/mates153-1.png\" class=\"wp-block-file__button\" download>Descarga<\/a><\/div>\n\n\n\n<ul class=\"wp-block-list\"><li>Recordad:<\/li><\/ul>\n\n\n\n<figure class=\"wp-block-image size-large\"><img loading=\"lazy\" decoding=\"async\" width=\"945\" height=\"735\" src=\"https:\/\/blogs.smbosque.es\/raullopez\/files\/2020\/03\/triangulos.png\" alt=\"\" class=\"wp-image-468\" srcset=\"https:\/\/blogs.smbosque.es\/raullopez\/files\/2020\/03\/triangulos.png 945w, https:\/\/blogs.smbosque.es\/raullopez\/files\/2020\/03\/triangulos-300x233.png 300w, https:\/\/blogs.smbosque.es\/raullopez\/files\/2020\/03\/triangulos-768x597.png 768w\" sizes=\"auto, (max-width: 945px) 100vw, 945px\" \/><figcaption>Clasificaci\u00f3n de los tri\u00e1ngulos.<\/figcaption><\/figure>\n\n\n\n<ul class=\"wp-block-list\"><li>Tambi\u00e9n os ayudar\u00e1n estos v\u00eddeos:<\/li><\/ul>\n\n\n\n<figure class=\"wp-block-embed is-type-video is-provider-youtube wp-block-embed-youtube wp-embed-aspect-16-9 wp-has-aspect-ratio\"><div class=\"wp-block-embed__wrapper\">\n<iframe loading=\"lazy\" title=\"Los Triangulos | Videos Educativos para Ni\u00f1os \u2601\" width=\"640\" height=\"360\" src=\"https:\/\/www.youtube.com\/embed\/RGeOmrvRmFc?feature=oembed\" frameborder=\"0\" allow=\"accelerometer; autoplay; clipboard-write; encrypted-media; gyroscope; picture-in-picture; web-share\" referrerpolicy=\"strict-origin-when-cross-origin\" allowfullscreen><\/iframe>\n<\/div><\/figure>\n\n\n\n<figure class=\"wp-block-embed is-type-video is-provider-youtube wp-block-embed-youtube wp-embed-aspect-16-9 wp-has-aspect-ratio\"><div class=\"wp-block-embed__wrapper\">\n<iframe loading=\"lazy\" title=\"Tri\u00e1ngulos\" width=\"640\" height=\"360\" src=\"https:\/\/www.youtube.com\/embed\/zSnRTTOFSpQ?feature=oembed\" frameborder=\"0\" allow=\"accelerometer; autoplay; clipboard-write; encrypted-media; gyroscope; picture-in-picture; web-share\" referrerpolicy=\"strict-origin-when-cross-origin\" allowfullscreen><\/iframe>\n<\/div><\/figure>\n\n\n\n<ul class=\"wp-block-list\"><li>Realizad las siguientes actividades en vuestros cuadernos: &nbsp;<\/li><\/ul>\n\n\n\n<div class=\"wp-block-file\"><a href=\"https:\/\/blogs.smbosque.es\/raullopez\/files\/2020\/03\/Tarea-mates-25-03.pdf\">Tarea-mates-25-03<\/a><a href=\"https:\/\/blogs.smbosque.es\/raullopez\/files\/2020\/03\/Tarea-mates-25-03.pdf\" class=\"wp-block-file__button\" download>Descarga<\/a><\/div>\n\n\n\n<ul class=\"wp-block-list\"><li>Y por \u00faltimo, pasad vuestras respuestas a <a rel=\"noreferrer noopener\" aria-label=\"iDoceo (se abre en una nueva pesta\u00f1a)\" href=\"https:\/\/connect.idoceo.net\" target=\"_blank\">iDoceo<\/a>: <a rel=\"noreferrer noopener\" aria-label=\" (se abre en una nueva pesta\u00f1a)\" href=\"https:\/\/connect.idoceo.net\" target=\"_blank\">https:\/\/connect.idoceo.net<\/a><\/li><li>Pin iDoceo Mates: 73082<\/li><\/ul>\n\n\n\n<ul class=\"wp-block-list\"><li>Continuamos con los pol\u00edgonos de 4 lados&#8230;\u00a1Exacto, los<strong> CUADRIL\u00c1TEROS<\/strong>!<\/li><li>Hoy toca trabajar con las p\u00e1ginas 154 y 155. Aqu\u00ed las ten\u00e9is:<\/li><\/ul>\n\n\n\n<div class=\"wp-block-file\"><a href=\"https:\/\/blogs.smbosque.es\/raullopez\/files\/2020\/03\/mates-154-1.png\">P\u00e1gina 154 de Mates<\/a><a href=\"https:\/\/blogs.smbosque.es\/raullopez\/files\/2020\/03\/mates-154-1.png\" class=\"wp-block-file__button\" download>Descarga<\/a><\/div>\n\n\n\n<div class=\"wp-block-file\"><a href=\"https:\/\/blogs.smbosque.es\/raullopez\/files\/2020\/03\/mates-154.png\">P\u00e1gina 155 de Mates <\/a><a href=\"https:\/\/blogs.smbosque.es\/raullopez\/files\/2020\/03\/mates-154.png\" class=\"wp-block-file__button\" download>Descarga<\/a><\/div>\n\n\n\n<ul class=\"wp-block-list\"><li>Tambi\u00e9n os ayudar\u00e1 este v\u00eddeo:<\/li><\/ul>\n\n\n\n<figure class=\"wp-block-embed is-type-video is-provider-youtube wp-block-embed-youtube wp-embed-aspect-16-9 wp-has-aspect-ratio\"><div class=\"wp-block-embed__wrapper\">\n<iframe loading=\"lazy\" title=\"Figuras planas: clasificaci\u00f3n de cuadril\u00e1teros\" width=\"640\" height=\"360\" src=\"https:\/\/www.youtube.com\/embed\/tEeSvfvEUu4?feature=oembed\" frameborder=\"0\" allow=\"accelerometer; autoplay; clipboard-write; encrypted-media; gyroscope; picture-in-picture; web-share\" referrerpolicy=\"strict-origin-when-cross-origin\" allowfullscreen><\/iframe>\n<\/div><\/figure>\n\n\n\n<ul class=\"wp-block-list\"><li>Realizad las siguientes actividades en vuestros cuadernos:<\/li><\/ul>\n\n\n\n<div class=\"wp-block-file\"><a href=\"https:\/\/blogs.smbosque.es\/raullopez\/files\/2020\/03\/Tarea-mates-26-03.pdf\">Tarea-mates-26-03<\/a><a href=\"https:\/\/blogs.smbosque.es\/raullopez\/files\/2020\/03\/Tarea-mates-26-03.pdf\" class=\"wp-block-file__button\" download>Descarga<\/a><\/div>\n\n\n\n<ul class=\"wp-block-list\"><li>Y por \u00faltimo, pasad vuestras respuestas a <a rel=\"noreferrer noopener\" aria-label=\"iDoceo (se abre en una nueva pesta\u00f1a)\" href=\"https:\/\/connect.idoceo.net\" target=\"_blank\">iDoceo<\/a>: <a rel=\"noreferrer noopener\" aria-label=\" (se abre en una nueva pesta\u00f1a)\" href=\"https:\/\/connect.idoceo.net\" target=\"_blank\">https:\/\/connect.idoceo.net<\/a><\/li><li>Pin iDoceo Mates: 28775<\/li><\/ul>\n\n\n\n<ul class=\"wp-block-list\"><li>Continuamos con el tema 9. Hoy vamos a ver lo que es el PER\u00cdMETRO de un pol\u00edgono.<\/li><li> Nos situamos en la p\u00e1gina 156. Aqu\u00ed la ten\u00e9is:<\/li><\/ul>\n\n\n\n<div class=\"wp-block-file\"><a href=\"https:\/\/blogs.smbosque.es\/raullopez\/files\/2020\/03\/156.png\">Mates p\u00e1gina 156<\/a><a href=\"https:\/\/blogs.smbosque.es\/raullopez\/files\/2020\/03\/156.png\" class=\"wp-block-file__button\" download>Descarga<\/a><\/div>\n\n\n\n<ul class=\"wp-block-list\"><li>Como pod\u00e9is ver, <strong>\u201cEl per\u00edmetro de un pol\u00edgono es la suma de las longitudes de sus lados\u201d. <\/strong><br>Para hallarlo en cualquier pol\u00edgono ten\u00e9is que <em>medir sus lados<\/em>, <em>sumarlos todos<\/em> y el resultado ser\u00e1 su per\u00edmetro, f\u00e1cil, \u00bfverdad? <br>En el ejemplo que viene en el libro se expresar\u00eda as\u00ed: <\/li><\/ul>\n\n\n\n<p>p\n= 7 cm + 5 cm + 6 cm = 18 cm<\/p>\n\n\n\n<p>P\n= 18 cm<\/p>\n\n\n\n<ul class=\"wp-block-list\"><li>Recordad que si el pol\u00edgono es regular, todos sus lados miden lo mismo. <br>Esto nos ayudar\u00e1 a la hora de calcular su per\u00edmetro.<\/li><li>Vamos con las actividades, aqu\u00ed ten\u00e9is el archivo: &nbsp;\u201cArchivo\u201d<\/li><\/ul>\n\n\n\n<div class=\"wp-block-file\"><a href=\"https:\/\/blogs.smbosque.es\/raullopez\/files\/2020\/03\/Ejercicios-mates-31-03.pdf\">Ejercicios-mates-31-03<\/a><a href=\"https:\/\/blogs.smbosque.es\/raullopez\/files\/2020\/03\/Ejercicios-mates-31-03.pdf\" class=\"wp-block-file__button\" download><\/a><\/div>\n\n\n\n<ul class=\"wp-block-list\"><li>Y por \u00faltimo, pasad vuestras respuestas a <a rel=\"noreferrer noopener\" aria-label=\"iDoceo (se abre en una nueva pesta\u00f1a)\" href=\"https:\/\/connect.idoceo.net\" target=\"_blank\">iDoceo<\/a>: <a rel=\"noreferrer noopener\" aria-label=\"https:\/\/connect.idoceo.net (se abre en una nueva pesta\u00f1a)\" href=\"https:\/\/connect.idoceo.net\" target=\"_blank\">https:\/\/connect.idoceo.net<\/a><\/li><li>Pin iDoceo Mates: 69411<\/li><\/ul>\n\n\n\n<ul class=\"wp-block-list\"><li>\u00bfQu\u00e9 tal ayer con el per\u00edmetro? Espero que bien y que no tuvierais dificultades a la hora de hacer las actividades. <br>Recordad que luego subimos las correcciones al blog, analizad los posibles errores que haya habido, de esta forma aprenderemos y asimilaremos mejor los contenidos.<\/li><li>Continuamos con el tema 9. Y hoy nos toca ver el <strong>\u00c1REA DE UNA FIGURA CON UN CUADRADO DE UNIDAD.<\/strong><\/li><li>   Nos situamos en la p\u00e1gina 157. Aqu\u00ed la ten\u00e9is:<\/li><\/ul>\n\n\n\n<figure class=\"wp-block-image size-large is-resized\"><img loading=\"lazy\" decoding=\"async\" src=\"https:\/\/blogs.smbosque.es\/raullopez\/files\/2020\/03\/areafigura-753x1024.png\" alt=\"\" class=\"wp-image-782\" width=\"375\" height=\"510\" srcset=\"https:\/\/blogs.smbosque.es\/raullopez\/files\/2020\/03\/areafigura-753x1024.png 753w, https:\/\/blogs.smbosque.es\/raullopez\/files\/2020\/03\/areafigura-221x300.png 221w, https:\/\/blogs.smbosque.es\/raullopez\/files\/2020\/03\/areafigura-768x1045.png 768w, https:\/\/blogs.smbosque.es\/raullopez\/files\/2020\/03\/areafigura.png 1024w\" sizes=\"auto, (max-width: 375px) 100vw, 375px\" \/><\/figure>\n\n\n\n<ul class=\"wp-block-list\"><li>Como pod\u00e9is ver en la explicaci\u00f3n que nos da el\nlibro, \u201c<strong>para hallar el \u00e1rea de una figura, se elige un cuadrado como unidad\ny se cuenta el n\u00famero de cuadrados unidad que forman la figura. Esa medida es\nsu \u00e1rea\u201d.<\/strong><\/li><li><strong>El \u00e1rea de una figura es el espacio o\nsuperficie que ocupa. <\/strong>En este caso, para hallar el \u00e1rea de una figura,\ntendremos que <em>contar los cuadraditos que ocupan<\/em>. <\/li><li>Si en alg\u00fan caso me encuentro con la mitad de un\ncuadrado, s\u00f3lo tengo que sumarle otra mitad y ya obtengo un cuadradito entero:<\/li><\/ul>\n\n\n\n<figure class=\"wp-block-image size-large is-resized\"><img loading=\"lazy\" decoding=\"async\" src=\"https:\/\/blogs.smbosque.es\/raullopez\/files\/2020\/03\/IMG_20200331_114510.jpg\" alt=\"\" class=\"wp-image-783\" width=\"242\" height=\"51\" srcset=\"https:\/\/blogs.smbosque.es\/raullopez\/files\/2020\/03\/IMG_20200331_114510.jpg 653w, https:\/\/blogs.smbosque.es\/raullopez\/files\/2020\/03\/IMG_20200331_114510-300x63.jpg 300w\" sizes=\"auto, (max-width: 242px) 100vw, 242px\" \/><\/figure>\n\n\n\n<ul class=\"wp-block-list\"><li>Vamos a practicar con las actividades, aqu\u00ed ten\u00e9is el archivo: &nbsp;\u201cArchivo\u201d.<\/li><\/ul>\n\n\n\n<div class=\"wp-block-file\"><a href=\"https:\/\/blogs.smbosque.es\/raullopez\/files\/2020\/03\/Actividades-mates-01-04.pdf\">Actividades-mates-01-04<\/a><a href=\"https:\/\/blogs.smbosque.es\/raullopez\/files\/2020\/03\/Actividades-mates-01-04.pdf\" class=\"wp-block-file__button\">Descarga<\/a><\/div>\n\n\n\n<ul class=\"wp-block-list\"><li>Y por \u00faltimo, pasad vuestras respuestas a iDoceo: <a rel=\"noreferrer noopener\" aria-label=\"https:\/\/connect.idoceo.net (se abre en una nueva pesta\u00f1a)\" href=\"https:\/\/connect.idoceo.net\" target=\"_blank\">https:\/\/connect.idoceo.net<\/a><\/li><li>Pin iDoceo Mates: 16905<\/li><\/ul>\n\n\n\n<ul class=\"wp-block-list\"><li>Bueno, chic@s, antes del par\u00f3n de Semana Santa,\nvamos a dar un repaso a todo lo trabajado en el tema 9 \u201cLOS POL\u00cdGONOS\u201d:<ul><li>Recordad <strong>conceptos<\/strong> como: <em>lado,\nv\u00e9rtice, \u00e1ngulo, diagonal, pol\u00edgono regular e irregular, per\u00edmetro y \u00e1rea<\/em>.<\/li><\/ul><ul><li>Recordad tambi\u00e9n la <strong>clasificaci\u00f3n de los pol\u00edgonos\n<\/strong>seg\u00fan el n\u00famero de lados.<\/li><\/ul><ul><li>La <strong>clasificaci\u00f3n de los tri\u00e1ngulos<\/strong> (seg\u00fan\nsus lados y sus \u00e1ngulos)<\/li><\/ul><ul><li>La\nde los <strong>cuadril\u00e1teros y paralelogramos.<\/strong><\/li><\/ul><ul><li>Y\npor \u00faltimo, recordad que vimos el <strong>per\u00edmetro y el \u00e1rea.<\/strong><\/li><\/ul><\/li><li>Este v\u00eddeo os ayudar\u00e1:<\/li><\/ul>\n\n\n\n<figure class=\"wp-block-embed is-type-video is-provider-youtube wp-block-embed-youtube wp-embed-aspect-4-3 wp-has-aspect-ratio\"><div class=\"wp-block-embed__wrapper\">\n<iframe loading=\"lazy\" title=\"La Eduteca - Los pol\u00edgonos\" width=\"640\" height=\"480\" src=\"https:\/\/www.youtube.com\/embed\/a95Yy1YmXqE?feature=oembed\" frameborder=\"0\" allow=\"accelerometer; autoplay; clipboard-write; encrypted-media; gyroscope; picture-in-picture; web-share\" referrerpolicy=\"strict-origin-when-cross-origin\" allowfullscreen><\/iframe>\n<\/div><\/figure>\n\n\n\n<ul class=\"wp-block-list\"><li>A continuaci\u00f3n haced las actividades del siguiente archivo:<\/li><\/ul>\n\n\n\n<div class=\"wp-block-file\"><a href=\"https:\/\/blogs.smbosque.es\/raullopez\/files\/2020\/04\/Actividades-mates-02-04.pdf\">Actividades-mates-02-04<\/a><a href=\"https:\/\/blogs.smbosque.es\/raullopez\/files\/2020\/04\/Actividades-mates-02-04.pdf\" class=\"wp-block-file__button\" download>Descarga<\/a><\/div>\n\n\n\n<ul class=\"wp-block-list\"><li>Y por \u00faltimo, pasad vuestras respuestas a <a rel=\"noreferrer noopener\" aria-label=\"iDoceo (se abre en una nueva pesta\u00f1a)\" href=\"https:\/\/connect.idoceo.net\" target=\"_blank\">iDoceo<\/a>: <a rel=\"noreferrer noopener\" aria-label=\"https:\/\/connect.idoceo.net (se abre en una nueva pesta\u00f1a)\" href=\"https:\/\/connect.idoceo.net\" target=\"_blank\">https:\/\/connect.idoceo.net<\/a><\/li><li>Pin iDoceo Mates: 53630<\/li><li><\/li><\/ul>\n\n\n\n<p>Vamos con la actividad de hoy. Para acceder ten\u00e9is que pinchar en el siguiente enlace:<br><a rel=\"noreferrer noopener\" href=\"https:\/\/deck.toys\/mates4ep-smb\" target=\"_blank\">https:\/\/deck.toys\/mates4ep-smb<\/a><\/p>\n\n\n\n<p><\/p>\n","protected":false},"excerpt":{"rendered":"<p>Empezamos tema nuevo. Tema 9: Los Pol\u00edgonos. Recordad lo que ya sab\u00e9is: Tambi\u00e9n os ayudar\u00e1 este v\u00eddeo: A continuaci\u00f3n estudiad las p\u00e1ginas 150 (clasificaci\u00f3n de pol\u00edgonos) y 151 (Pol\u00edgonos regulares). Bienvenidos al maravilloso mundo de los TRI\u00c1NGULOS. Hoy toca trabajar &hellip; <a href=\"https:\/\/blogs.smbosque.es\/raullopez\/4o-e-p\/mates\/unidad-9-los-poligonos\/\">Sigue leyendo <span class=\"meta-nav\">&rarr;<\/span><\/a><\/p>\n","protected":false},"author":77,"featured_media":0,"parent":622,"menu_order":9,"comment_status":"closed","ping_status":"closed","template":"","meta":{"footnotes":""},"class_list":["post-3762","page","type-page","status-publish","hentry"],"jetpack_sharing_enabled":true,"_links":{"self":[{"href":"https:\/\/blogs.smbosque.es\/raullopez\/wp-json\/wp\/v2\/pages\/3762","targetHints":{"allow":["GET"]}}],"collection":[{"href":"https:\/\/blogs.smbosque.es\/raullopez\/wp-json\/wp\/v2\/pages"}],"about":[{"href":"https:\/\/blogs.smbosque.es\/raullopez\/wp-json\/wp\/v2\/types\/page"}],"author":[{"embeddable":true,"href":"https:\/\/blogs.smbosque.es\/raullopez\/wp-json\/wp\/v2\/users\/77"}],"replies":[{"embeddable":true,"href":"https:\/\/blogs.smbosque.es\/raullopez\/wp-json\/wp\/v2\/comments?post=3762"}],"version-history":[{"count":7,"href":"https:\/\/blogs.smbosque.es\/raullopez\/wp-json\/wp\/v2\/pages\/3762\/revisions"}],"predecessor-version":[{"id":3783,"href":"https:\/\/blogs.smbosque.es\/raullopez\/wp-json\/wp\/v2\/pages\/3762\/revisions\/3783"}],"up":[{"embeddable":true,"href":"https:\/\/blogs.smbosque.es\/raullopez\/wp-json\/wp\/v2\/pages\/622"}],"wp:attachment":[{"href":"https:\/\/blogs.smbosque.es\/raullopez\/wp-json\/wp\/v2\/media?parent=3762"}],"curies":[{"name":"wp","href":"https:\/\/api.w.org\/{rel}","templated":true}]}}