{"id":3766,"date":"2021-05-09T15:19:08","date_gmt":"2021-05-09T13:19:08","guid":{"rendered":"https:\/\/blogs.smbosque.es\/raullopez\/?page_id=3766"},"modified":"2021-05-10T09:58:10","modified_gmt":"2021-05-10T07:58:10","slug":"unidad-6-conocemos-la-prehistoria","status":"publish","type":"page","link":"https:\/\/blogs.smbosque.es\/raullopez\/4o-e-p\/soci\/unidad-6-conocemos-la-prehistoria\/","title":{"rendered":"Unidad 6 &#8211; Conocemos la Prehistoria"},"content":{"rendered":"\n<div class=\"wp-block-file\"><a href=\"https:\/\/blogs.smbosque.es\/raullopez\/files\/2021\/05\/Power-point-de-la-prehistoria-1.pptx\">La-Prehistoria<\/a><a href=\"https:\/\/blogs.smbosque.es\/raullopez\/files\/2021\/05\/Power-point-de-la-prehistoria-1.pptx\" class=\"wp-block-file__button\" download>Descarga<\/a><\/div>\n\n\n\n<ul class=\"wp-block-list\"><li>Comenzamos &nbsp;un nuevo tema 6, viajamos por el tiempo. \u00a1\u00a1\u00a1Nos vamos a la <strong>prehistoria<\/strong>!!!Agarraos bien fuerte a la silla. Que despegamos en 3, 2 1\u2026\u2026.. Cerrar por un momento los ojos he imaginaos en esa \u00e9poca\u2026 a ver si hemos acertado en algo. <\/li><li>Primero leer\u00e9is las p\u00e1ginas 88 y 89.<\/li><li>Luego copiar\u00e9is en el cuaderno de forma horizontal esta l\u00ednea del tiempo. <\/li><\/ul>\n\n\n\n<figure class=\"wp-block-image size-large is-resized\"><img loading=\"lazy\" decoding=\"async\" src=\"https:\/\/blogs.smbosque.es\/raullopez\/files\/2020\/03\/lineatiempo-1024x553.jpg\" alt=\"\" class=\"wp-image-426\" width=\"666\" height=\"359\" srcset=\"https:\/\/blogs.smbosque.es\/raullopez\/files\/2020\/03\/lineatiempo-1024x553.jpg 1024w, https:\/\/blogs.smbosque.es\/raullopez\/files\/2020\/03\/lineatiempo-300x162.jpg 300w, https:\/\/blogs.smbosque.es\/raullopez\/files\/2020\/03\/lineatiempo-768x415.jpg 768w, https:\/\/blogs.smbosque.es\/raullopez\/files\/2020\/03\/lineatiempo-1536x829.jpg 1536w, https:\/\/blogs.smbosque.es\/raullopez\/files\/2020\/03\/lineatiempo.jpg 1600w\" sizes=\"auto, (max-width: 666px) 100vw, 666px\" \/><\/figure>\n\n\n\n<ul class=\"wp-block-list\"><li>Visualizaremos los siguientes v\u00eddeos para que nos quede un poco m\u00e1s claro todo.<\/li><\/ul>\n\n\n\n<p><strong>L\u00ednea del tiempo<\/strong><\/p>\n\n\n\n<figure class=\"wp-block-embed is-type-video is-provider-youtube wp-block-embed-youtube wp-embed-aspect-16-9 wp-has-aspect-ratio\"><div class=\"wp-block-embed__wrapper\">\n<iframe loading=\"lazy\" title=\"Historia Universal en 4 minutos (L\u00ednea de tiempo)\" width=\"640\" height=\"360\" src=\"https:\/\/www.youtube.com\/embed\/iCzPV0IM9-A?feature=oembed\" frameborder=\"0\" allow=\"accelerometer; autoplay; clipboard-write; encrypted-media; gyroscope; picture-in-picture; web-share\" referrerpolicy=\"strict-origin-when-cross-origin\" allowfullscreen><\/iframe>\n<\/div><\/figure>\n\n\n\n<p><strong>De la prehistoria a la historia, las edades del hombre<\/strong><\/p>\n\n\n\n<figure class=\"wp-block-embed is-type-video is-provider-youtube wp-block-embed-youtube wp-embed-aspect-16-9 wp-has-aspect-ratio\"><div class=\"wp-block-embed__wrapper\">\n<iframe loading=\"lazy\" title=\"De la prehistoria a la historia,  las edades del hombre. V\u00eddeos educativos para ni\u00f1os\" width=\"640\" height=\"360\" src=\"https:\/\/www.youtube.com\/embed\/6E8Gx9MvGuE?feature=oembed\" frameborder=\"0\" allow=\"accelerometer; autoplay; clipboard-write; encrypted-media; gyroscope; picture-in-picture; web-share\" referrerpolicy=\"strict-origin-when-cross-origin\" allowfullscreen><\/iframe>\n<\/div><\/figure>\n\n\n\n<p><strong>&nbsp;La prehistoria (el paleol\u00edtico)<\/strong><\/p>\n\n\n\n<figure class=\"wp-block-embed is-type-video is-provider-youtube wp-block-embed-youtube wp-embed-aspect-4-3 wp-has-aspect-ratio\"><div class=\"wp-block-embed__wrapper\">\n<iframe loading=\"lazy\" title=\"Ciencias Sociales. 4\u00ba Primaria. Tema 7. La prehistoria: el paleol\u00edtico\" width=\"640\" height=\"480\" src=\"https:\/\/www.youtube.com\/embed\/u1vHbmWYLbE?feature=oembed\" frameborder=\"0\" allow=\"accelerometer; autoplay; clipboard-write; encrypted-media; gyroscope; picture-in-picture; web-share\" referrerpolicy=\"strict-origin-when-cross-origin\" allowfullscreen><\/iframe>\n<\/div><\/figure>\n\n\n\n<ul class=\"wp-block-list\"><li>Despu\u00e9s, leeremos las p\u00e1ginas 92 y 93.<\/li><\/ul>\n\n\n\n<figure class=\"wp-block-image size-large\"><img loading=\"lazy\" decoding=\"async\" width=\"637\" height=\"526\" src=\"https:\/\/blogs.smbosque.es\/raullopez\/files\/2020\/03\/pobladopaleol25c325adtico.jpg\" alt=\"\" class=\"wp-image-433\" srcset=\"https:\/\/blogs.smbosque.es\/raullopez\/files\/2020\/03\/pobladopaleol25c325adtico.jpg 637w, https:\/\/blogs.smbosque.es\/raullopez\/files\/2020\/03\/pobladopaleol25c325adtico-300x248.jpg 300w\" sizes=\"auto, (max-width: 637px) 100vw, 637px\" \/><figcaption>POBLADO EN EL PALEOL\u00cdTICO<\/figcaption><\/figure>\n\n\n\n<ul class=\"wp-block-list\"><li>\u00bfQu\u00e9 tal vais cavern\u00edcolas? Hoy seguimos viajando y aterrizaremos en el<strong> Neol\u00edtico<\/strong>. <\/li><li>Para ellos leeremos las p\u00e1ginas 94 y 95.<\/li><li>Ver a continuaci\u00f3n cosas curiosas del neol\u00edtico.<\/li><\/ul>\n\n\n\n<figure class=\"wp-block-image size-large\"><img loading=\"lazy\" decoding=\"async\" width=\"1024\" height=\"655\" src=\"https:\/\/blogs.smbosque.es\/raullopez\/files\/2020\/03\/hacer-piedras-1024x655.png\" alt=\"\" class=\"wp-image-530\" srcset=\"https:\/\/blogs.smbosque.es\/raullopez\/files\/2020\/03\/hacer-piedras-1024x655.png 1024w, https:\/\/blogs.smbosque.es\/raullopez\/files\/2020\/03\/hacer-piedras-300x192.png 300w, https:\/\/blogs.smbosque.es\/raullopez\/files\/2020\/03\/hacer-piedras-768x491.png 768w, https:\/\/blogs.smbosque.es\/raullopez\/files\/2020\/03\/hacer-piedras.png 1441w\" sizes=\"auto, (max-width: 1024px) 100vw, 1024px\" \/><figcaption>C\u00f3mo hacer tallar piedra.<\/figcaption><\/figure>\n\n\n\n<figure class=\"wp-block-image size-large\"><img loading=\"lazy\" decoding=\"async\" width=\"640\" height=\"446\" src=\"https:\/\/blogs.smbosque.es\/raullopez\/files\/2020\/03\/Neolitico.jpg\" alt=\"\" class=\"wp-image-532\" srcset=\"https:\/\/blogs.smbosque.es\/raullopez\/files\/2020\/03\/Neolitico.jpg 640w, https:\/\/blogs.smbosque.es\/raullopez\/files\/2020\/03\/Neolitico-300x209.jpg 300w\" sizes=\"auto, (max-width: 640px) 100vw, 640px\" \/><figcaption>Poblado Neol\u00edtico. La vida sedentaria.<\/figcaption><\/figure>\n\n\n\n<ul class=\"wp-block-list\"><li>Visualizad los siguientes v\u00eddeos:<\/li><li><strong><a rel=\"noreferrer noopener\" aria-label=\"Neol\u00edtico (se abre en una nueva pesta\u00f1a)\" href=\"https:\/\/www.youtube.com\/watch?v=LBi2KLq8Fgs\" target=\"_blank\">Neol\u00edtico<\/a><\/strong><\/li><\/ul>\n\n\n\n<figure class=\"wp-block-embed is-type-video is-provider-youtube wp-block-embed-youtube wp-embed-aspect-16-9 wp-has-aspect-ratio\"><div class=\"wp-block-embed__wrapper\">\n<iframe loading=\"lazy\" title=\"El Neol\u00edtico. V\u00eddeos educativos para ni\u00f1os\" width=\"640\" height=\"360\" src=\"https:\/\/www.youtube.com\/embed\/LBi2KLq8Fgs?feature=oembed\" frameborder=\"0\" allow=\"accelerometer; autoplay; clipboard-write; encrypted-media; gyroscope; picture-in-picture; web-share\" referrerpolicy=\"strict-origin-when-cross-origin\" allowfullscreen><\/iframe>\n<\/div><\/figure>\n\n\n\n<ul class=\"wp-block-list\"><li><strong><a href=\"https:\/\/www.youtube.com\/watch?v=vzgTSyvoXew\" target=\"_blank\" rel=\"noreferrer noopener\" aria-label=\"Explicaci\u00f3n (se abre en una nueva pesta\u00f1a)\">Explicaci\u00f3n<\/a><\/strong><\/li><\/ul>\n\n\n\n<figure class=\"wp-block-embed is-type-video is-provider-youtube wp-block-embed-youtube wp-embed-aspect-4-3 wp-has-aspect-ratio\"><div class=\"wp-block-embed__wrapper\">\n<iframe loading=\"lazy\" title=\"Ciencias Sociales. 4\u00ba Primaria. Tema 7. La prehistoria: el neol\u00edtico\" width=\"640\" height=\"480\" src=\"https:\/\/www.youtube.com\/embed\/vzgTSyvoXew?feature=oembed\" frameborder=\"0\" allow=\"accelerometer; autoplay; clipboard-write; encrypted-media; gyroscope; picture-in-picture; web-share\" referrerpolicy=\"strict-origin-when-cross-origin\" allowfullscreen><\/iframe>\n<\/div><\/figure>\n\n\n\n<ul class=\"wp-block-list\"><li><strong><a href=\"https:\/\/www.youtube.com\/watch?v=aiqBIhdlRS0&amp;feature=youtu.be\" target=\"_blank\" rel=\"noreferrer noopener\" aria-label=\"La vida en el Neol\u00edtico (se abre en una nueva pesta\u00f1a)\">La vida en el Neol\u00edtico<\/a><\/strong><\/li><\/ul>\n\n\n\n<figure class=\"wp-block-embed is-type-video is-provider-youtube wp-block-embed-youtube wp-embed-aspect-4-3 wp-has-aspect-ratio\"><div class=\"wp-block-embed__wrapper\">\n<iframe loading=\"lazy\" title=\"La vida en el Neol\u00edtico\" width=\"640\" height=\"480\" src=\"https:\/\/www.youtube.com\/embed\/aiqBIhdlRS0?feature=oembed\" frameborder=\"0\" allow=\"accelerometer; autoplay; clipboard-write; encrypted-media; gyroscope; picture-in-picture; web-share\" referrerpolicy=\"strict-origin-when-cross-origin\" allowfullscreen><\/iframe>\n<\/div><\/figure>\n\n\n\n<ul class=\"wp-block-list\"><li>Seguimos viajado por el tiempo\u2026. Esta vez hemos ido a parar a la <strong>edad de los metales.<\/strong><\/li><\/ul>\n\n\n\n<figure class=\"wp-block-image size-large\"><img loading=\"lazy\" decoding=\"async\" width=\"1024\" height=\"783\" src=\"https:\/\/blogs.smbosque.es\/raullopez\/files\/2020\/03\/martes-1024x783.jpeg\" alt=\"\" class=\"wp-image-676\" srcset=\"https:\/\/blogs.smbosque.es\/raullopez\/files\/2020\/03\/martes-1024x783.jpeg 1024w, https:\/\/blogs.smbosque.es\/raullopez\/files\/2020\/03\/martes-300x229.jpeg 300w, https:\/\/blogs.smbosque.es\/raullopez\/files\/2020\/03\/martes-768x587.jpeg 768w, https:\/\/blogs.smbosque.es\/raullopez\/files\/2020\/03\/martes.jpeg 1059w\" sizes=\"auto, (max-width: 1024px) 100vw, 1024px\" \/><figcaption>Aldea de la Edad de los Metales<\/figcaption><\/figure>\n\n\n\n<ul class=\"wp-block-list\"><li>Leer y subrayar las p\u00e1ginas 96 y 97.<\/li><li>Visualizar los siguientes v\u00eddeos.<br><strong>La edad de los metales.<\/strong><\/li><\/ul>\n\n\n\n<figure class=\"wp-block-embed is-type-video is-provider-youtube wp-block-embed-youtube wp-embed-aspect-16-9 wp-has-aspect-ratio\"><div class=\"wp-block-embed__wrapper\">\n<iframe loading=\"lazy\" title=\"La Edad de los Metales  | V\u00eddeos Educativos para Ni\u00f1os\" width=\"640\" height=\"360\" src=\"https:\/\/www.youtube.com\/embed\/v6Uz3fq7KK4?feature=oembed\" frameborder=\"0\" allow=\"accelerometer; autoplay; clipboard-write; encrypted-media; gyroscope; picture-in-picture; web-share\" referrerpolicy=\"strict-origin-when-cross-origin\" allowfullscreen><\/iframe>\n<\/div><\/figure>\n\n\n\n<p><strong>La Edad de los Metales &#8211; 5 cosas que deber\u00edas saber &#8211; Historia para ni\u00f1os<\/strong><\/p>\n\n\n\n<figure class=\"wp-block-embed is-type-video is-provider-youtube wp-block-embed-youtube wp-embed-aspect-16-9 wp-has-aspect-ratio\"><div class=\"wp-block-embed__wrapper\">\n<iframe loading=\"lazy\" title=\"La Edad de los Metales - 5 cosas que deber\u00edas saber - Historia para ni\u00f1os\" width=\"640\" height=\"360\" src=\"https:\/\/www.youtube.com\/embed\/Rw-5z5ZsTMU?feature=oembed\" frameborder=\"0\" allow=\"accelerometer; autoplay; clipboard-write; encrypted-media; gyroscope; picture-in-picture; web-share\" referrerpolicy=\"strict-origin-when-cross-origin\" allowfullscreen><\/iframe>\n<\/div><\/figure>\n\n\n\n<ul class=\"wp-block-list\"><li>Copiar el siguiente cuadro.<\/li><\/ul>\n\n\n\n<figure class=\"wp-block-image size-large\"><img loading=\"lazy\" decoding=\"async\" width=\"682\" height=\"612\" src=\"https:\/\/blogs.smbosque.es\/raullopez\/files\/2020\/03\/jueves-2.png\" alt=\"\" class=\"wp-image-673\" srcset=\"https:\/\/blogs.smbosque.es\/raullopez\/files\/2020\/03\/jueves-2.png 682w, https:\/\/blogs.smbosque.es\/raullopez\/files\/2020\/03\/jueves-2-300x269.png 300w\" sizes=\"auto, (max-width: 682px) 100vw, 682px\" \/><\/figure>\n\n\n\n<ul class=\"wp-block-list\"><li>Visualizar los siguientes v\u00eddeos.<br><strong>REPASO DE LA PREHISTORIA. <\/strong><\/li><\/ul>\n\n\n\n<figure class=\"wp-block-image size-large\"><img loading=\"lazy\" decoding=\"async\" width=\"1024\" height=\"724\" src=\"https:\/\/blogs.smbosque.es\/raullopez\/files\/2020\/03\/jueves-2-1.png\" alt=\"\" class=\"wp-image-674\" srcset=\"https:\/\/blogs.smbosque.es\/raullopez\/files\/2020\/03\/jueves-2-1.png 1024w, https:\/\/blogs.smbosque.es\/raullopez\/files\/2020\/03\/jueves-2-1-300x212.png 300w, https:\/\/blogs.smbosque.es\/raullopez\/files\/2020\/03\/jueves-2-1-768x543.png 768w\" sizes=\"auto, (max-width: 1024px) 100vw, 1024px\" \/><\/figure>\n\n\n\n<ul class=\"wp-block-list\"><li>Encontrar\u00e9is im\u00e1genes y p\u00e1ginas con actividades interactivas.<br><a rel=\"noreferrer noopener\" aria-label=\" (se abre en una nueva pesta\u00f1a)\" href=\"http:\/\/asun3-4-5.blogspot.com\/2016\/11\/la-prehistoria.html\" target=\"_blank\">http:\/\/asun3-4-5.blogspot.com\/2016\/11\/la-prehistoria.html<\/a><\/li><li>Debido a que no nos podemos salir de casa&#8230;se nos ha ocurrido que pod\u00edas realizar una visita virtual por el <strong>Museo de Ciencias Naturales.<\/strong><br><a rel=\"noreferrer noopener\" aria-label=\" (se abre en una nueva pesta\u00f1a)\" href=\"https:\/\/roundme.com\/embed\/33001\/79517\" target=\"_blank\">https:\/\/roundme.com\/embed\/33001\/79517<\/a><\/li><\/ul>\n\n\n\n<ul class=\"wp-block-list\"><li><strong>La prehistoria<\/strong><\/li><\/ul>\n\n\n\n<figure class=\"wp-block-embed is-type-video is-provider-youtube wp-block-embed-youtube wp-embed-aspect-16-9 wp-has-aspect-ratio\"><div class=\"wp-block-embed__wrapper\">\n<iframe loading=\"lazy\" title=\"La Prehistoria en 6 minutos\" width=\"640\" height=\"360\" src=\"https:\/\/www.youtube.com\/embed\/G2tUkEvo_lM?feature=oembed\" frameborder=\"0\" allow=\"accelerometer; autoplay; clipboard-write; encrypted-media; gyroscope; picture-in-picture; web-share\" referrerpolicy=\"strict-origin-when-cross-origin\" allowfullscreen><\/iframe>\n<\/div><\/figure>\n\n\n\n<p>El Misterio de las Rocas: Arte Rupestre Levantino.<\/p>\n\n\n\n<figure class=\"wp-block-embed is-type-video is-provider-youtube wp-block-embed-youtube wp-embed-aspect-16-9 wp-has-aspect-ratio\"><div class=\"wp-block-embed__wrapper\">\n<iframe loading=\"lazy\" title=\"El Misterio de las Rocas: Arte Rupestre Levantino.\" width=\"640\" height=\"360\" src=\"https:\/\/www.youtube.com\/embed\/23EauM-nlYE?start=137&#038;feature=oembed\" frameborder=\"0\" allow=\"accelerometer; autoplay; clipboard-write; encrypted-media; gyroscope; picture-in-picture; web-share\" referrerpolicy=\"strict-origin-when-cross-origin\" allowfullscreen><\/iframe>\n<\/div><\/figure>\n\n\n\n<p>ARQUITECTURA\nEN LA PREHISTORIA: MENHIR, DOLMEN Y CROMLECH<\/p>\n\n\n\n<figure class=\"wp-block-embed is-type-video is-provider-youtube wp-block-embed-youtube wp-embed-aspect-16-9 wp-has-aspect-ratio\"><div class=\"wp-block-embed__wrapper\">\n<iframe loading=\"lazy\" title=\"ARQUITECTURA EN LA PREHISTORIA: MENHIR, DOLMEN Y CROMLECH (STOPMOTION CON LEGO)\" width=\"640\" height=\"360\" src=\"https:\/\/www.youtube.com\/embed\/oHjQ63y-Mpk?feature=oembed\" frameborder=\"0\" allow=\"accelerometer; autoplay; clipboard-write; encrypted-media; gyroscope; picture-in-picture; web-share\" referrerpolicy=\"strict-origin-when-cross-origin\" allowfullscreen><\/iframe>\n<\/div><\/figure>\n\n\n\n<ul class=\"wp-block-list\"><li>Visita&nbsp; a Atapuerca<\/li><li><a rel=\"noreferrer noopener\" href=\"https:\/\/www.atapuerca.org\/es\/ver\/Video-de-las-Visitas\" target=\"_blank\">https:\/\/www.atapuerca.org\/es\/ver\/Video-de-las-Visitas<\/a><\/li><li>Actividades interactivas<\/li><li><a rel=\"noreferrer noopener\" href=\"https:\/\/luisamariaarias.wordpress.com\/category\/0-1-conecemento-do-medio\/15-historia\/1-prehistoria\/\" target=\"_blank\">https:\/\/luisamariaarias.wordpress.com\/category\/0-1-conecemento-do-medio\/15-historia\/1-prehistoria\/<\/a><\/li><\/ul>\n","protected":false},"excerpt":{"rendered":"<p>Comenzamos &nbsp;un nuevo tema 6, viajamos por el tiempo. \u00a1\u00a1\u00a1Nos vamos a la prehistoria!!!Agarraos bien fuerte a la silla. Que despegamos en 3, 2 1\u2026\u2026.. Cerrar por un momento los ojos he imaginaos en esa \u00e9poca\u2026 a ver si hemos &hellip; <a href=\"https:\/\/blogs.smbosque.es\/raullopez\/4o-e-p\/soci\/unidad-6-conocemos-la-prehistoria\/\">Sigue leyendo <span class=\"meta-nav\">&rarr;<\/span><\/a><\/p>\n","protected":false},"author":77,"featured_media":0,"parent":642,"menu_order":6,"comment_status":"closed","ping_status":"closed","template":"","meta":{"footnotes":""},"class_list":["post-3766","page","type-page","status-publish","hentry"],"jetpack_sharing_enabled":true,"_links":{"self":[{"href":"https:\/\/blogs.smbosque.es\/raullopez\/wp-json\/wp\/v2\/pages\/3766","targetHints":{"allow":["GET"]}}],"collection":[{"href":"https:\/\/blogs.smbosque.es\/raullopez\/wp-json\/wp\/v2\/pages"}],"about":[{"href":"https:\/\/blogs.smbosque.es\/raullopez\/wp-json\/wp\/v2\/types\/page"}],"author":[{"embeddable":true,"href":"https:\/\/blogs.smbosque.es\/raullopez\/wp-json\/wp\/v2\/users\/77"}],"replies":[{"embeddable":true,"href":"https:\/\/blogs.smbosque.es\/raullopez\/wp-json\/wp\/v2\/comments?post=3766"}],"version-history":[{"count":9,"href":"https:\/\/blogs.smbosque.es\/raullopez\/wp-json\/wp\/v2\/pages\/3766\/revisions"}],"predecessor-version":[{"id":3777,"href":"https:\/\/blogs.smbosque.es\/raullopez\/wp-json\/wp\/v2\/pages\/3766\/revisions\/3777"}],"up":[{"embeddable":true,"href":"https:\/\/blogs.smbosque.es\/raullopez\/wp-json\/wp\/v2\/pages\/642"}],"wp:attachment":[{"href":"https:\/\/blogs.smbosque.es\/raullopez\/wp-json\/wp\/v2\/media?parent=3766"}],"curies":[{"name":"wp","href":"https:\/\/api.w.org\/{rel}","templated":true}]}}