{"id":3791,"date":"2021-05-17T09:51:12","date_gmt":"2021-05-17T07:51:12","guid":{"rendered":"https:\/\/blogs.smbosque.es\/raullopez\/?page_id=3791"},"modified":"2021-05-17T09:59:17","modified_gmt":"2021-05-17T07:59:17","slug":"unidad-7-la-materia","status":"publish","type":"page","link":"https:\/\/blogs.smbosque.es\/raullopez\/4o-e-p\/natu\/unidad-7-la-materia\/","title":{"rendered":"Unidad 7 &#8211; La Materia"},"content":{"rendered":"\n<p>Comenzamos el\u00a0<strong> tema 7 <\/strong>de la materia.<\/p>\n\n\n\n<p>Os dejo la presentaci\u00f3n del tema.<\/p>\n\n\n\n<div class=\"wp-block-file\"><a href=\"https:\/\/blogs.smbosque.es\/raullopez\/files\/2021\/05\/Power-point-de-natu.pptx\">Power-point-de-natu<\/a><a href=\"https:\/\/blogs.smbosque.es\/raullopez\/files\/2021\/05\/Power-point-de-natu.pptx\" class=\"wp-block-file__button\" download>Descarga<\/a><\/div>\n\n\n\n<p>1) Primero, lee las P\u00e1ginas 96 y 97. <\/p>\n\n\n\n<figure class=\"wp-block-image size-large\"><img loading=\"lazy\" decoding=\"async\" width=\"563\" height=\"423\" src=\"https:\/\/blogs.smbosque.es\/raullopez\/files\/2020\/03\/materia-1.jpg\" alt=\"\" class=\"wp-image-394\" srcset=\"https:\/\/blogs.smbosque.es\/raullopez\/files\/2020\/03\/materia-1.jpg 563w, https:\/\/blogs.smbosque.es\/raullopez\/files\/2020\/03\/materia-1-300x225.jpg 300w\" sizes=\"auto, (max-width: 563px) 100vw, 563px\" \/><\/figure>\n\n\n\n<figure class=\"wp-block-image size-large\"><img loading=\"lazy\" decoding=\"async\" width=\"960\" height=\"720\" src=\"https:\/\/blogs.smbosque.es\/raullopez\/files\/2020\/03\/materia2.jpg\" alt=\"\" class=\"wp-image-391\" srcset=\"https:\/\/blogs.smbosque.es\/raullopez\/files\/2020\/03\/materia2.jpg 960w, https:\/\/blogs.smbosque.es\/raullopez\/files\/2020\/03\/materia2-300x225.jpg 300w, https:\/\/blogs.smbosque.es\/raullopez\/files\/2020\/03\/materia2-768x576.jpg 768w\" sizes=\"auto, (max-width: 960px) 100vw, 960px\" \/><\/figure>\n\n\n\n<p>2) Despu\u00e9s, visualiza los v\u00eddeos.&nbsp; <br> <strong>La materia<\/strong> <\/p>\n\n\n\n<figure class=\"wp-block-embed is-type-video is-provider-youtube wp-block-embed-youtube wp-embed-aspect-16-9 wp-has-aspect-ratio\"><div class=\"wp-block-embed__wrapper\">\n<iframe loading=\"lazy\" title=\"La Materia y sus propiedades | Videos Educativos para Ni\u00f1os\" width=\"640\" height=\"360\" src=\"https:\/\/www.youtube.com\/embed\/swcjamDFsn0?feature=oembed\" frameborder=\"0\" allow=\"accelerometer; autoplay; clipboard-write; encrypted-media; gyroscope; picture-in-picture; web-share\" referrerpolicy=\"strict-origin-when-cross-origin\" allowfullscreen><\/iframe>\n<\/div><\/figure>\n\n\n\n<p><strong>Los estados de la materia<\/strong><\/p>\n\n\n\n<figure class=\"wp-block-embed is-type-video is-provider-youtube wp-block-embed-youtube wp-embed-aspect-16-9 wp-has-aspect-ratio\"><div class=\"wp-block-embed__wrapper\">\n<iframe loading=\"lazy\" title=\"LOS ESTADOS DE LA MATERIA Y SUS CAMBIOS. So\u0301lido, li\u0301quido y gaseoso | V\u00eddeos Educativos para ni\u00f1os\" width=\"640\" height=\"360\" src=\"https:\/\/www.youtube.com\/embed\/huVPSc9X61E?feature=oembed\" frameborder=\"0\" allow=\"accelerometer; autoplay; clipboard-write; encrypted-media; gyroscope; picture-in-picture; web-share\" referrerpolicy=\"strict-origin-when-cross-origin\" allowfullscreen><\/iframe>\n<\/div><\/figure>\n\n\n\n<p>3) A continuaci\u00f3n, vuelve a leer las p\u00e1ginas y subraya. <br>4) Luego, realiza&nbsp; un esquema de las dos caras en tu cuaderno.<br>5) Archivo Natu:<\/p>\n\n\n\n<div class=\"wp-block-file\"><a href=\"https:\/\/blogs.smbosque.es\/raullopez\/files\/2020\/03\/Actividades-naturales-23.03-sin-corregir.pdf\">Actividades-naturales-23.03-sin-corregir<\/a><a href=\"https:\/\/blogs.smbosque.es\/raullopez\/files\/2020\/03\/Actividades-naturales-23.03-sin-corregir.pdf\" class=\"wp-block-file__button\" download><\/a><\/div>\n\n\n\n<p><br> 6) Realiza la actividad de <a rel=\"noreferrer noopener\" href=\"https:\/\/connect.idoceo.net\/\" target=\"_blank\">iDoceo<\/a>: <a rel=\"noreferrer noopener\" href=\"https:\/\/connect.idoceo.net\/\" target=\"_blank\">https:\/\/connect.idoceo.net<\/a><br>PIN Natu: 48074  <\/p>\n\n\n\n<ul class=\"wp-block-list\"><li>Lee las p\u00e1ginas 98 y 99.<\/li><li>Estudia:<\/li><\/ul>\n\n\n\n<div class=\"wp-block-file\"><a href=\"https:\/\/blogs.smbosque.es\/raullopez\/files\/2020\/03\/imagenes-de-la-materia.docx\">La materia<\/a><a href=\"https:\/\/blogs.smbosque.es\/raullopez\/files\/2020\/03\/imagenes-de-la-materia.docx\" class=\"wp-block-file__button\" download>Descarga<\/a><\/div>\n\n\n\n<ul class=\"wp-block-list\"><li>Te recordamos:<\/li><\/ul>\n\n\n\n<figure class=\"wp-block-image size-large\"><img loading=\"lazy\" decoding=\"async\" width=\"383\" height=\"129\" src=\"https:\/\/blogs.smbosque.es\/raullopez\/files\/2020\/03\/calculo-densidad.png\" alt=\"\" class=\"wp-image-522\" srcset=\"https:\/\/blogs.smbosque.es\/raullopez\/files\/2020\/03\/calculo-densidad.png 383w, https:\/\/blogs.smbosque.es\/raullopez\/files\/2020\/03\/calculo-densidad-300x101.png 300w\" sizes=\"auto, (max-width: 383px) 100vw, 383px\" \/><\/figure>\n\n\n\n<ul class=\"wp-block-list\"><li>Sabes qu\u00e9:<\/li><\/ul>\n\n\n\n<figure class=\"wp-block-image is-resized\"><img loading=\"lazy\" decoding=\"async\" src=\"https:\/\/blogs.smbosque.es\/raullopez\/files\/2020\/03\/presentacin-para-quinto-primaria-cono-13-728.jpg\" alt=\"\" class=\"wp-image-524\" width=\"378\" height=\"284\" srcset=\"https:\/\/blogs.smbosque.es\/raullopez\/files\/2020\/03\/presentacin-para-quinto-primaria-cono-13-728.jpg 728w, https:\/\/blogs.smbosque.es\/raullopez\/files\/2020\/03\/presentacin-para-quinto-primaria-cono-13-728-300x225.jpg 300w\" sizes=\"auto, (max-width: 378px) 100vw, 378px\" \/><\/figure>\n\n\n\n<figure class=\"wp-block-image is-resized\"><img loading=\"lazy\" decoding=\"async\" src=\"https:\/\/blogs.smbosque.es\/raullopez\/files\/2020\/03\/a2993534950b406507feec62758394a0.png\" alt=\"\" class=\"wp-image-525\" width=\"379\" height=\"186\" srcset=\"https:\/\/blogs.smbosque.es\/raullopez\/files\/2020\/03\/a2993534950b406507feec62758394a0.png 603w, https:\/\/blogs.smbosque.es\/raullopez\/files\/2020\/03\/a2993534950b406507feec62758394a0-300x147.png 300w\" sizes=\"auto, (max-width: 379px) 100vw, 379px\" \/><\/figure>\n\n\n\n<ul class=\"wp-block-list\"><li>Visualiza los siguientes v\u00eddeos para repasar:<\/li><li><a rel=\"noreferrer noopener\" aria-label=\"La densidad (se abre en una nueva pesta\u00f1a)\" href=\"https:\/\/www.youtube.com\/watch?v=OR7-S9vFbs0\" target=\"_blank\">La densidad<\/a><\/li><\/ul>\n\n\n\n<p><a href=\"https:\/\/www.youtube.com\/watch?v=OR7-S9vFbs0\">https:\/\/www.youtube.com\/watch?v=OR7-S9vFbs0<\/a><\/p>\n\n\n\n<ul class=\"wp-block-list\"><li><a href=\"https:\/\/www.youtube.com\/watch?v=pQ3OE5UKn9A\" target=\"_blank\" rel=\"noreferrer noopener\" aria-label=\"Experimento densidad (se abre en una nueva pesta\u00f1a)\">Experimento densidad<\/a><\/li><\/ul>\n\n\n\n<figure class=\"wp-block-embed is-type-video is-provider-youtube wp-block-embed-youtube wp-embed-aspect-16-9 wp-has-aspect-ratio\"><div class=\"wp-block-embed__wrapper\">\n<iframe loading=\"lazy\" title=\"La Densidad | Explicaci\u00f3n\" width=\"640\" height=\"360\" src=\"https:\/\/www.youtube.com\/embed\/pQ3OE5UKn9A?feature=oembed\" frameborder=\"0\" allow=\"accelerometer; autoplay; clipboard-write; encrypted-media; gyroscope; picture-in-picture; web-share\" referrerpolicy=\"strict-origin-when-cross-origin\" allowfullscreen><\/iframe>\n<\/div><\/figure>\n\n\n\n<ul class=\"wp-block-list\"><li>A continuaci\u00f3n, os dejamos una p\u00e1gina web muy interesante sobre <a rel=\"noreferrer noopener\" aria-label=\"Ciencia Divertida y Experimentos (se abre en una nueva pesta\u00f1a)\" href=\"https:\/\/cuentitisaguda.com\/explicar-la-densidad-a-ninos-con-experimentos-sencillos\/\" target=\"_blank\">Ciencia Divertida y Experimentos<\/a>. <a rel=\"noreferrer noopener\" aria-label=\"(Haz click aqu\u00ed) (se abre en una nueva pesta\u00f1a)\" href=\"https:\/\/cuentitisaguda.com\/explicar-la-densidad-a-ninos-con-experimentos-sencillos\/\" target=\"_blank\">(Haz click aqu\u00ed)<\/a><\/li><\/ul>\n\n\n<p><!--StartFragment--><\/p>\n\n\n<ul class=\"wp-block-list\"><li>Realizad las siguientes actividades en vuestros cuadernos: &nbsp; <\/li><\/ul>\n\n\n\n<div class=\"wp-block-file\"><a href=\"https:\/\/blogs.smbosque.es\/raullopez\/files\/2020\/03\/Actividades-naturales-25.03-sin-corregir.pdf\">Actividades-naturales-25.03-sin-corregir<\/a><a href=\"https:\/\/blogs.smbosque.es\/raullopez\/files\/2020\/03\/Actividades-naturales-25.03-sin-corregir.pdf\" class=\"wp-block-file__button\" download>Descarga<\/a><\/div>\n\n\n\n<ul class=\"wp-block-list\"><li>Y por \u00faltimo, pasad vuestras respuestas a <a rel=\"noreferrer noopener\" href=\"https:\/\/connect.idoceo.net\/\" target=\"_blank\">iDoceo<\/a>: <a rel=\"noreferrer noopener\" href=\"https:\/\/connect.idoceo.net\/\" target=\"_blank\">https:\/\/connect.idoceo.net<\/a><\/li><li>Pin iDoceo Natu: 64522<\/li><\/ul>\n\n\n\n<ul class=\"wp-block-list\"><li>Leer las p\u00e1ginas 100 y 101.<\/li><li>Visualizar el siguiente v\u00eddeo :<br>\u00bfCu\u00e1les son las propiedades de los materiales?<\/li><\/ul>\n\n\n\n<figure class=\"wp-block-embed is-type-video is-provider-youtube wp-block-embed-youtube wp-embed-aspect-16-9 wp-has-aspect-ratio\"><div class=\"wp-block-embed__wrapper\">\n<iframe loading=\"lazy\" title=\"\u00bfCu\u00e1les son las propiedades de los materiales? | videos Educativos Aula365\" width=\"640\" height=\"360\" src=\"https:\/\/www.youtube.com\/embed\/Tx2y3BPiV6g?feature=oembed\" frameborder=\"0\" allow=\"accelerometer; autoplay; clipboard-write; encrypted-media; gyroscope; picture-in-picture; web-share\" referrerpolicy=\"strict-origin-when-cross-origin\" allowfullscreen><\/iframe>\n<\/div><\/figure>\n\n\n\n<ul class=\"wp-block-list\"><li>Copiar el siguiente esquema.<\/li><\/ul>\n\n\n\n<figure class=\"wp-block-image size-large is-resized\"><img loading=\"lazy\" decoding=\"async\" src=\"https:\/\/blogs.smbosque.es\/raullopez\/files\/2020\/03\/Dibujo-sin-t\u00edtulo-23.jpg\" alt=\"\" class=\"wp-image-656\" width=\"475\" height=\"356\" srcset=\"https:\/\/blogs.smbosque.es\/raullopez\/files\/2020\/03\/Dibujo-sin-t\u00edtulo-23.jpg 640w, https:\/\/blogs.smbosque.es\/raullopez\/files\/2020\/03\/Dibujo-sin-t\u00edtulo-23-300x225.jpg 300w\" sizes=\"auto, (max-width: 475px) 100vw, 475px\" \/><\/figure>\n\n\n\n<div class=\"wp-block-file\"><a href=\"https:\/\/blogs.smbosque.es\/raullopez\/files\/2020\/03\/Tarea_Naturales_30-031.pdf\">Tarea_Naturales_30-03<\/a><a href=\"https:\/\/blogs.smbosque.es\/raullopez\/files\/2020\/03\/Tarea_Naturales_30-031.pdf\" class=\"wp-block-file__button\" download>Descarga<\/a><\/div>\n\n\n\n<ul class=\"wp-block-list\"><li>Responde a las cuestiones en <a rel=\"noreferrer noopener\" aria-label=\"Idoceo (se abre en una nueva pesta\u00f1a)\" href=\"https:\/\/connect.idoceo.net\/\" target=\"_blank\">Idoceo<\/a>:  <a rel=\"noreferrer noopener\" aria-label=\" (se abre en una nueva pesta\u00f1a)\" href=\"https:\/\/connect.idoceo.net\/\" target=\"_blank\">https:\/\/connect.idoceo.net\/<\/a> <\/li><li>PIN Natu: 34070<\/li><\/ul>\n\n\n\n<ul class=\"wp-block-list\"><li>Realizar los esquemas de las p\u00e1ginas 100 y 101.<\/li><\/ul>\n\n\n\n<figure class=\"wp-block-embed is-type-video is-provider-youtube wp-block-embed-youtube wp-embed-aspect-16-9 wp-has-aspect-ratio\"><div class=\"wp-block-embed__wrapper\">\n<iframe loading=\"lazy\" title=\"MATERIALES NATURALES y ARTIFICIALES para ni\u00f1os\" width=\"640\" height=\"360\" src=\"https:\/\/www.youtube.com\/embed\/q0umSNE7CvQ?feature=oembed\" frameborder=\"0\" allow=\"accelerometer; autoplay; clipboard-write; encrypted-media; gyroscope; picture-in-picture; web-share\" referrerpolicy=\"strict-origin-when-cross-origin\" allowfullscreen><\/iframe>\n<\/div><\/figure>\n\n\n\n<p><strong>Repasar lo que hemos dado.<\/strong><\/p>\n\n\n\n<ul class=\"wp-block-list\"><li>Actividades interactivas.<br><a rel=\"noreferrer noopener\" aria-label=\" (se abre en una nueva pesta\u00f1a)\" href=\"http:\/\/www.cristic.com\/3o-y-4o-de-primaria\/naturales\/\" target=\"_blank\">http:\/\/www.cristic.com\/3o-y-4o-de-primaria\/naturales\/<\/a><br><\/li><li>Pod\u00e9is hacer manualidades de todo tipo&#8230;<br><a rel=\"noreferrer noopener\" aria-label=\" (se abre en una nueva pesta\u00f1a)\" href=\"https:\/\/www.materialdeaprendizaje.com\/manualidades-infantiles-con-botellas\/\" target=\"_blank\">https:\/\/www.materialdeaprendizaje.com\/manualidades-infantiles-con-botellas\/<\/a><br><a rel=\"noreferrer noopener\" aria-label=\" (se abre en una nueva pesta\u00f1a)\" href=\"https:\/\/www.guiainfantil.com\/articulos\/ocio\/manualidades\/manualidades-de-reciclaje-para-ninos-con-rollos-de-papel\/\" target=\"_blank\">https:\/\/www.guiainfantil.com\/articulos\/ocio\/manualidades\/manualidades-de-reciclaje-para-ninos-con-rollos-de-papel\/<\/a><br><a rel=\"noreferrer noopener\" aria-label=\" (se abre en una nueva pesta\u00f1a)\" href=\"https:\/\/manualidadesdelina.com\/2016\/02\/como-hacer-mariposas-de-papel-con-revistas\/\" target=\"_blank\">https:\/\/manualidadesdelina.com\/2016\/02\/como-hacer-mariposas-de-papel-con-revistas\/<\/a><br><a rel=\"noreferrer noopener\" aria-label=\" (se abre en una nueva pesta\u00f1a)\" href=\"https:\/\/actividades.dibujos.net\/dibujar\/aprendemos-a-dibujar-con-la-tecnica-del-collage.html\" target=\"_blank\">https:\/\/actividades.dibujos.net\/dibujar\/aprendemos-a-dibujar-con-la-tecnica-del-collage.html<\/a><br><\/li><li>Documentales.<br>Estos documentales explican las claves para entender mejor algunas de las cuestiones m\u00e1s importantes que est\u00e1 abordando la ciencia hoy en d\u00eda: desde el cambio clim\u00e1tico hasta la evoluci\u00f3n humana.<br><a rel=\"noreferrer noopener\" aria-label=\" (se abre en una nueva pesta\u00f1a)\" href=\"https:\/\/www.educaciontrespuntocero.com\/recursos\/documentales-ciencias-naturales\/\" target=\"_blank\">https:\/\/www.educaciontrespuntocero.com\/recursos\/documentales-ciencias-naturales\/<\/a><\/li><\/ul>\n\n\n\n<ul class=\"wp-block-list\" id=\"block-7d18021b-cfae-408e-b14e-254ae4e20661\"><li>Leer las p\u00e1ginas 102 y 103 y hacer esquemas.<\/li><li>Mandar los esquemas con foto bien hecha al correo electr\u00f3nico (por favor usad reglas, colores diferentes, resaltad lo m\u00e1s importante, etc.).<\/li><\/ul>\n\n\n\n<ul class=\"wp-block-list\"><li>Repaso con ejercicios interactivos<br><a href=\"http:\/\/www.aitanatp.com\/nivel4ccas\/index7.htm\" target=\"_blank\" rel=\"noreferrer noopener\" aria-label=\" (se abre en una nueva pesta\u00f1a)\">http:\/\/www.aitanatp.com\/nivel4ccas\/index7.htm<\/a><\/li><\/ul>\n\n\n\n<ul class=\"wp-block-list\"><li>Visualizaremos los siguientes&nbsp;v\u00eddeos:<\/li><\/ul>\n\n\n\n<p><strong>Petrolina exploradora te explica c\u00f3mo es el mundo del petr\u00f3leo<\/strong><\/p>\n\n\n\n<figure class=\"wp-block-embed is-type-video is-provider-youtube wp-block-embed-youtube wp-embed-aspect-4-3 wp-has-aspect-ratio\"><div class=\"wp-block-embed__wrapper\">\n<iframe loading=\"lazy\" title=\"Petrolina exploradora te explica c\u00f3mo es el mundo del petr\u00f3leo\" width=\"640\" height=\"480\" src=\"https:\/\/www.youtube.com\/embed\/AinZkFMThpQ?feature=oembed\" frameborder=\"0\" allow=\"accelerometer; autoplay; clipboard-write; encrypted-media; gyroscope; picture-in-picture; web-share\" referrerpolicy=\"strict-origin-when-cross-origin\" allowfullscreen><\/iframe>\n<\/div><\/figure>\n\n\n\n<p><strong>\u00bfC\u00f3mo se hace el vidrio?<\/strong><\/p>\n\n\n\n<p><a href=\"https:\/\/www.youtube.com\/watch?v=ZdbB16gyK0s\">https:\/\/www.youtube.com\/watch?v=ZdbB16gyK0s<\/a><\/p>\n\n\n\n<p><strong>\u00bfC\u00f3mo se hace el papel?<\/strong><\/p>\n\n\n\n<figure class=\"wp-block-embed is-type-video is-provider-youtube wp-block-embed-youtube wp-embed-aspect-16-9 wp-has-aspect-ratio\"><div class=\"wp-block-embed__wrapper\">\n<iframe loading=\"lazy\" title=\"As\u00ed se hace - Papel - DiscoveryMAx\" width=\"640\" height=\"360\" src=\"https:\/\/www.youtube.com\/embed\/0TdqB4Zqlzk?feature=oembed\" frameborder=\"0\" allow=\"accelerometer; autoplay; clipboard-write; encrypted-media; gyroscope; picture-in-picture; web-share\" referrerpolicy=\"strict-origin-when-cross-origin\" allowfullscreen><\/iframe>\n<\/div><\/figure>\n","protected":false},"excerpt":{"rendered":"<p>Comenzamos el\u00a0 tema 7 de la materia. Os dejo la presentaci\u00f3n del tema. 1) Primero, lee las P\u00e1ginas 96 y 97. 2) Despu\u00e9s, visualiza los v\u00eddeos.&nbsp; La materia Los estados de la materia 3) A continuaci\u00f3n, vuelve a leer las &hellip; <a href=\"https:\/\/blogs.smbosque.es\/raullopez\/4o-e-p\/natu\/unidad-7-la-materia\/\">Sigue leyendo <span class=\"meta-nav\">&rarr;<\/span><\/a><\/p>\n","protected":false},"author":77,"featured_media":0,"parent":628,"menu_order":7,"comment_status":"closed","ping_status":"closed","template":"","meta":{"footnotes":""},"class_list":["post-3791","page","type-page","status-publish","hentry"],"jetpack_sharing_enabled":true,"_links":{"self":[{"href":"https:\/\/blogs.smbosque.es\/raullopez\/wp-json\/wp\/v2\/pages\/3791","targetHints":{"allow":["GET"]}}],"collection":[{"href":"https:\/\/blogs.smbosque.es\/raullopez\/wp-json\/wp\/v2\/pages"}],"about":[{"href":"https:\/\/blogs.smbosque.es\/raullopez\/wp-json\/wp\/v2\/types\/page"}],"author":[{"embeddable":true,"href":"https:\/\/blogs.smbosque.es\/raullopez\/wp-json\/wp\/v2\/users\/77"}],"replies":[{"embeddable":true,"href":"https:\/\/blogs.smbosque.es\/raullopez\/wp-json\/wp\/v2\/comments?post=3791"}],"version-history":[{"count":9,"href":"https:\/\/blogs.smbosque.es\/raullopez\/wp-json\/wp\/v2\/pages\/3791\/revisions"}],"predecessor-version":[{"id":3802,"href":"https:\/\/blogs.smbosque.es\/raullopez\/wp-json\/wp\/v2\/pages\/3791\/revisions\/3802"}],"up":[{"embeddable":true,"href":"https:\/\/blogs.smbosque.es\/raullopez\/wp-json\/wp\/v2\/pages\/628"}],"wp:attachment":[{"href":"https:\/\/blogs.smbosque.es\/raullopez\/wp-json\/wp\/v2\/media?parent=3791"}],"curies":[{"name":"wp","href":"https:\/\/api.w.org\/{rel}","templated":true}]}}