{"id":3803,"date":"2021-05-17T10:01:02","date_gmt":"2021-05-17T08:01:02","guid":{"rendered":"https:\/\/blogs.smbosque.es\/raullopez\/?page_id=3803"},"modified":"2021-05-17T10:03:29","modified_gmt":"2021-05-17T08:03:29","slug":"unidad-8-las-fuerzas","status":"publish","type":"page","link":"https:\/\/blogs.smbosque.es\/raullopez\/4o-e-p\/natu\/unidad-8-las-fuerzas\/","title":{"rendered":"Unidad 8 &#8211; Las Fuerzas"},"content":{"rendered":"\n<ul class=\"wp-block-list\"><li>Hoy vamos con el <strong>Tema 7: Las fuerzas.<\/strong><\/li><li>Antes de nada, coge tu cuaderno y ve apuntando las dudas que te cree el tema, para poder resolverlas por email o en una videollamada.<\/li><li>Primero, vamos a ver que son las fuerzas. L\u00e9elo y visualiza el v\u00eddeo.<\/li><\/ul>\n\n\n\n<figure class=\"wp-block-image size-large is-resized\"><img loading=\"lazy\" decoding=\"async\" src=\"https:\/\/blogs.smbosque.es\/raullopez\/files\/2020\/04\/las-fuerzas-y-sus-efectos-2-728.jpg\" alt=\"\" class=\"wp-image-1508\" width=\"338\" height=\"253\" srcset=\"https:\/\/blogs.smbosque.es\/raullopez\/files\/2020\/04\/las-fuerzas-y-sus-efectos-2-728.jpg 728w, https:\/\/blogs.smbosque.es\/raullopez\/files\/2020\/04\/las-fuerzas-y-sus-efectos-2-728-300x225.jpg 300w\" sizes=\"auto, (max-width: 338px) 100vw, 338px\" \/><\/figure>\n\n\n\n<figure class=\"wp-block-embed is-type-video is-provider-youtube wp-block-embed-youtube wp-embed-aspect-4-3 wp-has-aspect-ratio\"><div class=\"wp-block-embed__wrapper\">\n<iframe loading=\"lazy\" title=\"Ciencias de la Naturaleza. 4\u00ba Primaria. Tema 7. Las fuerzas\" width=\"640\" height=\"480\" src=\"https:\/\/www.youtube.com\/embed\/Jzn6-1bnPfk?feature=oembed\" frameborder=\"0\" allow=\"accelerometer; autoplay; clipboard-write; encrypted-media; gyroscope; picture-in-picture; web-share\" referrerpolicy=\"strict-origin-when-cross-origin\" allowfullscreen><\/iframe>\n<\/div><\/figure>\n\n\n\n<ul class=\"wp-block-list\"><li>A continuaci\u00f3n, vamos a ver los tipos de fuerzas que pueden darse. De igual forma, lee detenidamente, NO TE LO SALTES, LEE, y luego visualiza el v\u00eddeo.<\/li><\/ul>\n\n\n\n<figure class=\"wp-block-image size-large is-resized\"><img loading=\"lazy\" decoding=\"async\" src=\"https:\/\/blogs.smbosque.es\/raullopez\/files\/2020\/04\/la-materia-y-sus-propiedades-40-728.jpg\" alt=\"\" class=\"wp-image-1511\" width=\"369\" height=\"277\" srcset=\"https:\/\/blogs.smbosque.es\/raullopez\/files\/2020\/04\/la-materia-y-sus-propiedades-40-728.jpg 728w, https:\/\/blogs.smbosque.es\/raullopez\/files\/2020\/04\/la-materia-y-sus-propiedades-40-728-300x225.jpg 300w\" sizes=\"auto, (max-width: 369px) 100vw, 369px\" \/><\/figure>\n\n\n\n<figure class=\"wp-block-image size-large is-resized\"><img loading=\"lazy\" decoding=\"async\" src=\"https:\/\/blogs.smbosque.es\/raullopez\/files\/2020\/04\/la-materia-y-sus-propiedades-41-728.jpg\" alt=\"\" class=\"wp-image-1509\" width=\"400\" height=\"300\" srcset=\"https:\/\/blogs.smbosque.es\/raullopez\/files\/2020\/04\/la-materia-y-sus-propiedades-41-728.jpg 728w, https:\/\/blogs.smbosque.es\/raullopez\/files\/2020\/04\/la-materia-y-sus-propiedades-41-728-300x225.jpg 300w\" sizes=\"auto, (max-width: 400px) 100vw, 400px\" \/><\/figure>\n\n\n\n<figure class=\"wp-block-image size-large is-resized\"><img loading=\"lazy\" decoding=\"async\" src=\"https:\/\/blogs.smbosque.es\/raullopez\/files\/2020\/04\/la-materia-y-sus-propiedades-42-728.jpg\" alt=\"\" class=\"wp-image-1510\" width=\"402\" height=\"301\" srcset=\"https:\/\/blogs.smbosque.es\/raullopez\/files\/2020\/04\/la-materia-y-sus-propiedades-42-728.jpg 728w, https:\/\/blogs.smbosque.es\/raullopez\/files\/2020\/04\/la-materia-y-sus-propiedades-42-728-300x225.jpg 300w\" sizes=\"auto, (max-width: 402px) 100vw, 402px\" \/><\/figure>\n\n\n\n<ul class=\"wp-block-list\"><li>Y estas fuerzas, \u00bfqu\u00e9 pueden ocasionar en los cuerpos?<\/li><\/ul>\n\n\n\n<figure class=\"wp-block-image size-large is-resized\"><img loading=\"lazy\" decoding=\"async\" src=\"https:\/\/blogs.smbosque.es\/raullopez\/files\/2020\/04\/LASFUERZASYSUSEFECTOS.jpg\" alt=\"\" class=\"wp-image-1512\" width=\"419\" height=\"314\" srcset=\"https:\/\/blogs.smbosque.es\/raullopez\/files\/2020\/04\/LASFUERZASYSUSEFECTOS.jpg 960w, https:\/\/blogs.smbosque.es\/raullopez\/files\/2020\/04\/LASFUERZASYSUSEFECTOS-300x225.jpg 300w, https:\/\/blogs.smbosque.es\/raullopez\/files\/2020\/04\/LASFUERZASYSUSEFECTOS-768x576.jpg 768w\" sizes=\"auto, (max-width: 419px) 100vw, 419px\" \/><\/figure>\n\n\n\n<p><strong>Las FUERZAS y sus EFECTOS para ni\u00f1os<\/strong>.<\/p>\n\n\n\n<figure class=\"wp-block-embed is-type-video is-provider-youtube wp-block-embed-youtube wp-embed-aspect-16-9 wp-has-aspect-ratio\"><div class=\"wp-block-embed__wrapper\">\n<iframe loading=\"lazy\" title=\"Las FUERZAS y sus EFECTOS para ni\u00f1os\" width=\"640\" height=\"360\" src=\"https:\/\/www.youtube.com\/embed\/T3fwOIu9waE?feature=oembed\" frameborder=\"0\" allow=\"accelerometer; autoplay; clipboard-write; encrypted-media; gyroscope; picture-in-picture; web-share\" referrerpolicy=\"strict-origin-when-cross-origin\" allowfullscreen><\/iframe>\n<\/div><\/figure>\n\n\n\n<ul class=\"wp-block-list\"><li>Ahora, copia el siguiente esquema en tu cuaderno (luego m\u00e1ndalo por email)<br>Como siempre, recuerda las reglas, los colores, etc.<\/li><\/ul>\n\n\n\n<figure class=\"wp-block-image size-large is-resized\"><img loading=\"lazy\" decoding=\"async\" src=\"https:\/\/blogs.smbosque.es\/raullopez\/files\/2020\/04\/esquemas-conocimiento-del-medio-3-ciclo-de-primaria-34-728.jpg\" alt=\"\" class=\"wp-image-1513\" width=\"660\" height=\"486\" srcset=\"https:\/\/blogs.smbosque.es\/raullopez\/files\/2020\/04\/esquemas-conocimiento-del-medio-3-ciclo-de-primaria-34-728.jpg 728w, https:\/\/blogs.smbosque.es\/raullopez\/files\/2020\/04\/esquemas-conocimiento-del-medio-3-ciclo-de-primaria-34-728-300x221.jpg 300w\" sizes=\"auto, (max-width: 660px) 100vw, 660px\" \/><\/figure>\n\n\n\n<p>Leer las p\u00e1ginas&nbsp; 114 y 115.<\/p>\n\n\n\n<figure class=\"wp-block-gallery columns-2 is-cropped wp-block-gallery-1 is-layout-flex wp-block-gallery-is-layout-flex\"><ul class=\"blocks-gallery-grid\"><li class=\"blocks-gallery-item\"><figure><img loading=\"lazy\" decoding=\"async\" width=\"728\" height=\"546\" src=\"https:\/\/blogs.smbosque.es\/raullopez\/files\/2020\/05\/las-fuerzas-y-el-movimiento-carmen-2-728.jpg\" alt=\"\" data-id=\"1730\" data-full-url=\"https:\/\/blogs.smbosque.es\/raullopez\/files\/2020\/05\/las-fuerzas-y-el-movimiento-carmen-2-728.jpg\" data-link=\"https:\/\/blogs.smbosque.es\/raullopez\/?attachment_id=1730\" class=\"wp-image-1730\" srcset=\"https:\/\/blogs.smbosque.es\/raullopez\/files\/2020\/05\/las-fuerzas-y-el-movimiento-carmen-2-728.jpg 728w, https:\/\/blogs.smbosque.es\/raullopez\/files\/2020\/05\/las-fuerzas-y-el-movimiento-carmen-2-728-300x225.jpg 300w\" sizes=\"auto, (max-width: 728px) 100vw, 728px\" \/><\/figure><\/li><li class=\"blocks-gallery-item\"><figure><img loading=\"lazy\" decoding=\"async\" width=\"728\" height=\"546\" src=\"https:\/\/blogs.smbosque.es\/raullopez\/files\/2020\/05\/fuerzas-y-movimiento-a-14-728.jpg\" alt=\"\" data-id=\"1732\" data-full-url=\"https:\/\/blogs.smbosque.es\/raullopez\/files\/2020\/05\/fuerzas-y-movimiento-a-14-728.jpg\" data-link=\"https:\/\/blogs.smbosque.es\/raullopez\/?attachment_id=1732\" class=\"wp-image-1732\" srcset=\"https:\/\/blogs.smbosque.es\/raullopez\/files\/2020\/05\/fuerzas-y-movimiento-a-14-728.jpg 728w, https:\/\/blogs.smbosque.es\/raullopez\/files\/2020\/05\/fuerzas-y-movimiento-a-14-728-300x225.jpg 300w\" sizes=\"auto, (max-width: 728px) 100vw, 728px\" \/><\/figure><\/li><li class=\"blocks-gallery-item\"><figure><img loading=\"lazy\" decoding=\"async\" width=\"728\" height=\"546\" src=\"https:\/\/blogs.smbosque.es\/raullopez\/files\/2020\/05\/fuerzas-y-movimiento-a-2-728.jpg\" alt=\"\" data-id=\"1734\" data-full-url=\"https:\/\/blogs.smbosque.es\/raullopez\/files\/2020\/05\/fuerzas-y-movimiento-a-2-728.jpg\" data-link=\"https:\/\/blogs.smbosque.es\/raullopez\/?attachment_id=1734\" class=\"wp-image-1734\" srcset=\"https:\/\/blogs.smbosque.es\/raullopez\/files\/2020\/05\/fuerzas-y-movimiento-a-2-728.jpg 728w, https:\/\/blogs.smbosque.es\/raullopez\/files\/2020\/05\/fuerzas-y-movimiento-a-2-728-300x225.jpg 300w\" sizes=\"auto, (max-width: 728px) 100vw, 728px\" \/><\/figure><\/li><li class=\"blocks-gallery-item\"><figure><img loading=\"lazy\" decoding=\"async\" width=\"728\" height=\"546\" src=\"https:\/\/blogs.smbosque.es\/raullopez\/files\/2020\/05\/fuerzas-y-movimiento-a-4-728.jpg\" alt=\"\" data-id=\"1736\" data-full-url=\"https:\/\/blogs.smbosque.es\/raullopez\/files\/2020\/05\/fuerzas-y-movimiento-a-4-728.jpg\" data-link=\"https:\/\/blogs.smbosque.es\/raullopez\/?attachment_id=1736\" class=\"wp-image-1736\" srcset=\"https:\/\/blogs.smbosque.es\/raullopez\/files\/2020\/05\/fuerzas-y-movimiento-a-4-728.jpg 728w, https:\/\/blogs.smbosque.es\/raullopez\/files\/2020\/05\/fuerzas-y-movimiento-a-4-728-300x225.jpg 300w\" sizes=\"auto, (max-width: 728px) 100vw, 728px\" \/><\/figure><\/li><li class=\"blocks-gallery-item\"><figure><img loading=\"lazy\" decoding=\"async\" width=\"728\" height=\"546\" src=\"https:\/\/blogs.smbosque.es\/raullopez\/files\/2020\/05\/fuerzas-y-movimiento-a-5-728.jpg\" alt=\"\" data-id=\"1735\" data-full-url=\"https:\/\/blogs.smbosque.es\/raullopez\/files\/2020\/05\/fuerzas-y-movimiento-a-5-728.jpg\" data-link=\"https:\/\/blogs.smbosque.es\/raullopez\/?attachment_id=1735\" class=\"wp-image-1735\" srcset=\"https:\/\/blogs.smbosque.es\/raullopez\/files\/2020\/05\/fuerzas-y-movimiento-a-5-728.jpg 728w, https:\/\/blogs.smbosque.es\/raullopez\/files\/2020\/05\/fuerzas-y-movimiento-a-5-728-300x225.jpg 300w\" sizes=\"auto, (max-width: 728px) 100vw, 728px\" \/><\/figure><\/li><li class=\"blocks-gallery-item\"><figure><img loading=\"lazy\" decoding=\"async\" width=\"728\" height=\"546\" src=\"https:\/\/blogs.smbosque.es\/raullopez\/files\/2020\/05\/fuerzas-y-movimiento-a-7-728.jpg\" alt=\"\" data-id=\"1733\" data-full-url=\"https:\/\/blogs.smbosque.es\/raullopez\/files\/2020\/05\/fuerzas-y-movimiento-a-7-728.jpg\" data-link=\"https:\/\/blogs.smbosque.es\/raullopez\/?attachment_id=1733\" class=\"wp-image-1733\" srcset=\"https:\/\/blogs.smbosque.es\/raullopez\/files\/2020\/05\/fuerzas-y-movimiento-a-7-728.jpg 728w, https:\/\/blogs.smbosque.es\/raullopez\/files\/2020\/05\/fuerzas-y-movimiento-a-7-728-300x225.jpg 300w\" sizes=\"auto, (max-width: 728px) 100vw, 728px\" \/><\/figure><\/li><li class=\"blocks-gallery-item\"><figure><img loading=\"lazy\" decoding=\"async\" width=\"728\" height=\"546\" src=\"https:\/\/blogs.smbosque.es\/raullopez\/files\/2020\/05\/fuerzas-y-movimiento-a-17-728.jpg\" alt=\"\" data-id=\"1731\" data-full-url=\"https:\/\/blogs.smbosque.es\/raullopez\/files\/2020\/05\/fuerzas-y-movimiento-a-17-728.jpg\" data-link=\"https:\/\/blogs.smbosque.es\/raullopez\/?attachment_id=1731\" class=\"wp-image-1731\" srcset=\"https:\/\/blogs.smbosque.es\/raullopez\/files\/2020\/05\/fuerzas-y-movimiento-a-17-728.jpg 728w, https:\/\/blogs.smbosque.es\/raullopez\/files\/2020\/05\/fuerzas-y-movimiento-a-17-728-300x225.jpg 300w\" sizes=\"auto, (max-width: 728px) 100vw, 728px\" \/><\/figure><\/li><li class=\"blocks-gallery-item\"><figure><img loading=\"lazy\" decoding=\"async\" width=\"728\" height=\"546\" src=\"https:\/\/blogs.smbosque.es\/raullopez\/files\/2020\/05\/fuerzas-y-movimiento-a-18-728.jpg\" alt=\"\" data-id=\"1728\" data-full-url=\"https:\/\/blogs.smbosque.es\/raullopez\/files\/2020\/05\/fuerzas-y-movimiento-a-18-728.jpg\" data-link=\"https:\/\/blogs.smbosque.es\/raullopez\/?attachment_id=1728\" class=\"wp-image-1728\" srcset=\"https:\/\/blogs.smbosque.es\/raullopez\/files\/2020\/05\/fuerzas-y-movimiento-a-18-728.jpg 728w, https:\/\/blogs.smbosque.es\/raullopez\/files\/2020\/05\/fuerzas-y-movimiento-a-18-728-300x225.jpg 300w\" sizes=\"auto, (max-width: 728px) 100vw, 728px\" \/><\/figure><\/li><li class=\"blocks-gallery-item\"><figure><img loading=\"lazy\" decoding=\"async\" width=\"440\" height=\"438\" src=\"https:\/\/blogs.smbosque.es\/raullopez\/files\/2020\/05\/Una-pelota-que-se-lanza-.png\" alt=\"\" data-id=\"1727\" data-full-url=\"https:\/\/blogs.smbosque.es\/raullopez\/files\/2020\/05\/Una-pelota-que-se-lanza-.png\" data-link=\"https:\/\/blogs.smbosque.es\/raullopez\/?attachment_id=1727\" class=\"wp-image-1727\" srcset=\"https:\/\/blogs.smbosque.es\/raullopez\/files\/2020\/05\/Una-pelota-que-se-lanza-.png 440w, https:\/\/blogs.smbosque.es\/raullopez\/files\/2020\/05\/Una-pelota-que-se-lanza--300x300.png 300w, https:\/\/blogs.smbosque.es\/raullopez\/files\/2020\/05\/Una-pelota-que-se-lanza--150x150.png 150w\" sizes=\"auto, (max-width: 440px) 100vw, 440px\" \/><\/figure><\/li><li class=\"blocks-gallery-item\"><figure><img loading=\"lazy\" decoding=\"async\" width=\"728\" height=\"546\" src=\"https:\/\/blogs.smbosque.es\/raullopez\/files\/2020\/05\/fuerzas-y-movimiento-a-20-728.jpg\" alt=\"\" data-id=\"1729\" data-full-url=\"https:\/\/blogs.smbosque.es\/raullopez\/files\/2020\/05\/fuerzas-y-movimiento-a-20-728.jpg\" data-link=\"https:\/\/blogs.smbosque.es\/raullopez\/?attachment_id=1729\" class=\"wp-image-1729\" srcset=\"https:\/\/blogs.smbosque.es\/raullopez\/files\/2020\/05\/fuerzas-y-movimiento-a-20-728.jpg 728w, https:\/\/blogs.smbosque.es\/raullopez\/files\/2020\/05\/fuerzas-y-movimiento-a-20-728-300x225.jpg 300w\" sizes=\"auto, (max-width: 728px) 100vw, 728px\" \/><\/figure><\/li><\/ul><\/figure>\n\n\n\n<p>Ver el v\u00eddeo de la Fuerza y movimiento:<\/p>\n\n\n\n<figure class=\"wp-block-embed is-type-video is-provider-youtube wp-block-embed-youtube wp-embed-aspect-16-9 wp-has-aspect-ratio\"><div class=\"wp-block-embed__wrapper\">\n<iframe loading=\"lazy\" title=\"FUERZA Y MOVIMIENTO\" width=\"640\" height=\"360\" src=\"https:\/\/www.youtube.com\/embed\/bv89Bs187aU?feature=oembed\" frameborder=\"0\" allow=\"accelerometer; autoplay; clipboard-write; encrypted-media; gyroscope; picture-in-picture; web-share\" referrerpolicy=\"strict-origin-when-cross-origin\" allowfullscreen><\/iframe>\n<\/div><\/figure>\n\n\n\n<ul class=\"wp-block-list\"><li>Leer las p\u00e1ginas 116 y 117.<\/li><li>Copiar el cuadro de las m\u00e1quinas simples y los dibujos de los tres tipos de palancas.<\/li><li>Visualizar los v\u00eddeos.<\/li><\/ul>\n\n\n\n<figure class=\"wp-block-gallery columns-2 is-cropped wp-block-gallery-2 is-layout-flex wp-block-gallery-is-layout-flex\"><ul class=\"blocks-gallery-grid\"><li class=\"blocks-gallery-item\"><figure><img loading=\"lazy\" decoding=\"async\" width=\"728\" height=\"546\" src=\"https:\/\/blogs.smbosque.es\/raullopez\/files\/2020\/05\/8b402fabd8127fd8483ec0fa7080c6aa.jpg\" alt=\"\" data-id=\"1840\" data-full-url=\"https:\/\/blogs.smbosque.es\/raullopez\/files\/2020\/05\/8b402fabd8127fd8483ec0fa7080c6aa.jpg\" data-link=\"https:\/\/blogs.smbosque.es\/raullopez\/?attachment_id=1840\" class=\"wp-image-1840\" srcset=\"https:\/\/blogs.smbosque.es\/raullopez\/files\/2020\/05\/8b402fabd8127fd8483ec0fa7080c6aa.jpg 728w, https:\/\/blogs.smbosque.es\/raullopez\/files\/2020\/05\/8b402fabd8127fd8483ec0fa7080c6aa-300x225.jpg 300w\" sizes=\"auto, (max-width: 728px) 100vw, 728px\" \/><\/figure><\/li><li class=\"blocks-gallery-item\"><figure><img loading=\"lazy\" decoding=\"async\" width=\"768\" height=\"491\" src=\"https:\/\/blogs.smbosque.es\/raullopez\/files\/2020\/05\/Ejemplo-de-palanca-de-primer-grado.jpg\" alt=\"\" data-id=\"1839\" data-full-url=\"https:\/\/blogs.smbosque.es\/raullopez\/files\/2020\/05\/Ejemplo-de-palanca-de-primer-grado.jpg\" data-link=\"https:\/\/blogs.smbosque.es\/raullopez\/?attachment_id=1839\" class=\"wp-image-1839\" srcset=\"https:\/\/blogs.smbosque.es\/raullopez\/files\/2020\/05\/Ejemplo-de-palanca-de-primer-grado.jpg 768w, https:\/\/blogs.smbosque.es\/raullopez\/files\/2020\/05\/Ejemplo-de-palanca-de-primer-grado-300x192.jpg 300w\" sizes=\"auto, (max-width: 768px) 100vw, 768px\" \/><\/figure><\/li><li class=\"blocks-gallery-item\"><figure><img loading=\"lazy\" decoding=\"async\" width=\"768\" height=\"491\" src=\"https:\/\/blogs.smbosque.es\/raullopez\/files\/2020\/05\/palanca-de-segundo-genero.jpg\" alt=\"\" data-id=\"1838\" data-full-url=\"https:\/\/blogs.smbosque.es\/raullopez\/files\/2020\/05\/palanca-de-segundo-genero.jpg\" data-link=\"https:\/\/blogs.smbosque.es\/raullopez\/?attachment_id=1838\" class=\"wp-image-1838\" srcset=\"https:\/\/blogs.smbosque.es\/raullopez\/files\/2020\/05\/palanca-de-segundo-genero.jpg 768w, https:\/\/blogs.smbosque.es\/raullopez\/files\/2020\/05\/palanca-de-segundo-genero-300x192.jpg 300w\" sizes=\"auto, (max-width: 768px) 100vw, 768px\" \/><\/figure><\/li><li class=\"blocks-gallery-item\"><figure><img loading=\"lazy\" decoding=\"async\" width=\"768\" height=\"479\" src=\"https:\/\/blogs.smbosque.es\/raullopez\/files\/2020\/05\/Palanca-de-tercer-g\u00e9nero.jpg\" alt=\"\" data-id=\"1837\" data-full-url=\"https:\/\/blogs.smbosque.es\/raullopez\/files\/2020\/05\/Palanca-de-tercer-g\u00e9nero.jpg\" data-link=\"https:\/\/blogs.smbosque.es\/raullopez\/?attachment_id=1837\" class=\"wp-image-1837\" srcset=\"https:\/\/blogs.smbosque.es\/raullopez\/files\/2020\/05\/Palanca-de-tercer-g\u00e9nero.jpg 768w, https:\/\/blogs.smbosque.es\/raullopez\/files\/2020\/05\/Palanca-de-tercer-g\u00e9nero-300x187.jpg 300w\" sizes=\"auto, (max-width: 768px) 100vw, 768px\" \/><\/figure><\/li><\/ul><\/figure>\n\n\n\n<p><strong>&nbsp;Ciencias de la Naturaleza. 4\u00ba Primaria. Tema 7. Las m\u00e1quinas<\/strong><\/p>\n\n\n\n<figure class=\"wp-block-embed is-type-video is-provider-youtube wp-block-embed-youtube wp-embed-aspect-4-3 wp-has-aspect-ratio\"><div class=\"wp-block-embed__wrapper\">\n<iframe loading=\"lazy\" title=\"Ciencias de la Naturaleza. 4\u00ba Primaria. Tema 7. Las m\u00e1quinas\" width=\"640\" height=\"480\" src=\"https:\/\/www.youtube.com\/embed\/aom-USsQCS0?feature=oembed\" frameborder=\"0\" allow=\"accelerometer; autoplay; clipboard-write; encrypted-media; gyroscope; picture-in-picture; web-share\" referrerpolicy=\"strict-origin-when-cross-origin\" allowfullscreen><\/iframe>\n<\/div><\/figure>\n\n\n\n<p><strong>M\u00c1QUINAS SIMPLES Y COMPUESTAS<\/strong><\/p>\n\n\n\n<figure class=\"wp-block-embed is-type-video is-provider-youtube wp-block-embed-youtube wp-embed-aspect-16-9 wp-has-aspect-ratio\"><div class=\"wp-block-embed__wrapper\">\n<iframe loading=\"lazy\" title=\"M\u00c1QUINAS SIMPLES Y COMPUESTAS | V\u00eddeos Educativos para ni\u00f1os\" width=\"640\" height=\"360\" src=\"https:\/\/www.youtube.com\/embed\/Ak3M5tFro_I?feature=oembed\" frameborder=\"0\" allow=\"accelerometer; autoplay; clipboard-write; encrypted-media; gyroscope; picture-in-picture; web-share\" referrerpolicy=\"strict-origin-when-cross-origin\" allowfullscreen><\/iframe>\n<\/div><\/figure>\n\n\n\n<p><strong>Las m\u00e1quinas simples.<\/strong><\/p>\n\n\n\n<p>P\u00e1gina Web donde explican las m\u00e1quinas simples y las compuestas. <a href=\"https:\/\/lilianavalentinagalindovesga.wordpress.com\/fisica-2\/tercer-periodo\/estatica\/maquinas-simples\/\" target=\"_blank\" rel=\"noreferrer noopener\">ENLACE<\/a><\/p>\n\n\n\n<p>V\u00eddeo de EDUCLAN: <a href=\"https:\/\/www.rtve.es\/infantil\/serie\/educlan-9-10-anos\/video\/ciencias-naturales-maquinas\/5561399\/\">https:\/\/www.rtve.es\/infantil\/serie\/educlan-9-10-anos\/video\/ciencias-naturales-maquinas\/5561399\/<\/a><\/p>\n\n\n\n<ul class=\"wp-block-list\"><li>Leer las p\u00e1ginas 118 y 119.<\/li><li>Busca informaci\u00f3n sobre un&nbsp; investigador o investigadora.&nbsp; Y haz un resumen con lo m\u00e1s importe que encuentres. Lo mand\u00e1is como siempre al correo. Con buena letra y presentaci\u00f3n. Adem\u00e1s, lo leeremos en la siguiente videollamada.<\/li><li>Por otro lado responde a la siguiente cuesti\u00f3n, \u00bfQu\u00e9 avance tecnol\u00f3gico crees que es m\u00e1s importante? Justifica tu respuesta.<\/li><li>Visualiza los siguientes v\u00eddeos:<\/li><\/ul>\n\n\n\n<p><a href=\"http:\/\/www.kids.csic.es\/cientificos\/biografias.html\">http:\/\/www.kids.csic.es\/cientificos\/biografias.html<\/a><\/p>\n\n\n\n<ul class=\"wp-block-list\"><li>10 inventos m\u00e1s importantes en la historia de la humanidad<\/li><\/ul>\n\n\n\n<figure class=\"wp-block-embed is-type-video is-provider-youtube wp-block-embed-youtube wp-embed-aspect-16-9 wp-has-aspect-ratio\"><div class=\"wp-block-embed__wrapper\">\n<iframe loading=\"lazy\" title=\"10 inventos m\u00e1s importantes en la historia de la humanidad\" width=\"640\" height=\"360\" src=\"https:\/\/www.youtube.com\/embed\/UKNjF_7jmdg?feature=oembed\" frameborder=\"0\" allow=\"accelerometer; autoplay; clipboard-write; encrypted-media; gyroscope; picture-in-picture; web-share\" referrerpolicy=\"strict-origin-when-cross-origin\" allowfullscreen><\/iframe>\n<\/div><\/figure>\n\n\n\n<figure class=\"wp-block-gallery columns-2 is-cropped wp-block-gallery-3 is-layout-flex wp-block-gallery-is-layout-flex\"><ul class=\"blocks-gallery-grid\"><li class=\"blocks-gallery-item\"><figure><img loading=\"lazy\" decoding=\"async\" width=\"400\" height=\"400\" src=\"https:\/\/blogs.smbosque.es\/raullopez\/files\/2020\/05\/meme-1.jpg\" alt=\"\" data-id=\"2007\" data-full-url=\"https:\/\/blogs.smbosque.es\/raullopez\/files\/2020\/05\/meme-1.jpg\" data-link=\"https:\/\/blogs.smbosque.es\/raullopez\/?attachment_id=2007\" class=\"wp-image-2007\" srcset=\"https:\/\/blogs.smbosque.es\/raullopez\/files\/2020\/05\/meme-1.jpg 400w, https:\/\/blogs.smbosque.es\/raullopez\/files\/2020\/05\/meme-1-300x300.jpg 300w, https:\/\/blogs.smbosque.es\/raullopez\/files\/2020\/05\/meme-1-150x150.jpg 150w\" sizes=\"auto, (max-width: 400px) 100vw, 400px\" \/><\/figure><\/li><li class=\"blocks-gallery-item\"><figure><img loading=\"lazy\" decoding=\"async\" width=\"400\" height=\"400\" src=\"https:\/\/blogs.smbosque.es\/raullopez\/files\/2020\/05\/meme2.jpg\" alt=\"\" data-id=\"2008\" data-full-url=\"https:\/\/blogs.smbosque.es\/raullopez\/files\/2020\/05\/meme2.jpg\" data-link=\"https:\/\/blogs.smbosque.es\/raullopez\/?attachment_id=2008\" class=\"wp-image-2008\" srcset=\"https:\/\/blogs.smbosque.es\/raullopez\/files\/2020\/05\/meme2.jpg 400w, https:\/\/blogs.smbosque.es\/raullopez\/files\/2020\/05\/meme2-300x300.jpg 300w, https:\/\/blogs.smbosque.es\/raullopez\/files\/2020\/05\/meme2-150x150.jpg 150w\" sizes=\"auto, (max-width: 400px) 100vw, 400px\" \/><\/figure><\/li><\/ul><\/figure>\n","protected":false},"excerpt":{"rendered":"<p>Hoy vamos con el Tema 7: Las fuerzas. Antes de nada, coge tu cuaderno y ve apuntando las dudas que te cree el tema, para poder resolverlas por email o en una videollamada. Primero, vamos a ver que son las &hellip; <a href=\"https:\/\/blogs.smbosque.es\/raullopez\/4o-e-p\/natu\/unidad-8-las-fuerzas\/\">Sigue leyendo <span class=\"meta-nav\">&rarr;<\/span><\/a><\/p>\n","protected":false},"author":77,"featured_media":0,"parent":628,"menu_order":8,"comment_status":"closed","ping_status":"closed","template":"","meta":{"footnotes":""},"class_list":["post-3803","page","type-page","status-publish","hentry"],"jetpack_sharing_enabled":true,"_links":{"self":[{"href":"https:\/\/blogs.smbosque.es\/raullopez\/wp-json\/wp\/v2\/pages\/3803","targetHints":{"allow":["GET"]}}],"collection":[{"href":"https:\/\/blogs.smbosque.es\/raullopez\/wp-json\/wp\/v2\/pages"}],"about":[{"href":"https:\/\/blogs.smbosque.es\/raullopez\/wp-json\/wp\/v2\/types\/page"}],"author":[{"embeddable":true,"href":"https:\/\/blogs.smbosque.es\/raullopez\/wp-json\/wp\/v2\/users\/77"}],"replies":[{"embeddable":true,"href":"https:\/\/blogs.smbosque.es\/raullopez\/wp-json\/wp\/v2\/comments?post=3803"}],"version-history":[{"count":4,"href":"https:\/\/blogs.smbosque.es\/raullopez\/wp-json\/wp\/v2\/pages\/3803\/revisions"}],"predecessor-version":[{"id":3807,"href":"https:\/\/blogs.smbosque.es\/raullopez\/wp-json\/wp\/v2\/pages\/3803\/revisions\/3807"}],"up":[{"embeddable":true,"href":"https:\/\/blogs.smbosque.es\/raullopez\/wp-json\/wp\/v2\/pages\/628"}],"wp:attachment":[{"href":"https:\/\/blogs.smbosque.es\/raullopez\/wp-json\/wp\/v2\/media?parent=3803"}],"curies":[{"name":"wp","href":"https:\/\/api.w.org\/{rel}","templated":true}]}}