{"id":3808,"date":"2021-05-19T08:57:21","date_gmt":"2021-05-19T06:57:21","guid":{"rendered":"https:\/\/blogs.smbosque.es\/raullopez\/?page_id=3808"},"modified":"2021-05-19T09:03:59","modified_gmt":"2021-05-19T07:03:59","slug":"unidad-11-cuanto-tiempo","status":"publish","type":"page","link":"https:\/\/blogs.smbosque.es\/raullopez\/4o-e-p\/lengua\/unidad-11-cuanto-tiempo\/","title":{"rendered":"Unidad 11 &#8211; \u00a1Cu\u00e1nto tiempo!"},"content":{"rendered":"\n<p>CAMPO L\u00c9XICO<\/p>\n\n\n\n<ul class=\"wp-block-list\"><li>Hoy nos toca el CAMPO L\u00c9XICO, quiz\u00e1 es un poco complicado de comprender as\u00ed de primeras, pero ya ver\u00e9is que con pr\u00e1ctica acabar\u00e1 siendo muy f\u00e1cil, y si no&#8230; preguntadme \ud83d\ude42<\/li><\/ul>\n\n\n\n<figure class=\"wp-block-embed is-type-video is-provider-youtube wp-block-embed-youtube wp-embed-aspect-16-9 wp-has-aspect-ratio\"><div class=\"wp-block-embed__wrapper\">\n<iframe loading=\"lazy\" title=\"Los campos l\u00e9xicos. 1\u00ba ESO, Lengua\" width=\"640\" height=\"360\" src=\"https:\/\/www.youtube.com\/embed\/iw5A_2HCXHc?feature=oembed\" frameborder=\"0\" allow=\"accelerometer; autoplay; clipboard-write; encrypted-media; gyroscope; picture-in-picture; web-share\" referrerpolicy=\"strict-origin-when-cross-origin\" allowfullscreen><\/iframe>\n<\/div><\/figure>\n\n\n\n<ul class=\"wp-block-list\"><li>Haced las actividades de la siguiente p\u00e1gina web, que es la que nos recomienda el v\u00eddeo:<br><a rel=\"noreferrer noopener\" href=\"https:\/\/cplosangeles.educarex.es\/web\/edilim\/tercer_ciclo\/lengua\/vocabulario\/semantico_lexico\/semantico_lexico.html\" target=\"_blank\">https:\/\/cplosangeles.educarex.es\/web\/edilim\/tercer_ciclo\/lengua\/vocabulario\/semantico_lexico\/semantico_lexico.html<\/a><\/li><li>Ahora, si lo ten\u00e9is claro, vamos a realizar las actividades del archivo:<\/li><\/ul>\n\n\n\n<div class=\"wp-block-file\"><a href=\"https:\/\/blogs.smbosque.es\/raullopez\/files\/2020\/04\/Tarea-lengua-29-04.pdf\">Tarea-lengua-29-04<\/a><a href=\"https:\/\/blogs.smbosque.es\/raullopez\/files\/2020\/04\/Tarea-lengua-29-04.pdf\" class=\"wp-block-file__button\" download>Descarga<\/a><\/div>\n\n\n\n<ul class=\"wp-block-list\"><li>Pasad las respuestas a <a rel=\"noreferrer noopener\" href=\"https:\/\/connect.idoceo.net\/\" target=\"_blank\">iDoceo<\/a>.<\/li><li>PIN <a rel=\"noreferrer noopener\" href=\"https:\/\/connect.idoceo.net\/\" target=\"_blank\">iDoceo<\/a>: 26365<\/li><li>Tambi\u00e9n os animo a hacer el juego, despu\u00e9s de hacer las actividades,  que nos propone la siguiente ni\u00f1a. Ved el v\u00eddeo hasta el final:<br><a rel=\"noreferrer noopener\" href=\"https:\/\/www.youtube.com\/watch?v=sajOm90C1WY\" target=\"_blank\">https:\/\/www.youtube.com\/watch?v=sajOm90C1WY<\/a><\/li><\/ul>\n\n\n\n<p>PREPOSICIONES Y CONJUNCIONES<\/p>\n\n\n\n<ul class=\"wp-block-list\"><li>Hoy nos toca estudiar las preposiciones y las conjunciones.<\/li><\/ul>\n\n\n\n<figure class=\"wp-block-image size-large is-resized\"><img loading=\"lazy\" decoding=\"async\" src=\"https:\/\/blogs.smbosque.es\/raullopez\/files\/2020\/04\/prep.jpg\" alt=\"\" class=\"wp-image-1646\" width=\"365\" height=\"273\" srcset=\"https:\/\/blogs.smbosque.es\/raullopez\/files\/2020\/04\/prep.jpg 1024w, https:\/\/blogs.smbosque.es\/raullopez\/files\/2020\/04\/prep-300x225.jpg 300w, https:\/\/blogs.smbosque.es\/raullopez\/files\/2020\/04\/prep-768x576.jpg 768w\" sizes=\"auto, (max-width: 365px) 100vw, 365px\" \/><figcaption>Estas, las ten\u00e9is que aprender de memoria.<\/figcaption><\/figure>\n\n\n\n<ul class=\"wp-block-list\"><li>Luego tenemos las CONJUNCIONES que son: Y, E, O, U, NI, PERO.<br>Hay alguna m\u00e1s, pero de momento con estas, nos vale:).<\/li><li>Visualiza los v\u00eddeos, haz las actividades del archivo y luego p\u00e1salas a iDoceo.<\/li><\/ul>\n\n\n\n<figure class=\"wp-block-embed is-type-video is-provider-youtube wp-block-embed-youtube wp-embed-aspect-4-3 wp-has-aspect-ratio\"><div class=\"wp-block-embed__wrapper\">\n<iframe loading=\"lazy\" title=\"Lengua Castellana. 4\u00ba Primaria. Tema 11. Las preposiciones\" width=\"640\" height=\"480\" src=\"https:\/\/www.youtube.com\/embed\/a8lVxoCWT3c?feature=oembed\" frameborder=\"0\" allow=\"accelerometer; autoplay; clipboard-write; encrypted-media; gyroscope; picture-in-picture; web-share\" referrerpolicy=\"strict-origin-when-cross-origin\" allowfullscreen><\/iframe>\n<\/div><\/figure>\n\n\n\n<figure class=\"wp-block-embed is-type-video is-provider-youtube wp-block-embed-youtube wp-embed-aspect-16-9 wp-has-aspect-ratio\"><div class=\"wp-block-embed__wrapper\">\n<iframe loading=\"lazy\" title=\"Las preposiciones. Aprende con Dani\" width=\"640\" height=\"360\" src=\"https:\/\/www.youtube.com\/embed\/j_jpBsZKBpo?feature=oembed\" frameborder=\"0\" allow=\"accelerometer; autoplay; clipboard-write; encrypted-media; gyroscope; picture-in-picture; web-share\" referrerpolicy=\"strict-origin-when-cross-origin\" allowfullscreen><\/iframe>\n<\/div><\/figure>\n\n\n\n<figure class=\"wp-block-embed is-type-video is-provider-youtube wp-block-embed-youtube wp-embed-aspect-4-3 wp-has-aspect-ratio\"><div class=\"wp-block-embed__wrapper\">\n<iframe loading=\"lazy\" title=\"Lengua Castellana. 4\u00ba Primaria. Tema 11. Las conjunciones\" width=\"640\" height=\"480\" src=\"https:\/\/www.youtube.com\/embed\/N9IO3n7z8Zk?feature=oembed\" frameborder=\"0\" allow=\"accelerometer; autoplay; clipboard-write; encrypted-media; gyroscope; picture-in-picture; web-share\" referrerpolicy=\"strict-origin-when-cross-origin\" allowfullscreen><\/iframe>\n<\/div><\/figure>\n\n\n\n<ul class=\"wp-block-list\"><li>Archivo de la tarea de Lengua:<\/li><\/ul>\n\n\n\n<div class=\"wp-block-file\"><a href=\"https:\/\/blogs.smbosque.es\/raullopez\/files\/2020\/04\/Tarea-lengua-30-04.pdf\">Tarea-lengua-30-04<\/a><a href=\"https:\/\/blogs.smbosque.es\/raullopez\/files\/2020\/04\/Tarea-lengua-30-04.pdf\" class=\"wp-block-file__button\">Descarga<\/a><\/div>\n\n\n\n<p>Pasa tus respuestas a<a rel=\"noreferrer noopener\" href=\"https:\/\/connect.idoceo.net\/\" target=\"_blank\"> iDoceo<\/a>. PIN Lengua: 19668<\/p>\n\n\n\n<ul class=\"wp-block-list\"><li>Para profundizar (nivel experto): <a rel=\"noreferrer noopener\" href=\"https:\/\/www.youtube.com\/watch?v=4WYe_ag7guQ\" target=\"_blank\">https:\/\/www.youtube.com\/watch?v=4WYe_ag7guQ<\/a><\/li><\/ul>\n\n\n\n<p class=\"has-background has-black-color has-text-color\">Otra cosita m\u00e1s antes de que os escap\u00e9is:<br><em>Se convoca un concurso para ver quien es el m\u00e1s r\u00e1pido de clase y del curso, diciendo de memoria todas las preposiciones.<\/em><br>Para participar deb\u00e9is grabaros un v\u00eddeo dici\u00e9ndolas todas y mandarlas a mi correo electr\u00f3nico.<br>Tambi\u00e9n ma\u00f1ana en la videollamada podr\u00e9is participar y os cronometrar\u00e9, as\u00ed que id practicando.<\/p>\n\n\n\n<figure class=\"wp-block-image size-large\"><img loading=\"lazy\" decoding=\"async\" width=\"1024\" height=\"450\" src=\"https:\/\/blogs.smbosque.es\/raullopez\/files\/2020\/05\/J-1024x450.png\" alt=\"\" class=\"wp-image-1701\" srcset=\"https:\/\/blogs.smbosque.es\/raullopez\/files\/2020\/05\/J-1024x450.png 1024w, https:\/\/blogs.smbosque.es\/raullopez\/files\/2020\/05\/J-300x132.png 300w, https:\/\/blogs.smbosque.es\/raullopez\/files\/2020\/05\/J-768x338.png 768w, https:\/\/blogs.smbosque.es\/raullopez\/files\/2020\/05\/J.png 1208w\" sizes=\"auto, (max-width: 1024px) 100vw, 1024px\" \/><\/figure>\n\n\n\n<ul class=\"wp-block-list\"><li>Haz en tu cuaderno de las p\u00e1ginas 196 y 197 las actividades 2, 3, 4, 6 y 8.<\/li><li>Recuerda poner la fecha, la p\u00e1gina, el n\u00famero de ejercicio, copiar el enunciado, escribir a bol\u00edgrafo y dejar los m\u00e1rgenes.<\/li><li>Luego haz una foto de tus ejercicios y env\u00edamelo al email.<\/li><\/ul>\n\n\n\n<ul class=\"wp-block-list\" id=\"block-1cca64b2-6b15-4a11-a17a-97dcefde0e04\"><li>Para terminar el tema vamos a hacer un&nbsp;<strong>decktoy<\/strong>&nbsp;(como el que hicisteis ayer de mates). Ya conoc\u00e9is como va), que para llegar al final tendr\u00e9is que ir superando \u201cretos\u201d, avanzando en vuestro camino y poder terminar.<br>Es importante que record\u00e9is la teor\u00eda dad hasta ahora en el tema.<\/li><li>Os recuerdo como se accede a dicha actividad. Ten\u00e9is que pinchar en el siguiente enlace:<\/li><li><a rel=\"noreferrer noopener\" href=\"https:\/\/deck.toys\/lengua4bsmb\" target=\"_blank\">https:\/\/deck.toys\/lengua4bsmb<\/a><\/li><li>Mucho \u00e1nimo.<\/li><\/ul>\n","protected":false},"excerpt":{"rendered":"<p>CAMPO L\u00c9XICO Hoy nos toca el CAMPO L\u00c9XICO, quiz\u00e1 es un poco complicado de comprender as\u00ed de primeras, pero ya ver\u00e9is que con pr\u00e1ctica acabar\u00e1 siendo muy f\u00e1cil, y si no&#8230; preguntadme \ud83d\ude42 Haced las actividades de la siguiente p\u00e1gina &hellip; <a href=\"https:\/\/blogs.smbosque.es\/raullopez\/4o-e-p\/lengua\/unidad-11-cuanto-tiempo\/\">Sigue leyendo <span class=\"meta-nav\">&rarr;<\/span><\/a><\/p>\n","protected":false},"author":77,"featured_media":0,"parent":612,"menu_order":11,"comment_status":"closed","ping_status":"closed","template":"","meta":{"footnotes":""},"class_list":["post-3808","page","type-page","status-publish","hentry"],"jetpack_sharing_enabled":true,"_links":{"self":[{"href":"https:\/\/blogs.smbosque.es\/raullopez\/wp-json\/wp\/v2\/pages\/3808","targetHints":{"allow":["GET"]}}],"collection":[{"href":"https:\/\/blogs.smbosque.es\/raullopez\/wp-json\/wp\/v2\/pages"}],"about":[{"href":"https:\/\/blogs.smbosque.es\/raullopez\/wp-json\/wp\/v2\/types\/page"}],"author":[{"embeddable":true,"href":"https:\/\/blogs.smbosque.es\/raullopez\/wp-json\/wp\/v2\/users\/77"}],"replies":[{"embeddable":true,"href":"https:\/\/blogs.smbosque.es\/raullopez\/wp-json\/wp\/v2\/comments?post=3808"}],"version-history":[{"count":6,"href":"https:\/\/blogs.smbosque.es\/raullopez\/wp-json\/wp\/v2\/pages\/3808\/revisions"}],"predecessor-version":[{"id":3815,"href":"https:\/\/blogs.smbosque.es\/raullopez\/wp-json\/wp\/v2\/pages\/3808\/revisions\/3815"}],"up":[{"embeddable":true,"href":"https:\/\/blogs.smbosque.es\/raullopez\/wp-json\/wp\/v2\/pages\/612"}],"wp:attachment":[{"href":"https:\/\/blogs.smbosque.es\/raullopez\/wp-json\/wp\/v2\/media?parent=3808"}],"curies":[{"name":"wp","href":"https:\/\/api.w.org\/{rel}","templated":true}]}}