{"id":3817,"date":"2022-03-21T14:15:35","date_gmt":"2022-03-21T13:15:35","guid":{"rendered":"https:\/\/blogs.smbosque.es\/raullopez\/?page_id=3817"},"modified":"2022-03-22T14:31:34","modified_gmt":"2022-03-22T13:31:34","slug":"unidad-8-tiempo-y-dinero","status":"publish","type":"page","link":"https:\/\/blogs.smbosque.es\/raullopez\/4o-e-p\/mates\/unidad-8-tiempo-y-dinero\/","title":{"rendered":"Unidad 8 &#8211; Tiempo y dinero"},"content":{"rendered":"\n<p>PARA EMPEZAR Y AYUDARNOS A LO LARGO DEL TEMA&#8230;<\/p>\n\n\n\n<figure class=\"wp-block-embed is-type-video is-provider-youtube wp-block-embed-youtube wp-embed-aspect-16-9 wp-has-aspect-ratio\"><div class=\"wp-block-embed__wrapper\">\n<iframe loading=\"lazy\" title=\"C\u00f3mo hacer un sencillo reloj de cart\u00f3n\" width=\"640\" height=\"360\" src=\"https:\/\/www.youtube.com\/embed\/tEDgsNMYxds?feature=oembed\" frameborder=\"0\" allow=\"accelerometer; autoplay; clipboard-write; encrypted-media; gyroscope; picture-in-picture; web-share\" referrerpolicy=\"strict-origin-when-cross-origin\" allowfullscreen><\/iframe>\n<\/div><\/figure>\n\n\n\n<p><strong>EL RELOJ DIGITAL Y EL ANAL\u00d3GICO<\/strong><\/p>\n\n\n\n<figure class=\"wp-block-embed is-type-video is-provider-youtube wp-block-embed-youtube wp-embed-aspect-4-3 wp-has-aspect-ratio\"><div class=\"wp-block-embed__wrapper\">\n<iframe loading=\"lazy\" title=\"Matem\u00e1ticas. 4\u00ba Primaria. Tema 9. Relojes digitales y anal\u00f3gicos\" width=\"640\" height=\"480\" src=\"https:\/\/www.youtube.com\/embed\/q5UwYfWn07U?feature=oembed\" frameborder=\"0\" allow=\"accelerometer; autoplay; clipboard-write; encrypted-media; gyroscope; picture-in-picture; web-share\" referrerpolicy=\"strict-origin-when-cross-origin\" allowfullscreen><\/iframe>\n<\/div><\/figure>\n\n\n\n<figure class=\"wp-block-embed is-type-video is-provider-youtube wp-block-embed-youtube wp-embed-aspect-16-9 wp-has-aspect-ratio\"><div class=\"wp-block-embed__wrapper\">\n<iframe loading=\"lazy\" title=\"LECTURA Y USO DEL RELOJ (Primaria)\" width=\"640\" height=\"360\" src=\"https:\/\/www.youtube.com\/embed\/X_M4MGUFHQI?feature=oembed\" frameborder=\"0\" allow=\"accelerometer; autoplay; clipboard-write; encrypted-media; gyroscope; picture-in-picture; web-share\" referrerpolicy=\"strict-origin-when-cross-origin\" allowfullscreen><\/iframe>\n<\/div><\/figure>\n\n\n\n<figure class=\"wp-block-embed is-type-video is-provider-youtube wp-block-embed-youtube wp-embed-aspect-4-3 wp-has-aspect-ratio\"><div class=\"wp-block-embed__wrapper\">\n<iframe loading=\"lazy\" title=\"La Eduteca - La medida del tiempo: el reloj\" width=\"640\" height=\"480\" src=\"https:\/\/www.youtube.com\/embed\/RqPYRcVO8j8?feature=oembed\" frameborder=\"0\" allow=\"accelerometer; autoplay; clipboard-write; encrypted-media; gyroscope; picture-in-picture; web-share\" referrerpolicy=\"strict-origin-when-cross-origin\" allowfullscreen><\/iframe>\n<\/div><\/figure>\n\n\n\n<figure class=\"wp-block-image\"><img decoding=\"async\" src=\"https:\/\/th.bing.com\/th\/id\/R.a79f80c1a74b7aee879a51e5810e180d?rik=cImSOAVHUBsI1g&amp;riu=http%3a%2f%2f3.bp.blogspot.com%2f-OVm2OZaLPTc%2fVOzjrdyg0YI%2fAAAAAAAAB0I%2fPLp1XsPSzgM%2fs1600%2fhoras.png&amp;ehk=pdnkgJzvqDuDD7rqXRm%2bLaZoPSys%2f4aVnGSQBmvh9sY%3d&amp;risl=&amp;pid=ImgRaw&amp;r=0\" alt=\"Ver las im\u00e1genes de origen\" \/><\/figure>\n\n\n\n<figure class=\"wp-block-image\"><img decoding=\"async\" src=\"https:\/\/4.bp.blogspot.com\/-YgTDeOTMj2A\/WuCtt8fdLPI\/AAAAAAAABpg\/GXGvV0xK9WMprd2Q79UY0kieVNFAV1Q0wCEwYBhgL\/s1600\/el-tempo-unidades-de-tiempo-6-728.jpg\" alt=\"Ver las im\u00e1genes de origen\" \/><\/figure>\n\n\n\n<p><strong>HORAS, MINUTOS Y SEGUNDOS<\/strong><\/p>\n\n\n\n<figure class=\"wp-block-embed is-type-video is-provider-youtube wp-block-embed-youtube wp-embed-aspect-4-3 wp-has-aspect-ratio\"><div class=\"wp-block-embed__wrapper\">\n<iframe loading=\"lazy\" title=\"La Eduteca - La medida del tiempo: horas, minutos y segundos\" width=\"640\" height=\"480\" src=\"https:\/\/www.youtube.com\/embed\/bOcP2YOeH94?feature=oembed\" frameborder=\"0\" allow=\"accelerometer; autoplay; clipboard-write; encrypted-media; gyroscope; picture-in-picture; web-share\" referrerpolicy=\"strict-origin-when-cross-origin\" allowfullscreen><\/iframe>\n<\/div><\/figure>\n\n\n\n<figure class=\"wp-block-image\"><img decoding=\"async\" src=\"https:\/\/4.bp.blogspot.com\/-m9EC_3pHw_g\/WmTX96HmrRI\/AAAAAAAABiw\/uNHK_NeCDNYuDCOmb2wWftlSb6DCZkwwQCLcBGAs\/s1600\/horas%2Bminutos%2By%2Bsegundos.jpg\" alt=\"Ver las im\u00e1genes de origen\" \/><\/figure>\n\n\n\n<figure class=\"wp-block-image\"><img decoding=\"async\" src=\"https:\/\/3.bp.blogspot.com\/-HiJb0zFUzHU\/VuMTpwfc-MI\/AAAAAAAADAY\/nNZ9poz6vFUFMBByt5-d35OWWrsvCZ2jQ\/s640\/Horas-minutos-segundos-2.JPG\" alt=\"Ver las im\u00e1genes de origen\" \/><\/figure>\n\n\n\n<figure class=\"wp-block-image\"><img decoding=\"async\" src=\"https:\/\/1.bp.blogspot.com\/-F75dQfwK2A4\/VuMTx7PayzI\/AAAAAAAADAc\/d_oy8lwFS_0jBHPQcfXhTWPjaZPJ9T7SA\/s640\/Horas-minutos-segundos-3.JPG\" alt=\"Ver las im\u00e1genes de origen\" \/><\/figure>\n\n\n\n<p><strong>UNIDADES DE TIEMPO<\/strong><\/p>\n\n\n\n<figure class=\"wp-block-image\"><img decoding=\"async\" src=\"https:\/\/3.bp.blogspot.com\/-Nbqy8a3VOAc\/V2_gPlJBUaI\/AAAAAAAAU2E\/N579ReSAErA5iov3exW4k9nNmmR6RocKwCLcB\/s1600\/unidades%2Bde%2Btiempo.png\" alt=\"Ver las im\u00e1genes de origen\" \/><\/figure>\n\n\n\n<figure class=\"wp-block-image\"><img decoding=\"async\" src=\"https:\/\/www.liveworksheets.com\/def_files\/2020\/4\/2\/4021528249061\/4021528249061001.jpg\" alt=\"Ver las im\u00e1genes de origen\" \/><\/figure>\n\n\n\n<figure class=\"wp-block-image\"><img decoding=\"async\" src=\"https:\/\/3.bp.blogspot.com\/-I33HfEJoLEA\/Vv0tGJb0EYI\/AAAAAAAAFCU\/t6WpQcIHQGgOToZUKhoLeY0HKf22OeZiA\/s640\/Sin%2Bt%25C3%25ADtulo.png\" alt=\"Ver las im\u00e1genes de origen\" \/><\/figure>\n\n\n\n<figure class=\"wp-block-embed is-type-video is-provider-youtube wp-block-embed-youtube wp-embed-aspect-16-9 wp-has-aspect-ratio\"><div class=\"wp-block-embed__wrapper\">\n<iframe loading=\"lazy\" title=\"Conversi\u00f3n de unidades de tiempo | segundos, minutos, horas, d\u00edas, semanas, meses, a\u00f1os...\" width=\"640\" height=\"360\" src=\"https:\/\/www.youtube.com\/embed\/gjUU80mvyoo?feature=oembed\" frameborder=\"0\" allow=\"accelerometer; autoplay; clipboard-write; encrypted-media; gyroscope; picture-in-picture; web-share\" referrerpolicy=\"strict-origin-when-cross-origin\" allowfullscreen><\/iframe>\n<\/div><\/figure>\n\n\n\n<figure class=\"wp-block-embed is-type-video is-provider-youtube wp-block-embed-youtube wp-embed-aspect-4-3 wp-has-aspect-ratio\"><div class=\"wp-block-embed__wrapper\">\n<iframe loading=\"lazy\" title=\"La Eduteca - La medida del tiempo: siglos y orden cronol\u00f3gico\" width=\"640\" height=\"480\" src=\"https:\/\/www.youtube.com\/embed\/kXvimwd0uC0?feature=oembed\" frameborder=\"0\" allow=\"accelerometer; autoplay; clipboard-write; encrypted-media; gyroscope; picture-in-picture; web-share\" referrerpolicy=\"strict-origin-when-cross-origin\" allowfullscreen><\/iframe>\n<\/div><\/figure>\n\n\n\n<figure class=\"wp-block-embed is-type-video is-provider-youtube wp-block-embed-youtube wp-embed-aspect-16-9 wp-has-aspect-ratio\"><div class=\"wp-block-embed__wrapper\">\n<iframe loading=\"lazy\" title=\"\u23f0 La MEDIDA del TIEMPO - Horas, Minutos y Segundos \u23f0 para NI\u00d1OS de PRIMARIA\" width=\"640\" height=\"360\" src=\"https:\/\/www.youtube.com\/embed\/mhHxqQIrdR8?feature=oembed\" frameborder=\"0\" allow=\"accelerometer; autoplay; clipboard-write; encrypted-media; gyroscope; picture-in-picture; web-share\" referrerpolicy=\"strict-origin-when-cross-origin\" allowfullscreen><\/iframe>\n<\/div><\/figure>\n\n\n\n<figure class=\"wp-block-embed is-type-video is-provider-youtube wp-block-embed-youtube wp-embed-aspect-16-9 wp-has-aspect-ratio\"><div class=\"wp-block-embed__wrapper\">\n<iframe loading=\"lazy\" title=\"La medida del tiempo -  horas, minutos y segundos\" width=\"640\" height=\"360\" src=\"https:\/\/www.youtube.com\/embed\/TwQGPoLRXwo?feature=oembed\" frameborder=\"0\" allow=\"accelerometer; autoplay; clipboard-write; encrypted-media; gyroscope; picture-in-picture; web-share\" referrerpolicy=\"strict-origin-when-cross-origin\" allowfullscreen><\/iframe>\n<\/div><\/figure>\n\n\n\n<figure class=\"wp-block-embed is-type-video is-provider-youtube wp-block-embed-youtube wp-embed-aspect-16-9 wp-has-aspect-ratio\"><div class=\"wp-block-embed__wrapper\">\n<iframe loading=\"lazy\" title=\"Trimestres, cuatrimestres, semestres, lustros, d\u00e9cadas, siglos y milenios\" width=\"640\" height=\"360\" src=\"https:\/\/www.youtube.com\/embed\/yf6gogRLECM?feature=oembed\" frameborder=\"0\" allow=\"accelerometer; autoplay; clipboard-write; encrypted-media; gyroscope; picture-in-picture; web-share\" referrerpolicy=\"strict-origin-when-cross-origin\" allowfullscreen><\/iframe>\n<\/div><\/figure>\n\n\n\n<p><strong>PROBLEMAS CON UNIDADES DE TIEMPO<\/strong><\/p>\n\n\n\n<figure class=\"wp-block-embed is-type-video is-provider-youtube wp-block-embed-youtube wp-embed-aspect-16-9 wp-has-aspect-ratio\"><div class=\"wp-block-embed__wrapper\">\n<iframe loading=\"lazy\" title=\"PROBLEMA CON HORAS, MINUTOS Y SEGUNDOS (SISTEMA SEXAGESIMAL)\" width=\"640\" height=\"360\" src=\"https:\/\/www.youtube.com\/embed\/Ugql1nSQO10?feature=oembed\" frameborder=\"0\" allow=\"accelerometer; autoplay; clipboard-write; encrypted-media; gyroscope; picture-in-picture; web-share\" referrerpolicy=\"strict-origin-when-cross-origin\" allowfullscreen><\/iframe>\n<\/div><\/figure>\n\n\n\n<p><strong>PROBLEMAS CON DINERO (EUROS)<\/strong><\/p>\n\n\n\n<figure class=\"wp-block-image\"><img decoding=\"async\" src=\"https:\/\/www.mundoprimaria.com\/wp-content\/uploads\/2018\/09\/monedas-billetes-euro.jpg\" alt=\"Ver las im\u00e1genes de origen\" \/><\/figure>\n\n\n\n<figure class=\"wp-block-embed is-type-video is-provider-youtube wp-block-embed-youtube wp-embed-aspect-4-3 wp-has-aspect-ratio\"><div class=\"wp-block-embed__wrapper\">\n<iframe loading=\"lazy\" title=\"Mate, 2\u00ba Primaria. Tema 4. Los euros y los c\u00e9ntimos\" width=\"640\" height=\"480\" src=\"https:\/\/www.youtube.com\/embed\/ZJJimVmqgjA?feature=oembed\" frameborder=\"0\" allow=\"accelerometer; autoplay; clipboard-write; encrypted-media; gyroscope; picture-in-picture; web-share\" referrerpolicy=\"strict-origin-when-cross-origin\" allowfullscreen><\/iframe>\n<\/div><\/figure>\n\n\n\n<figure class=\"wp-block-embed is-type-video is-provider-youtube wp-block-embed-youtube wp-embed-aspect-4-3 wp-has-aspect-ratio\"><div class=\"wp-block-embed__wrapper\">\n<iframe loading=\"lazy\" title=\"Matem\u00e1ticas. 3\u00ba Primaria. Tema 5. Sumamos con euros y c\u00e9ntimos\" width=\"640\" height=\"480\" src=\"https:\/\/www.youtube.com\/embed\/kjTg3X2aHMw?start=139&#038;feature=oembed\" frameborder=\"0\" allow=\"accelerometer; autoplay; clipboard-write; encrypted-media; gyroscope; picture-in-picture; web-share\" referrerpolicy=\"strict-origin-when-cross-origin\" allowfullscreen><\/iframe>\n<\/div><\/figure>\n\n\n\n<figure class=\"wp-block-embed is-type-video is-provider-youtube wp-block-embed-youtube wp-embed-aspect-4-3 wp-has-aspect-ratio\"><div class=\"wp-block-embed__wrapper\">\n<iframe loading=\"lazy\" title=\"PROBLEMAS CON DINERO. 4\u00ba PRIMARIA\" width=\"640\" height=\"480\" src=\"https:\/\/www.youtube.com\/embed\/9pFoZmlrrU0?feature=oembed\" frameborder=\"0\" allow=\"accelerometer; autoplay; clipboard-write; encrypted-media; gyroscope; picture-in-picture; web-share\" referrerpolicy=\"strict-origin-when-cross-origin\" allowfullscreen><\/iframe>\n<\/div><\/figure>\n","protected":false},"excerpt":{"rendered":"<p>PARA EMPEZAR Y AYUDARNOS A LO LARGO DEL TEMA&#8230; EL RELOJ DIGITAL Y EL ANAL\u00d3GICO HORAS, MINUTOS Y SEGUNDOS UNIDADES DE TIEMPO PROBLEMAS CON UNIDADES DE TIEMPO PROBLEMAS CON DINERO (EUROS)<\/p>\n","protected":false},"author":77,"featured_media":0,"parent":622,"menu_order":8,"comment_status":"closed","ping_status":"closed","template":"","meta":{"footnotes":""},"class_list":["post-3817","page","type-page","status-publish","hentry"],"jetpack_sharing_enabled":true,"_links":{"self":[{"href":"https:\/\/blogs.smbosque.es\/raullopez\/wp-json\/wp\/v2\/pages\/3817","targetHints":{"allow":["GET"]}}],"collection":[{"href":"https:\/\/blogs.smbosque.es\/raullopez\/wp-json\/wp\/v2\/pages"}],"about":[{"href":"https:\/\/blogs.smbosque.es\/raullopez\/wp-json\/wp\/v2\/types\/page"}],"author":[{"embeddable":true,"href":"https:\/\/blogs.smbosque.es\/raullopez\/wp-json\/wp\/v2\/users\/77"}],"replies":[{"embeddable":true,"href":"https:\/\/blogs.smbosque.es\/raullopez\/wp-json\/wp\/v2\/comments?post=3817"}],"version-history":[{"count":19,"href":"https:\/\/blogs.smbosque.es\/raullopez\/wp-json\/wp\/v2\/pages\/3817\/revisions"}],"predecessor-version":[{"id":3861,"href":"https:\/\/blogs.smbosque.es\/raullopez\/wp-json\/wp\/v2\/pages\/3817\/revisions\/3861"}],"up":[{"embeddable":true,"href":"https:\/\/blogs.smbosque.es\/raullopez\/wp-json\/wp\/v2\/pages\/622"}],"wp:attachment":[{"href":"https:\/\/blogs.smbosque.es\/raullopez\/wp-json\/wp\/v2\/media?parent=3817"}],"curies":[{"name":"wp","href":"https:\/\/api.w.org\/{rel}","templated":true}]}}