{"id":3829,"date":"2022-03-21T14:26:50","date_gmt":"2022-03-21T13:26:50","guid":{"rendered":"https:\/\/blogs.smbosque.es\/raullopez\/?page_id=3829"},"modified":"2022-03-22T14:01:50","modified_gmt":"2022-03-22T13:01:50","slug":"unidad-3-las-plantas","status":"publish","type":"page","link":"https:\/\/blogs.smbosque.es\/raullopez\/4o-e-p\/natu\/unidad-3-las-plantas\/","title":{"rendered":"Unidad 3 &#8211; Las plantas"},"content":{"rendered":"\n<p><strong>LAS PARTES DE LA PLANTA<\/strong><\/p>\n\n\n\n<figure class=\"wp-block-embed is-type-video is-provider-youtube wp-block-embed-youtube wp-embed-aspect-16-9 wp-has-aspect-ratio\"><div class=\"wp-block-embed__wrapper\">\n<iframe loading=\"lazy\" title=\"La planta y sus partes para ni\u00f1os - Ciencias naturales para ni\u00f1os\" width=\"640\" height=\"360\" src=\"https:\/\/www.youtube.com\/embed\/wBjaQuyMr18?feature=oembed\" frameborder=\"0\" allow=\"accelerometer; autoplay; clipboard-write; encrypted-media; gyroscope; picture-in-picture; web-share\" referrerpolicy=\"strict-origin-when-cross-origin\" allowfullscreen><\/iframe>\n<\/div><\/figure>\n\n\n\n<figure class=\"wp-block-image\"><img decoding=\"async\" src=\"https:\/\/th.bing.com\/th\/id\/R.c2ea5708cecd93d4e95259b692027047?rik=i58g9XtjXdnXgA&amp;riu=http%3a%2f%2f4.bp.blogspot.com%2f-85UijzIxRHQ%2fTg9QLnV_AbI%2fAAAAAAAAALY%2fyOmML20mzpo%2fs1600%2fPlanta.jpg&amp;ehk=5NIYLObz3JRWB%2bSA8FLujhGjxxXI04tpoCOqEExjM%2fU%3d&amp;risl=&amp;pid=ImgRaw&amp;r=0\" alt=\"Ver las im\u00e1genes de origen\" \/><\/figure>\n\n\n\n<p><strong>NUTRICI\u00d3N Y FOTOS\u00cdNTESIS<\/strong><\/p>\n\n\n\n<figure class=\"wp-block-embed is-type-video is-provider-youtube wp-block-embed-youtube wp-embed-aspect-4-3 wp-has-aspect-ratio\"><div class=\"wp-block-embed__wrapper\">\n<iframe loading=\"lazy\" title=\"La Eduteca - Las plantas: nutrici\u00f3n y fotos\u00edntesis\" width=\"640\" height=\"480\" src=\"https:\/\/www.youtube.com\/embed\/npNCzchvXTQ?start=193&#038;feature=oembed\" frameborder=\"0\" allow=\"accelerometer; autoplay; clipboard-write; encrypted-media; gyroscope; picture-in-picture; web-share\" referrerpolicy=\"strict-origin-when-cross-origin\" allowfullscreen><\/iframe>\n<\/div><\/figure>\n\n\n\n<figure class=\"wp-block-image\"><img decoding=\"async\" src=\"https:\/\/th.bing.com\/th\/id\/R.def19c65fab0398edbd03c6a0bab0931?rik=31r%2flp%2f7mB114A&amp;riu=http%3a%2f%2f1.bp.blogspot.com%2f-tyaxidvU_dI%2fVldtxbxuHuI%2fAAAAAAAAAHE%2fuHi-2l88ITc%2fs1600%2ffotosintesis.jpg&amp;ehk=gfQ0mmRgm8m51FcyYVWp9l5qSSp9FilL7PfUDc2aD6o%3d&amp;risl=&amp;pid=ImgRaw&amp;r=0\" alt=\"Ver las im\u00e1genes de origen\" \/><\/figure>\n\n\n\n<figure class=\"wp-block-image\"><img decoding=\"async\" src=\"https:\/\/files.liveworksheets.com\/def_files\/2021\/1\/17\/10117161715176923\/10117161715176923001.jpg\" alt=\"Ver las im\u00e1genes de origen\" \/><\/figure>\n\n\n\n<figure class=\"wp-block-image\"><img decoding=\"async\" src=\"https:\/\/th.bing.com\/th\/id\/R.b0bcdc6b9e0e3fcc58bb62cfa8079034?rik=VjYG7eq5Lb1NRA&amp;riu=http%3a%2f%2fcmapspublic2.ihmc.us%2fservlet%2fSBReadResourceServlet%3frid%3d1382231563721_828465572_52265&amp;ehk=M1oVpaXltUxWiJj2JAtDiSJWTf%2byUek8qVtKUKGmmz8%3d&amp;risl=&amp;pid=ImgRaw&amp;r=0\" alt=\"Ver las im\u00e1genes de origen\" \/><\/figure>\n\n\n\n<p><strong>NUTRICI\u00d3N Y RELACI\u00d3N DE LAS PLANTAS<\/strong><\/p>\n\n\n\n<figure class=\"wp-block-embed is-type-video is-provider-youtube wp-block-embed-youtube wp-embed-aspect-16-9 wp-has-aspect-ratio\"><div class=\"wp-block-embed__wrapper\">\n<iframe loading=\"lazy\" title=\"Las Plantas | Nutrici\u00f3n y Relaci\u00f3n | Aula chachi - V\u00eddeos educativos para ni\u00f1os\" width=\"640\" height=\"360\" src=\"https:\/\/www.youtube.com\/embed\/BczsT-o6a_4?feature=oembed\" frameborder=\"0\" allow=\"accelerometer; autoplay; clipboard-write; encrypted-media; gyroscope; picture-in-picture; web-share\" referrerpolicy=\"strict-origin-when-cross-origin\" allowfullscreen><\/iframe>\n<\/div><\/figure>\n\n\n\n<figure class=\"wp-block-embed is-type-video is-provider-youtube wp-block-embed-youtube wp-embed-aspect-16-9 wp-has-aspect-ratio\"><div class=\"wp-block-embed__wrapper\">\n<iframe loading=\"lazy\" title=\"La alimentaci\u00f3n y respiraci\u00f3n de las plantas\" width=\"640\" height=\"360\" src=\"https:\/\/www.youtube.com\/embed\/Bf5-ihq1uGM?feature=oembed\" frameborder=\"0\" allow=\"accelerometer; autoplay; clipboard-write; encrypted-media; gyroscope; picture-in-picture; web-share\" referrerpolicy=\"strict-origin-when-cross-origin\" allowfullscreen><\/iframe>\n<\/div><\/figure>\n\n\n\n<figure class=\"wp-block-embed is-type-video is-provider-youtube wp-block-embed-youtube wp-embed-aspect-16-9 wp-has-aspect-ratio\"><div class=\"wp-block-embed__wrapper\">\n<iframe loading=\"lazy\" title=\"\u00bfPor d\u00f3nde y c\u00f3mo RESPIRAN las PLANTAS?\ud83c\udf31\" width=\"640\" height=\"360\" src=\"https:\/\/www.youtube.com\/embed\/6ydBdxd4J_o?feature=oembed\" frameborder=\"0\" allow=\"accelerometer; autoplay; clipboard-write; encrypted-media; gyroscope; picture-in-picture; web-share\" referrerpolicy=\"strict-origin-when-cross-origin\" allowfullscreen><\/iframe>\n<\/div><\/figure>\n\n\n\n<p><strong>REPRODUCCI\u00d3N SEXUAL DE LAS PLANTAS<\/strong><\/p>\n\n\n\n<figure class=\"wp-block-embed is-type-video is-provider-youtube wp-block-embed-youtube wp-embed-aspect-4-3 wp-has-aspect-ratio\"><div class=\"wp-block-embed__wrapper\">\n<iframe loading=\"lazy\" title=\"La Eduteca - La reproducci\u00f3n sexual de las plantas\" width=\"640\" height=\"480\" src=\"https:\/\/www.youtube.com\/embed\/fvyUvcRwX0E?start=325&#038;feature=oembed\" frameborder=\"0\" allow=\"accelerometer; autoplay; clipboard-write; encrypted-media; gyroscope; picture-in-picture; web-share\" referrerpolicy=\"strict-origin-when-cross-origin\" allowfullscreen><\/iframe>\n<\/div><\/figure>\n\n\n\n<figure class=\"wp-block-embed is-type-video is-provider-youtube wp-block-embed-youtube wp-embed-aspect-16-9 wp-has-aspect-ratio\"><div class=\"wp-block-embed__wrapper\">\n<iframe loading=\"lazy\" title=\"Reproduccion sexual de las plantas\" width=\"640\" height=\"360\" src=\"https:\/\/www.youtube.com\/embed\/6UFBFWTx-JI?feature=oembed\" frameborder=\"0\" allow=\"accelerometer; autoplay; clipboard-write; encrypted-media; gyroscope; picture-in-picture; web-share\" referrerpolicy=\"strict-origin-when-cross-origin\" allowfullscreen><\/iframe>\n<\/div><\/figure>\n\n\n\n<figure class=\"wp-block-embed is-type-video is-provider-youtube wp-block-embed-youtube wp-embed-aspect-16-9 wp-has-aspect-ratio\"><div class=\"wp-block-embed__wrapper\">\n<iframe loading=\"lazy\" title=\"Reproducci\u00f3n sexual en plantas\" width=\"640\" height=\"360\" src=\"https:\/\/www.youtube.com\/embed\/TRb0I9DjB4Q?feature=oembed\" frameborder=\"0\" allow=\"accelerometer; autoplay; clipboard-write; encrypted-media; gyroscope; picture-in-picture; web-share\" referrerpolicy=\"strict-origin-when-cross-origin\" allowfullscreen><\/iframe>\n<\/div><\/figure>\n\n\n\n<figure class=\"wp-block-image\"><img decoding=\"async\" src=\"https:\/\/arc-anglerfish-arc2-prod-abccolor.s3.amazonaws.com\/public\/ENOCD2UDKVF3PCNEA5HXSFN7EU.jpg\" alt=\"Ver las im\u00e1genes de origen\" \/><\/figure>\n\n\n\n<figure class=\"wp-block-image\"><img decoding=\"async\" src=\"https:\/\/th.bing.com\/th\/id\/R.a4abfc8e8252c2a9c6f1ea92c4b61eac?rik=%2biEbU1nnIDQYyw&amp;riu=http%3a%2f%2f1.bp.blogspot.com%2f-f7hcNF74oCU%2fUOShrhe0Q9I%2fAAAAAAAADh4%2fhQmWRQkc7I4%2fs1600%2freproducci%c3%b3n%2bsexual%2bde%2blas%2bplantas.jpg&amp;ehk=GmSBhSspNdeaOCF7yTw3gAotDsQVfnhZgfQnqdyeUr4%3d&amp;risl=&amp;pid=ImgRaw&amp;r=0\" alt=\"Ver las im\u00e1genes de origen\" \/><\/figure>\n\n\n\n<figure class=\"wp-block-image\"><img decoding=\"async\" src=\"https:\/\/image.isu.pub\/171206121444-f692f2b67cf9b3ed5d772eb55a100273\/jpg\/page_1.jpg\" alt=\"Ver las im\u00e1genes de origen\" \/><\/figure>\n\n\n\n<p><strong>REPRODUCCI\u00d3N ASEXUAL DE LAS PLANTAS<\/strong><\/p>\n\n\n\n<figure class=\"wp-block-embed is-type-video is-provider-youtube wp-block-embed-youtube wp-embed-aspect-16-9 wp-has-aspect-ratio\"><div class=\"wp-block-embed__wrapper\">\n<iframe loading=\"lazy\" title=\"Reproduccion asexual en plantas\" width=\"640\" height=\"360\" src=\"https:\/\/www.youtube.com\/embed\/PXG8h3kbFq0?feature=oembed\" frameborder=\"0\" allow=\"accelerometer; autoplay; clipboard-write; encrypted-media; gyroscope; picture-in-picture; web-share\" referrerpolicy=\"strict-origin-when-cross-origin\" allowfullscreen><\/iframe>\n<\/div><\/figure>\n\n\n\n<figure class=\"wp-block-image\"><img decoding=\"async\" src=\"https:\/\/1.bp.blogspot.com\/-eU92ydl-umM\/WhbxGQcjhDI\/AAAAAAAABEo\/2KXtxzIODV43_IY23fIq-0r02i3tfO6oQCLcBGAs\/s1600\/reproduccic3b3n-asexual-en-las-plantas.jpg\" alt=\"Ver las im\u00e1genes de origen\" \/><\/figure>\n\n\n\n<p><strong>VAMOS A CURIOSEAR LAS PLANTAS<\/strong><\/p>\n\n\n\n<figure class=\"wp-block-embed is-type-video is-provider-youtube wp-block-embed-youtube wp-embed-aspect-16-9 wp-has-aspect-ratio\"><div class=\"wp-block-embed__wrapper\">\n<iframe loading=\"lazy\" title=\"Curiosidades de las Plantas | Videos Educativos para Ni\u00f1os.\" width=\"640\" height=\"360\" src=\"https:\/\/www.youtube.com\/embed\/GIdzNQqsr74?feature=oembed\" frameborder=\"0\" allow=\"accelerometer; autoplay; clipboard-write; encrypted-media; gyroscope; picture-in-picture; web-share\" referrerpolicy=\"strict-origin-when-cross-origin\" allowfullscreen><\/iframe>\n<\/div><\/figure>\n","protected":false},"excerpt":{"rendered":"<p>LAS PARTES DE LA PLANTA NUTRICI\u00d3N Y FOTOS\u00cdNTESIS NUTRICI\u00d3N Y RELACI\u00d3N DE LAS PLANTAS REPRODUCCI\u00d3N SEXUAL DE LAS PLANTAS REPRODUCCI\u00d3N ASEXUAL DE LAS PLANTAS VAMOS A CURIOSEAR LAS PLANTAS<\/p>\n","protected":false},"author":77,"featured_media":0,"parent":628,"menu_order":3,"comment_status":"closed","ping_status":"closed","template":"","meta":{"footnotes":""},"class_list":["post-3829","page","type-page","status-publish","hentry"],"jetpack_sharing_enabled":true,"_links":{"self":[{"href":"https:\/\/blogs.smbosque.es\/raullopez\/wp-json\/wp\/v2\/pages\/3829","targetHints":{"allow":["GET"]}}],"collection":[{"href":"https:\/\/blogs.smbosque.es\/raullopez\/wp-json\/wp\/v2\/pages"}],"about":[{"href":"https:\/\/blogs.smbosque.es\/raullopez\/wp-json\/wp\/v2\/types\/page"}],"author":[{"embeddable":true,"href":"https:\/\/blogs.smbosque.es\/raullopez\/wp-json\/wp\/v2\/users\/77"}],"replies":[{"embeddable":true,"href":"https:\/\/blogs.smbosque.es\/raullopez\/wp-json\/wp\/v2\/comments?post=3829"}],"version-history":[{"count":20,"href":"https:\/\/blogs.smbosque.es\/raullopez\/wp-json\/wp\/v2\/pages\/3829\/revisions"}],"predecessor-version":[{"id":3851,"href":"https:\/\/blogs.smbosque.es\/raullopez\/wp-json\/wp\/v2\/pages\/3829\/revisions\/3851"}],"up":[{"embeddable":true,"href":"https:\/\/blogs.smbosque.es\/raullopez\/wp-json\/wp\/v2\/pages\/628"}],"wp:attachment":[{"href":"https:\/\/blogs.smbosque.es\/raullopez\/wp-json\/wp\/v2\/media?parent=3829"}],"curies":[{"name":"wp","href":"https:\/\/api.w.org\/{rel}","templated":true}]}}