{"id":891,"date":"2020-04-04T11:33:51","date_gmt":"2020-04-04T09:33:51","guid":{"rendered":"http:\/\/blogs.smbosque.es\/raullopez\/?page_id=891"},"modified":"2022-09-02T20:26:37","modified_gmt":"2022-09-02T18:26:37","slug":"plastica-4ob","status":"publish","type":"page","link":"https:\/\/blogs.smbosque.es\/raullopez\/4o-e-p\/plastica-4ob\/","title":{"rendered":"Pl\u00e1stica 4\u00baB"},"content":{"rendered":"\n<p>\u00a1BUENOS D\u00cdAS ARTISTAS!<\/p>\n\n\n\n<ul class=\"wp-block-list\"><li>Mucha gente se est\u00e1 dedicando en esta cuarentena a potenciar su lado art\u00edstico, pues est\u00e1 demostrado que la m\u00fasica y las artes pl\u00e1sticas son parte elemental de una buena salud mental.<\/li><li>Por eso, siempre os pido que dibuj\u00e9is y en el Blog os intento poner m\u00fasica, para que se\u00e1is felices.<\/li><li>A continuaci\u00f3n, os enlazo con dos p\u00e1ginas web que nos ense\u00f1an interpretaciones de obras de arte por varios artistas. Las cuales las exponen sin gente, tal y como est\u00e1 el mundo hoy d\u00eda ah\u00ed fuera. <br><br><a rel=\"noreferrer noopener\" aria-label=\" (se abre en una nueva pesta\u00f1a)\" href=\"https:\/\/verne.elpais.com\/verne\/2020\/03\/17\/mexico\/1584416235_465546.html\" target=\"_blank\">https:\/\/verne.elpais.com\/verne\/2020\/03\/17\/mexico\/1584416235_465546.html<\/a><br><br><a rel=\"noreferrer noopener\" aria-label=\" (se abre en una nueva pesta\u00f1a)\" href=\"https:\/\/www.cadena100.es\/programas\/buenos-dias-javi-y-mar\/noticias\/varios-artistas-reinterpretan-los-cuadros-clasicos-los-dejan-sin-personajes-principales-20200323_654660\" target=\"_blank\">https:\/\/www.cadena100.es\/programas\/buenos-dias-javi-y-mar\/noticias\/varios-artistas-reinterpretan-los-cuadros-clasicos-los-dejan-sin-personajes-principales-20200323_654660<\/a><\/li><\/ul>\n\n\n\n<ul class=\"wp-block-list\"><li>Siguiendo un poco esta l\u00ednea me gustar\u00eda, dentro de vuestras posibilidades (y de vuestras familias) que os sumaseis al reto que os pongo un poco m\u00e1s abajo. Recrear obras de arte con objetos de casa o incluso con vosotros mismos.<\/li><li>Me gustar\u00eda que buscaseis obras de arte que pod\u00e1is recrear (para eso hay que investigar un poco en Internet) y una vez echas, les hicierais una foto y me lo mand\u00e9is con el t\u00edtulo de la obra que representa.<\/li><li>Para que os quede m\u00e1s claro, meteos en los siguientes enlaces.<br><br><a rel=\"noreferrer noopener\" aria-label=\" (se abre en una nueva pesta\u00f1a)\" href=\"https:\/\/www.europapress.es\/desconecta\/curiosity\/noticia-museos-crean-nuevo-challenge-recrear-obras-arte-cualquier-objeto-casa-20200331120607.html\" target=\"_blank\">https:\/\/www.europapress.es\/desconecta\/curiosity\/noticia-museos-crean-nuevo-challenge-recrear-obras-arte-cualquier-objeto-casa-20200331120607.html<\/a><br><br><a rel=\"noreferrer noopener\" aria-label=\" (se abre en una nueva pesta\u00f1a)\" href=\"https:\/\/www.trendencias.com\/arte\/recrear-obras-arte-que-tengamos-casa-reto-que-gioconda-lechera-vermeer-ahora-puedes-ser-tu\" target=\"_blank\">https:\/\/www.trendencias.com\/arte\/recrear-obras-arte-que-tengamos-casa-reto-que-gioconda-lechera-vermeer-ahora-puedes-ser-tu<\/a><\/li><\/ul>\n\n\n\n<ul class=\"wp-block-list\"><li>Adem\u00e1s de esto, os dejo un enlace de cositas que pod\u00e9is tambi\u00e9n hacer.<br><br><a rel=\"noreferrer noopener\" aria-label=\" (se abre en una nueva pesta\u00f1a)\" href=\"https:\/\/saposyprincesas.elmundo.es\/ocio-en-casa\/juegos-para-ninos\/juegos-de-arte-faciles-ninos\/\" target=\"_blank\">https:\/\/saposyprincesas.elmundo.es\/ocio-en-casa\/juegos-para-ninos\/juegos-de-arte-faciles-ninos\/<\/a><\/li><\/ul>\n\n\n\n<ul class=\"wp-block-list\"><li>Os advierto que de momento el \u00c1rea de Pl\u00e1stica lo evaluar\u00e9 con todas aquellas aportaciones CREATIVAS que vosotr@s me aport\u00e9is, pues en estos momentos no quiero obligaros a hacer unas determinadas cosas. S\u00e9 que os gusta dibujar, hacer manualidades, fotos, etc. as\u00ed que sois libres para enviarme al correo electr\u00f3nico todas aquellas creaciones art\u00edsticas que se\u00e1is capaces de elaborar.<\/li><\/ul>\n\n\n\n<ul class=\"wp-block-list\"><li>Finalmente, os pongo un par de enlaces que nos llevan a Museos en los que pod\u00e9is ver visitas virtuales.<br><br><a rel=\"noreferrer noopener\" aria-label=\" (se abre en una nueva pesta\u00f1a)\" href=\"https:\/\/www.centrobotin.org\/tour_virtual\/calder\/index.php?l=es?l=es&amp;utm_source=twitter&amp;utm_medium=social&amp;utm_campaign=redes2020\" target=\"_blank\">Tour Virtual por Calder Stories<\/a> <br><br><a rel=\"noreferrer noopener\" aria-label=\" (se abre en una nueva pesta\u00f1a)\" href=\"https:\/\/tapasmagazine.es\/museos-para-visitar-sin-salir-de-casa-durante-la-cuarentena-del-coronavirus\/\" target=\"_blank\">Museos para visitar sin salir de casa durante la cuarentena del coronavirus<\/a> <\/li><\/ul>\n\n\n\n<p><\/p>\n","protected":false},"excerpt":{"rendered":"<p>\u00a1BUENOS D\u00cdAS ARTISTAS! Mucha gente se est\u00e1 dedicando en esta cuarentena a potenciar su lado art\u00edstico, pues est\u00e1 demostrado que la m\u00fasica y las artes pl\u00e1sticas son parte elemental de una buena salud mental. Por eso, siempre os pido que &hellip; <a href=\"https:\/\/blogs.smbosque.es\/raullopez\/4o-e-p\/plastica-4ob\/\">Sigue leyendo <span class=\"meta-nav\">&rarr;<\/span><\/a><\/p>\n","protected":false},"author":77,"featured_media":0,"parent":3863,"menu_order":5,"comment_status":"closed","ping_status":"closed","template":"","meta":{"footnotes":""},"class_list":["post-891","page","type-page","status-publish","hentry"],"jetpack_sharing_enabled":true,"_links":{"self":[{"href":"https:\/\/blogs.smbosque.es\/raullopez\/wp-json\/wp\/v2\/pages\/891","targetHints":{"allow":["GET"]}}],"collection":[{"href":"https:\/\/blogs.smbosque.es\/raullopez\/wp-json\/wp\/v2\/pages"}],"about":[{"href":"https:\/\/blogs.smbosque.es\/raullopez\/wp-json\/wp\/v2\/types\/page"}],"author":[{"embeddable":true,"href":"https:\/\/blogs.smbosque.es\/raullopez\/wp-json\/wp\/v2\/users\/77"}],"replies":[{"embeddable":true,"href":"https:\/\/blogs.smbosque.es\/raullopez\/wp-json\/wp\/v2\/comments?post=891"}],"version-history":[{"count":15,"href":"https:\/\/blogs.smbosque.es\/raullopez\/wp-json\/wp\/v2\/pages\/891\/revisions"}],"predecessor-version":[{"id":909,"href":"https:\/\/blogs.smbosque.es\/raullopez\/wp-json\/wp\/v2\/pages\/891\/revisions\/909"}],"up":[{"embeddable":true,"href":"https:\/\/blogs.smbosque.es\/raullopez\/wp-json\/wp\/v2\/pages\/3863"}],"wp:attachment":[{"href":"https:\/\/blogs.smbosque.es\/raullopez\/wp-json\/wp\/v2\/media?parent=891"}],"curies":[{"name":"wp","href":"https:\/\/api.w.org\/{rel}","templated":true}]}}