{"id":344,"date":"2020-03-20T12:03:22","date_gmt":"2020-03-20T12:03:22","guid":{"rendered":"http:\/\/blogs.smbosque.es\/tecnologias\/?page_id=344"},"modified":"2020-04-06T11:58:04","modified_gmt":"2020-04-06T11:58:04","slug":"2o-bachillerato","status":"publish","type":"page","link":"https:\/\/blogs.smbosque.es\/tecnologias\/2o-bachillerato\/","title":{"rendered":"2\u00ba Bachillerato"},"content":{"rendered":"\n<p>Hola\nChicos\u2026!!!espero y deseo que todos os encontr\u00e9is bien, ya queda menos, bueno\n\u2026vamos a intentar instalar una aplicaci\u00f3n para poder hacer un v\u00eddeo utilizando\nfotos, la aplicaci\u00f3n se llama Windows Movie Maker, os voy a ir explicando de\nforma muy clara los pasos, venga esto es un reto\u2026<\/p>\n\n\n\n<p>1.- Abro\nmi navegador\u2026Google, Mozilla, Internet Explorer, o cualquier otro\u2026<\/p>\n\n\n\n<p>2.- Escribo: descargar Windows Movie Maker y aparecer\u00e1n\u2026un monton\u2026por ejemplo cogemos una, os dejo el link, para que todos usemos el mismo:<\/p>\n\n\n\n<p>www.topwin-movie-maker.com\/es\/dowload.html<\/p>\n\n\n\n<p>Me aparece esta ventana:<\/p>\n\n\n\n<figure class=\"wp-block-image size-large\"><img loading=\"lazy\" decoding=\"async\" width=\"364\" height=\"371\" src=\"https:\/\/blogs.smbosque.es\/tecnologias\/files\/2020\/04\/image-1.png\" alt=\"\" class=\"wp-image-379\" srcset=\"https:\/\/blogs.smbosque.es\/tecnologias\/files\/2020\/04\/image-1.png 364w, https:\/\/blogs.smbosque.es\/tecnologias\/files\/2020\/04\/image-1-294x300.png 294w\" sizes=\"auto, (max-width: 364px) 100vw, 364px\" \/><\/figure>\n\n\n\n<p>Como pod\u00e9is ver, los dos rect\u00e1ngulos azules me dicen que haga la descarga, seg\u00fan la versi\u00f3n que quiera, elegimos Windows movie maker classic, si mi pc tiene otro sistema operativo, elijo la que corresponda, \u00a0cuando hago una descarga el fichero descargado se guarda en la carpeta de descargas\u2026 all\u00ed encontrar\u00e9 un fichero que se llamar\u00e1&#8230; Windows-movie-maker-new-multi.exe (seg\u00fan se descarga me fijo en el nombre, para luego buscarlo en la carpeta de descargas) una vez descargado lo ejecutar\u00e9, aparecer\u00e1 este mensaje:<\/p>\n\n\n\n<figure class=\"wp-block-image size-large\"><img loading=\"lazy\" decoding=\"async\" width=\"280\" height=\"202\" src=\"https:\/\/blogs.smbosque.es\/tecnologias\/files\/2020\/04\/image-2.png\" alt=\"\" class=\"wp-image-380\"\/><\/figure>\n\n\n\n<p>Elijo el idioma y le doy a descargar, (aunque ya lo he descargado, debe necesitar hacer otra descarga) si os fij\u00e1is debajo pone \u201cclick para instalar\u201d.<\/p>\n\n\n\n<figure class=\"wp-block-image size-large\"><img loading=\"lazy\" decoding=\"async\" width=\"381\" height=\"231\" src=\"https:\/\/blogs.smbosque.es\/tecnologias\/files\/2020\/04\/image-5.png\" alt=\"\" class=\"wp-image-383\" srcset=\"https:\/\/blogs.smbosque.es\/tecnologias\/files\/2020\/04\/image-5.png 381w, https:\/\/blogs.smbosque.es\/tecnologias\/files\/2020\/04\/image-5-300x182.png 300w\" sizes=\"auto, (max-width: 381px) 100vw, 381px\" \/><\/figure>\n\n\n\n<p>Al terminar la instalaci\u00f3n, nos ofrece este mensaje:<\/p>\n\n\n\n<figure class=\"wp-block-image size-large\"><img loading=\"lazy\" decoding=\"async\" width=\"305\" height=\"181\" src=\"https:\/\/blogs.smbosque.es\/tecnologias\/files\/2020\/04\/image-4.png\" alt=\"\" class=\"wp-image-382\" srcset=\"https:\/\/blogs.smbosque.es\/tecnologias\/files\/2020\/04\/image-4.png 305w, https:\/\/blogs.smbosque.es\/tecnologias\/files\/2020\/04\/image-4-300x178.png 300w\" sizes=\"auto, (max-width: 305px) 100vw, 305px\" \/><\/figure>\n\n\n\n<p>Si empiezo, se cargar\u00e1 el programa y listo para trabajar, me ofrece un peque\u00f1o tutorial, para iniciar sucesivas lo hago desde el icono creado en el escritorio.<\/p>\n\n\n\n<figure class=\"wp-block-image size-large\"><img loading=\"lazy\" decoding=\"async\" width=\"88\" height=\"94\" src=\"https:\/\/blogs.smbosque.es\/tecnologias\/files\/2020\/04\/image-6.png\" alt=\"\" class=\"wp-image-384\"\/><\/figure>\n\n\n\n<p>Ya lo\ntenemos, pues ahora deb\u00e9is pensar en un tema para realizar un v\u00eddeo recopilando\nfotos, de internet o si ya ten\u00e9is en vuestro pc fotos relacionadas con un tema aprovech\u00e1is\npara hacer un v\u00eddeo, no tienen porque ser fotos personales.<\/p>\n\n\n\n<p>Este es el link del un tutorial de c\u00f3mo usar esta aplicaci\u00f3n, es muy sencilla y bastante intuitiva.<\/p>\n\n\n\n<p><a href=\"https:\/\/www.movie-zilla.org\/Window-Movie-Maker-Manual\/full-feature-mode-quick-start.html?lang=es\">https:\/\/www.movie-zilla.org\/Window-Movie-Maker-Manual\/full-feature-mode-quick-start.html?lang=es<\/a><\/p>\n\n\n\n<p>El\n\u00faltimo d\u00eda de clase es el jueves, por tanto el jueves d\u00eda 2\/4\/2020, me enviais\nun correo dici\u00e9ndome si lo hab\u00e9is instalado y sobre qu\u00e9 tema vais hacer el\nv\u00eddeo, <\/p>\n\n\n\n<p>Recibir\ntodos un abrazo virtual, Rosa<\/p>\n\n\n\n<p><strong>ALUMNOS DE 2\u00ba\nBachillerato A y B (d\u00eda 17\/3\/2020)<\/strong><\/p>\n\n\n\n<p>Hola chicos\u2026!!mis alumnos de\nTIIIICCC!!!, espero que todos est\u00e9is bien y cumpliendo las recomendaciones de\nlas autoridades sanitarias, que son los que saben de esto, vamos a seguir\ntrabajando casi como lo hac\u00edamos cuando estamos en el cole, seguiremos con\nSketchup, para 2B empezaremos.<\/p>\n\n\n\n<p>Deber\u00e1 instalarse una aplicaci\u00f3n,\nla misma que usamos en el centro, para poder trabajar el tema 6 del libro,\ncreaci\u00f3n de dise\u00f1o por ordenador, se env\u00eda abajo del documento Word, con las\nexplicaciones para hacerlo y un link para acceder a la instalaci\u00f3n Sketchup de una\nversi\u00f3n determinada.<\/p>\n\n\n\n<p>Deber\u00e9is realizar un objeto a\ntama\u00f1o real, en primer lugar tomar las medidas del objeto a construir (muy\nimportante), despu\u00e9s dibujarlo o cr\u00e9alo con la aplicaci\u00f3n y el resultado debe\nser id\u00e9ntico a la realidad.<\/p>\n\n\n\n<p>&nbsp;Los alumnos de 2\u00ba Bachillerato A ya lo\niniciaron, en este caso, con los objetos de la clase para luego exportar y unir\ntodos los objetos en un fichero y obtener la clase tal y como es, ya se lo\nenviaron a sus correos por tanto una vez descargada la aplicaci\u00f3n pueden\ncontinuar trabajando.<\/p>\n\n\n\n<p>En el\ncaso de los alumnos de 2\u00ba Bachillerato B, deber\u00e1n hacerlo con un objeto de su\ncasa (preferiblemente de su cuarto), el que ellos elijan, debe tener cierta\ndificultad.<\/p>\n\n\n\n<p>La\nversi\u00f3n que os vais a instalar, quiz\u00e1 no sea la misma que la del cole, pero\npodemos trabajar perfectamente en ella.<\/p>\n\n\n\n<p><\/p>\n\n\n\n<p><\/p>\n","protected":false},"excerpt":{"rendered":"<p>Hola Chicos\u2026!!!espero y deseo que todos os encontr\u00e9is bien, ya queda menos, bueno \u2026vamos a intentar instalar una aplicaci\u00f3n para poder hacer un v\u00eddeo utilizando fotos, la aplicaci\u00f3n se llama Windows Movie Maker, os voy a ir explicando de forma &hellip; <a href=\"https:\/\/blogs.smbosque.es\/tecnologias\/2o-bachillerato\/\">Sigue leyendo <span class=\"meta-nav\">&rarr;<\/span><\/a><\/p>\n","protected":false},"author":17,"featured_media":0,"parent":0,"menu_order":0,"comment_status":"closed","ping_status":"closed","template":"","meta":{"footnotes":""},"class_list":["post-344","page","type-page","status-publish","hentry"],"_links":{"self":[{"href":"https:\/\/blogs.smbosque.es\/tecnologias\/wp-json\/wp\/v2\/pages\/344","targetHints":{"allow":["GET"]}}],"collection":[{"href":"https:\/\/blogs.smbosque.es\/tecnologias\/wp-json\/wp\/v2\/pages"}],"about":[{"href":"https:\/\/blogs.smbosque.es\/tecnologias\/wp-json\/wp\/v2\/types\/page"}],"author":[{"embeddable":true,"href":"https:\/\/blogs.smbosque.es\/tecnologias\/wp-json\/wp\/v2\/users\/17"}],"replies":[{"embeddable":true,"href":"https:\/\/blogs.smbosque.es\/tecnologias\/wp-json\/wp\/v2\/comments?post=344"}],"version-history":[{"count":2,"href":"https:\/\/blogs.smbosque.es\/tecnologias\/wp-json\/wp\/v2\/pages\/344\/revisions"}],"predecessor-version":[{"id":385,"href":"https:\/\/blogs.smbosque.es\/tecnologias\/wp-json\/wp\/v2\/pages\/344\/revisions\/385"}],"wp:attachment":[{"href":"https:\/\/blogs.smbosque.es\/tecnologias\/wp-json\/wp\/v2\/media?parent=344"}],"curies":[{"name":"wp","href":"https:\/\/api.w.org\/{rel}","templated":true}]}}