{"id":359,"date":"2020-03-23T18:15:25","date_gmt":"2020-03-23T18:15:25","guid":{"rendered":"http:\/\/blogs.smbosque.es\/tecnologias\/?page_id=359"},"modified":"2020-03-23T19:27:55","modified_gmt":"2020-03-23T19:27:55","slug":"4o-eso","status":"publish","type":"page","link":"https:\/\/blogs.smbosque.es\/tecnologias\/4o-eso\/","title":{"rendered":"4\u00ba ESO"},"content":{"rendered":"\n<p><strong>RECOMENDACIONES\nPARA EL TRABAJO DE WORD\u2026<\/strong><\/p>\n\n\n\n<p>Hola\nchicos\u2026! Espero que todos sig\u00e1is bien y adem\u00e1s cumpliendo la cuarentena que los\nentendidos nos dicen que hay hacer.<\/p>\n\n\n\n<p>Bueno\nquer\u00eda daros unos consejos para el trabajo, ya s\u00e9 que ahora mismo no os falta\nmaterial para hacer algo sobre el coronavirus, podr\u00edais llenar hojas haciendo\ncopia y pega, pero no es eso lo que quiero, me gustar\u00eda que seleccionarais la\ninformaci\u00f3n la mas representativa, y a ser posible que la entendamos\nf\u00e1cilmente. Os hago una peque\u00f1a gu\u00eda:<\/p>\n\n\n\n<ul class=\"wp-block-list\"><li>Explicar\nen qu\u00e9 consiste el test del coronavirus. En un peri\u00f3dico digital me encontr\u00e9\ncon unos esquemas muy claritos explicando en qu\u00e9 consiste el test del coronavirus.<\/li><li>\u00bfCambiar\u00e1\no deber\u00eda cambiar algo en nuestra sociedad despu\u00e9s de la pandemia del\ncoronavirus?<\/li><li>Comparativa\nde pa\u00edses: casos, muertes, medidas aplicadas.<\/li><li>Medidas\ntomadas para combatirlo.<\/li><li>Colectivos\nimplicados para abordar la pandemia en nuestros pa\u00eds.<\/li><li>\u00bfC\u00f3mo\nafecta esta pandemia a la econom\u00eda? Estamos hoy capacitados para hacer esa\nvaloraci\u00f3n? <\/li><li>\u00bfSe\nest\u00e1 trabajando para buscar una soluci\u00f3n?<\/li><\/ul>\n\n\n\n<p>Espero que estos puntos os ayuden a concretar un poco el trabajo, si ya ten\u00e9is algo hecho tratar de comprobar si recog\u00e9is estos puntos.<\/p>\n\n\n\n<p>Hola chicos, como hab\u00edamos terminado la presentaci\u00f3n power point,\no quiz\u00e1 os quedaba muy poco, ya la entregar\u00e9is el primer d\u00eda al volver al cole,\nen alg\u00fan grupo ya empec\u00e9 pero en cualquiera de los casos, solo dimos una clase,\npor tanto para que no est\u00e9is demasiado aburridos, creo que vamos hacer un\nrepaso con Word, vais a crea un documento Word con las siguientes\ncaracter\u00edsticas:<\/p>\n\n\n\n<p><strong>Tema: Coronavirus<\/strong><\/p>\n\n\n\n<p><strong>Caracter\u00edsticas del\ntexto: <\/strong><\/p>\n\n\n\n<p>Tipo de letra: Garamond, tama\u00f1o: 12, sangr\u00eda: primera fila,\n(1,00 cm), interlineado: 1,5, alineaci\u00f3n: justificada.<\/p>\n\n\n\n<p>El documento debe tener m\u00e1ximo 10 folios, m\u00ednimo 8, debe\ntener m\u00ednimo 6 fotos, debe incluir encabezado y n\u00famero de p\u00e1gina, tambi\u00e9n debe\nincluir una tabla, el contenido de las celdas debe estar centrado, la tabla\ndebe tener borde y el encabezado en color (tomar como ejemplo la de este\nejercicio.<\/p>\n\n\n\n<p>El documento debe ser nombrado de la siguiente forma:\nApellido-Nombre<\/p>\n\n\n\n<p><strong>Criterios de\ncalificaci\u00f3n: <\/strong><\/p>\n\n\n\n<figure class=\"wp-block-table\"><table class=\"\"><tbody><tr><td>\n  <strong>Criterios de calificaci\u00f3n<\/strong>\n  <\/td><\/tr><tr><td>\n  <strong>Criterio<\/strong>\n  <\/td><td>\n  <strong>Explicaci\u00f3n<\/strong>\n  <\/td><td>\n  <strong>Calificaci\u00f3n<\/strong>\n  <\/td><\/tr><tr><td>\n  Caracter\u00edsticas del texto\n  <\/td><td>\n  Cada una de las\n  caracter\u00edsticas 0,4 puntos\n  <\/td><td>\n  2 puntos\n  <\/td><\/tr><tr><td>\n  N\u00ba folios\n  <\/td><td>\n  &nbsp;\n  <\/td><td>\n  1 punto\n  <\/td><\/tr><tr><td>\n  Fotos\n  <\/td><td>\n  &nbsp;\n  <\/td><td>\n  1 punto\n  <\/td><\/tr><tr><td>\n  Encabezado y n\u00famero de\n  p\u00e1gina\n  <\/td><td>\n  0,5 cada uno\n  <\/td><td>\n  1 punto\n  <\/td><\/tr><tr><td>\n  N\u00famero de folios\n  <\/td><td>\n  &nbsp;\n  <\/td><td>\n  1 punto\n  <\/td><\/tr><tr><td>\n  Tabla\n  <\/td><td>\n  Cada una de las\n  caracter\u00edsticas 1 punto\n  <\/td><td>\n  3 puntos\n  <\/td><\/tr><tr><td>\n  Nombre del fichero\n  <\/td><td>\n  &nbsp;\n  <\/td><td>\n  1 punto\n  <\/td><\/tr><tr><td>\n  TOTAL \n  <\/td><td>\n  &nbsp;\n  <\/td><td>\n  10 puntos\n  <\/td><\/tr><\/tbody><\/table><\/figure>\n","protected":false},"excerpt":{"rendered":"<p>RECOMENDACIONES PARA EL TRABAJO DE WORD\u2026 Hola chicos\u2026! Espero que todos sig\u00e1is bien y adem\u00e1s cumpliendo la cuarentena que los entendidos nos dicen que hay hacer. Bueno quer\u00eda daros unos consejos para el trabajo, ya s\u00e9 que ahora mismo no &hellip; <a href=\"https:\/\/blogs.smbosque.es\/tecnologias\/4o-eso\/\">Sigue leyendo <span class=\"meta-nav\">&rarr;<\/span><\/a><\/p>\n","protected":false},"author":17,"featured_media":243,"parent":0,"menu_order":0,"comment_status":"closed","ping_status":"closed","template":"","meta":{"footnotes":""},"class_list":["post-359","page","type-page","status-publish","has-post-thumbnail","hentry"],"_links":{"self":[{"href":"https:\/\/blogs.smbosque.es\/tecnologias\/wp-json\/wp\/v2\/pages\/359","targetHints":{"allow":["GET"]}}],"collection":[{"href":"https:\/\/blogs.smbosque.es\/tecnologias\/wp-json\/wp\/v2\/pages"}],"about":[{"href":"https:\/\/blogs.smbosque.es\/tecnologias\/wp-json\/wp\/v2\/types\/page"}],"author":[{"embeddable":true,"href":"https:\/\/blogs.smbosque.es\/tecnologias\/wp-json\/wp\/v2\/users\/17"}],"replies":[{"embeddable":true,"href":"https:\/\/blogs.smbosque.es\/tecnologias\/wp-json\/wp\/v2\/comments?post=359"}],"version-history":[{"count":1,"href":"https:\/\/blogs.smbosque.es\/tecnologias\/wp-json\/wp\/v2\/pages\/359\/revisions"}],"predecessor-version":[{"id":360,"href":"https:\/\/blogs.smbosque.es\/tecnologias\/wp-json\/wp\/v2\/pages\/359\/revisions\/360"}],"wp:featuredmedia":[{"embeddable":true,"href":"https:\/\/blogs.smbosque.es\/tecnologias\/wp-json\/wp\/v2\/media\/243"}],"wp:attachment":[{"href":"https:\/\/blogs.smbosque.es\/tecnologias\/wp-json\/wp\/v2\/media?parent=359"}],"curies":[{"name":"wp","href":"https:\/\/api.w.org\/{rel}","templated":true}]}}